{"id":1046,"date":"2025-08-06T08:26:27","date_gmt":"2025-08-06T08:26:27","guid":{"rendered":"https:\/\/dorukcbm.com\/?page_id=1046"},"modified":"2025-08-18T11:24:29","modified_gmt":"2025-08-18T11:24:29","slug":"vc","status":"publish","type":"page","link":"https:\/\/dorukcbm.com\/?page_id=1046","title":{"rendered":"VibChecker"},"content":{"rendered":"\t\t<div data-elementor-type=\"wp-page\" data-elementor-id=\"1046\" class=\"elementor elementor-1046\" data-elementor-post-type=\"page\">\n\t\t\t\t<div data-ekitparallax=\"{&quot;ekit_section_parallax_bg&quot;:&quot;yes&quot;,&quot;ekit_section_parallax_bg_speed&quot;:0.5,&quot;elementor_lazy_load&quot;:&quot;1&quot;}\" class=\"elementor-element elementor-element-2ef15df6 e-con-full e-flex e-con e-parent\" data-id=\"2ef15df6\" data-element_type=\"container\" data-e-type=\"container\" data-settings=\"{&quot;background_background&quot;:&quot;classic&quot;,&quot;background_motion_fx_motion_fx_scrolling&quot;:&quot;yes&quot;,&quot;background_motion_fx_scale_effect&quot;:&quot;yes&quot;,&quot;background_motion_fx_scale_direction&quot;:&quot;out-in&quot;,&quot;background_motion_fx_scale_speed&quot;:{&quot;unit&quot;:&quot;px&quot;,&quot;size&quot;:4,&quot;sizes&quot;:[]},&quot;background_motion_fx_scale_range&quot;:{&quot;unit&quot;:&quot;%&quot;,&quot;size&quot;:&quot;&quot;,&quot;sizes&quot;:{&quot;start&quot;:20,&quot;end&quot;:80}},&quot;background_motion_fx_devices&quot;:[&quot;desktop&quot;,&quot;tablet&quot;,&quot;mobile&quot;],&quot;ekit_has_onepagescroll_dot&quot;:&quot;yes&quot;}\">\n\t\t\t\t<\/div>\n\t\t<div class=\"elementor-element elementor-element-79b1fab6 e-flex e-con-boxed e-con e-parent\" data-id=\"79b1fab6\" data-element_type=\"container\" data-e-type=\"container\" data-settings=\"{&quot;ekit_has_onepagescroll_dot&quot;:&quot;yes&quot;}\">\n\t\t\t\t\t<div class=\"e-con-inner\">\n\t\t<div class=\"elementor-element elementor-element-10fd7b10 e-con-full e-flex e-con e-child\" data-id=\"10fd7b10\" data-element_type=\"container\" data-e-type=\"container\" data-settings=\"{&quot;ekit_has_onepagescroll_dot&quot;:&quot;yes&quot;}\">\n\t\t\t\t<div class=\"elementor-element elementor-element-5906c549 elementor-widget elementor-widget-elementskit-heading\" data-id=\"5906c549\" data-element_type=\"widget\" data-e-type=\"widget\" data-settings=\"{&quot;ekit_we_effect_on&quot;:&quot;none&quot;}\" data-widget_type=\"elementskit-heading.default\">\n\t\t\t\t<div class=\"elementor-widget-container\">\n\t\t\t\t\t<div class=\"ekit-wid-con\" ><div class=\"ekit-heading elementskit-section-title-wraper text_left   ekit_heading_tablet-   ekit_heading_mobile-\"><h2 class=\"ekit-heading--title elementskit-section-title \">VibChecker ile titre\u015fim izleme<\/h2>\t\t\t\t<div class='ekit-heading__description'>\n\t\t\t\t\t<p>Titre\u015fim izleme, uygun maliyetli bir kestirimci bak\u0131m stratejisidir. Titre\u015fim seviyesindeki de\u011fi\u015fiklikler her zaman \u00e7al\u0131\u015fma ko\u015fullar\u0131nda de\u011fi\u015fiklikler anlam\u0131na gelir, ancak \u00e7o\u011fu durumda titre\u015fim \u00f6l\u00e7\u00fcm\u00fc, makine hasar g\u00f6rmeden \u00e7ok \u00f6nce bir sorunu tespit edebilir. Fanlar, motorlar, pompalar, kompres\u00f6rler ve di\u011fer d\u00f6nen end\u00fcstriyel makinelerde d\u00fczenli titre\u015fim \u00f6l\u00e7\u00fcmleri yapmak, makine par\u00e7alar\u0131n\u0131n erken de\u011fi\u015ftirilmesini \u00f6nlemeye ve ar\u0131za s\u00fcresini en aza indirmeye yard\u0131mc\u0131 olabilir.<\/p>\n<p>\u00a0<\/p>\n<p>Makine titre\u015fimi, end\u00fcstriyel ekipmanlardaki bir\u00e7ok sorunun nedenidir. Normal bak\u0131m faaliyetlerinize entegre edildi\u011finde, VibChecker ile periyodik titre\u015fim \u00f6l\u00e7\u00fcm\u00fc, ekipman\u0131n\u0131z\u0131n \u00e7al\u0131\u015f\u0131r durumda kalmas\u0131na b\u00fcy\u00fck \u00f6l\u00e7\u00fcde yard\u0131mc\u0131 olacakt\u0131r.<\/p>\n\t\t\t\t<\/div>\n\t\t\t<\/div><\/div>\t\t\t\t<\/div>\n\t\t\t\t<\/div>\n\t\t\t\t<div class=\"elementor-element elementor-element-5f38d035 ekit-equal-height-disable elementor-widget elementor-widget-elementskit-icon-box\" data-id=\"5f38d035\" data-element_type=\"widget\" data-e-type=\"widget\" data-settings=\"{&quot;ekit_we_effect_on&quot;:&quot;none&quot;}\" data-widget_type=\"elementskit-icon-box.default\">\n\t\t\t\t<div class=\"elementor-widget-container\">\n\t\t\t\t\t<div class=\"ekit-wid-con\" >        <!-- link opening -->\n                <a href=\"#\" class=\"ekit_global_links\">\n                <!-- end link opening -->\n\n        <div class=\"elementskit-infobox text- text-left icon-lef-right-aligin elementor-animation- media  \">\n                            <div class=\"elementskit-box-header\">\n                <div class=\"elementskit-info-box-icon text-center\">\n                    <img decoding=\"async\" src=\"\" title=\"\" alt=\"\" class=\"\" \/>                <\/div>\n          <\/div>\n                <div class=\"box-body\">\n                            <h3 class=\"elementskit-info-box-title\">\n                    Titre\u015fim \u00f6l\u00e7\u00fcm\u00fc a\u015fa\u011f\u0131dakilerin erken tespitini sa\u011flar:                <\/h3>\n                        \t\t  \t<p>-Dengesizlik<br>\n-Hizas\u0131zl\u0131k<br>\n-Gev\u015feklik<br>\n-Di\u015fli uyumu<br><br>\nHem yeni hem de deneyimli kullan\u0131c\u0131lar i\u00e7in uygun olan VibChecker, kestirimci bak\u0131mda temel titre\u015fim izleme ihtiya\u00e7lar\u0131n\u0131 kar\u015f\u0131lar. H\u0131zl\u0131 ve do\u011fru yerinde titre\u015fim kontrolleri i\u00e7in tasarlanan VibChecker, herkes i\u00e7in ekonomik olarak uygulanabilir proaktif bir bak\u0131m yakla\u015f\u0131m\u0131 sunar.\n<br><br>\nVibChecker cihaz\u0131, \u00e7e\u015fitli end\u00fcstriyel ortamlarda elektrik motorlar\u0131, fanlar ve pompalar gibi \u00e7o\u011fu d\u00f6ner makine t\u00fcr\u00fcndeki titre\u015fim seviyelerini etkili bir \u015fekilde izlemek i\u00e7in kullan\u0131labilir.<\/p>\n                                <\/div>\n        \n        \n                <\/div>\n                <\/a>\n        <\/div>\t\t\t\t<\/div>\n\t\t\t\t<\/div>\n\t\t\t\t<\/div>\n\t\t<div class=\"elementor-element elementor-element-4df9dbc8 e-con-full e-flex e-con e-child\" data-id=\"4df9dbc8\" data-element_type=\"container\" data-e-type=\"container\" data-settings=\"{&quot;ekit_has_onepagescroll_dot&quot;:&quot;yes&quot;}\">\n\t\t\t\t<div class=\"elementor-element elementor-element-4caa1694 elementor-widget elementor-widget-image\" data-id=\"4caa1694\" data-element_type=\"widget\" data-e-type=\"widget\" data-settings=\"{&quot;ekit_we_effect_on&quot;:&quot;none&quot;}\" data-widget_type=\"image.default\">\n\t\t\t\t<div class=\"elementor-widget-container\">\n\t\t\t\t\t\t\t\t\t\t\t\t\t\t\t<img fetchpriority=\"high\" decoding=\"async\" width=\"800\" height=\"522\" src=\"https:\/\/dorukcbm.com\/wp-content\/uploads\/2025\/08\/vctraffic-1024x668.jpg\" class=\"attachment-large size-large wp-image-1094\" alt=\"\" srcset=\"https:\/\/dorukcbm.com\/wp-content\/uploads\/2025\/08\/vctraffic-1024x668.jpg 1024w, https:\/\/dorukcbm.com\/wp-content\/uploads\/2025\/08\/vctraffic-300x196.jpg 300w, https:\/\/dorukcbm.com\/wp-content\/uploads\/2025\/08\/vctraffic-768x501.jpg 768w, https:\/\/dorukcbm.com\/wp-content\/uploads\/2025\/08\/vctraffic-1536x1002.jpg 1536w, https:\/\/dorukcbm.com\/wp-content\/uploads\/2025\/08\/vctraffic.jpg 1584w\" sizes=\"(max-width: 800px) 100vw, 800px\" \/>\t\t\t\t\t\t\t\t\t\t\t\t\t\t\t<\/div>\n\t\t\t\t<\/div>\n\t\t\t\t<\/div>\n\t\t\t\t\t<\/div>\n\t\t\t\t<\/div>\n\t\t<div class=\"elementor-element elementor-element-ca5ac9c e-flex e-con-boxed e-con e-parent\" data-id=\"ca5ac9c\" data-element_type=\"container\" data-e-type=\"container\" data-settings=\"{&quot;ekit_has_onepagescroll_dot&quot;:&quot;yes&quot;}\">\n\t\t\t\t\t<div class=\"e-con-inner\">\n\t\t\t\t<div class=\"elementor-element elementor-element-2e31637 elementor-widget elementor-widget-video\" data-id=\"2e31637\" data-element_type=\"widget\" data-e-type=\"widget\" data-settings=\"{&quot;youtube_url&quot;:&quot;https:\\\/\\\/www.youtube.com\\\/watch?v=tBITBZhgcFY&quot;,&quot;video_type&quot;:&quot;youtube&quot;,&quot;controls&quot;:&quot;yes&quot;,&quot;ekit_we_effect_on&quot;:&quot;none&quot;}\" data-widget_type=\"video.default\">\n\t\t\t\t<div class=\"elementor-widget-container\">\n\t\t\t\t\t\t\t<div class=\"elementor-wrapper elementor-open-inline\">\n\t\t\t<div class=\"elementor-video\"><\/div>\t\t<\/div>\n\t\t\t\t\t\t<\/div>\n\t\t\t\t<\/div>\n\t\t\t\t\t<\/div>\n\t\t\t\t<\/div>\n\t\t<div class=\"elementor-element elementor-element-6bffa703 e-flex e-con-boxed e-con e-parent\" data-id=\"6bffa703\" data-element_type=\"container\" data-e-type=\"container\" data-settings=\"{&quot;ekit_has_onepagescroll_dot&quot;:&quot;yes&quot;}\">\n\t\t\t\t\t<div class=\"e-con-inner\">\n\t\t<div class=\"elementor-element elementor-element-5b364e52 e-con-full e-grid e-con e-child\" data-id=\"5b364e52\" data-element_type=\"container\" data-e-type=\"container\" data-settings=\"{&quot;ekit_has_onepagescroll_dot&quot;:&quot;yes&quot;}\">\n\t\t\t\t<div class=\"elementor-element elementor-element-235f13d3 ekit-equal-height-disable elementor-widget elementor-widget-elementskit-icon-box\" data-id=\"235f13d3\" data-element_type=\"widget\" data-e-type=\"widget\" data-settings=\"{&quot;ekit_we_effect_on&quot;:&quot;none&quot;}\" data-widget_type=\"elementskit-icon-box.default\">\n\t\t\t\t<div class=\"elementor-widget-container\">\n\t\t\t\t\t<div class=\"ekit-wid-con\" >        <!-- link opening -->\n                <!-- end link opening -->\n\n        <div class=\"elementskit-infobox text-left text-left icon-top-align elementor-animation-   \">\n                    <div class=\"elementskit-box-header elementor-animation-\">\n                <div class=\"elementskit-info-box-icon  \">\n                    <svg aria-hidden=\"true\" class=\"elementkit-infobox-icon e-font-icon-svg e-fas-user-friends\" viewBox=\"0 0 640 512\" xmlns=\"http:\/\/www.w3.org\/2000\/svg\"><path d=\"M192 256c61.9 0 112-50.1 112-112S253.9 32 192 32 80 82.1 80 144s50.1 112 112 112zm76.8 32h-8.3c-20.8 10-43.9 16-68.5 16s-47.6-6-68.5-16h-8.3C51.6 288 0 339.6 0 403.2V432c0 26.5 21.5 48 48 48h288c26.5 0 48-21.5 48-48v-28.8c0-63.6-51.6-115.2-115.2-115.2zM480 256c53 0 96-43 96-96s-43-96-96-96-96 43-96 96 43 96 96 96zm48 32h-3.8c-13.9 4.8-28.6 8-44.2 8s-30.3-3.2-44.2-8H432c-20.4 0-39.2 5.9-55.7 15.4 24.4 26.3 39.7 61.2 39.7 99.8v38.4c0 2.2-.5 4.3-.6 6.4H592c26.5 0 48-21.5 48-48 0-61.9-50.1-112-112-112z\"><\/path><\/svg>\n                <\/div>\n          <\/div>\n                        <div class=\"box-body\">\n                            <h3 class=\"elementskit-info-box-title\">\n                    Kullan\u0131c\u0131 dostu                <\/h3>\n                        \t\t  \t<p>Bak\u0131m teknisyenleri, \u00f6zel bir e\u011fitim almadan titre\u015fim verilerini \u00f6l\u00e7ebilir, analiz edebilir ve kaydedebilir; bu veriler sezgisel ye\u015fil-sar\u0131-k\u0131rm\u0131z\u0131 \u015fiddet dereceleriyle sunulur.<\/p>\n                                <\/div>\n        \n        \n                <\/div>\n        <\/div>\t\t\t\t<\/div>\n\t\t\t\t<\/div>\n\t\t\t\t<div class=\"elementor-element elementor-element-149a64d0 ekit-equal-height-disable elementor-widget elementor-widget-elementskit-icon-box\" data-id=\"149a64d0\" data-element_type=\"widget\" data-e-type=\"widget\" data-settings=\"{&quot;ekit_we_effect_on&quot;:&quot;none&quot;}\" data-widget_type=\"elementskit-icon-box.default\">\n\t\t\t\t<div class=\"elementor-widget-container\">\n\t\t\t\t\t<div class=\"ekit-wid-con\" >        <!-- link opening -->\n                <!-- end link opening -->\n\n        <div class=\"elementskit-infobox text-left text-left icon-top-align elementor-animation-   \">\n                    <div class=\"elementskit-box-header elementor-animation-\">\n                <div class=\"elementskit-info-box-icon  \">\n                    <i aria-hidden=\"true\" class=\"elementkit-infobox-icon icon icon-brain\"><\/i>\n                <\/div>\n          <\/div>\n                        <div class=\"box-body\">\n                            <h3 class=\"elementskit-info-box-title\">\n                    Titre\u015fim \u00f6l\u00e7\u00fcm\u00fc                <\/h3>\n                        \t\t  \t<p>VibChecker, dahili bir prob veya harici d\u00f6n\u00fc\u015ft\u00fcr\u00fcc\u00fc kullanarak, RMS titre\u015fim seviyelerini h\u0131z, yer de\u011fi\u015ftirme ve ivme birimleri olarak ve ayr\u0131ca ISO 2372\/10816'ya g\u00f6re titre\u015fim \u015fiddetini \u00f6l\u00e7er.<\/p>\n                                <\/div>\n        \n        \n                <\/div>\n        <\/div>\t\t\t\t<\/div>\n\t\t\t\t<\/div>\n\t\t\t\t<div class=\"elementor-element elementor-element-8b8329b ekit-equal-height-disable elementor-widget elementor-widget-elementskit-icon-box\" data-id=\"8b8329b\" data-element_type=\"widget\" data-e-type=\"widget\" data-settings=\"{&quot;ekit_we_effect_on&quot;:&quot;none&quot;}\" data-widget_type=\"elementskit-icon-box.default\">\n\t\t\t\t<div class=\"elementor-widget-container\">\n\t\t\t\t\t<div class=\"ekit-wid-con\" >        <!-- link opening -->\n                <!-- end link opening -->\n\n        <div class=\"elementskit-infobox text-left text-left icon-top-align elementor-animation-   \">\n                    <div class=\"elementskit-box-header elementor-animation-\">\n                <div class=\"elementskit-info-box-icon  \">\n                    <svg aria-hidden=\"true\" class=\"elementkit-infobox-icon e-font-icon-svg e-fas-hard-hat\" viewBox=\"0 0 512 512\" xmlns=\"http:\/\/www.w3.org\/2000\/svg\"><path d=\"M480 288c0-80.25-49.28-148.92-119.19-177.62L320 192V80a16 16 0 0 0-16-16h-96a16 16 0 0 0-16 16v112l-40.81-81.62C81.28 139.08 32 207.75 32 288v64h448zm16 96H16a16 16 0 0 0-16 16v32a16 16 0 0 0 16 16h480a16 16 0 0 0 16-16v-32a16 16 0 0 0-16-16z\"><\/path><\/svg>\n                <\/div>\n          <\/div>\n                        <div class=\"box-body\">\n                            <h3 class=\"elementskit-info-box-title\">\n                    Sa\u011flam tasar\u0131m                <\/h3>\n                        \t\t  \t<p>IP65 s\u0131n\u0131f\u0131ndaki VibChecker, \u00e7o\u011fu end\u00fcstride kar\u015f\u0131la\u015f\u0131lan \u00e7evre ko\u015fullar\u0131 alt\u0131nda pompalar, di\u015fli kutular\u0131 ve fanlar gibi makinelerdeki titre\u015fim seviyelerini kontrol etmek i\u00e7in kullan\u0131labilir.<\/p>\n                                <\/div>\n        \n        \n                <\/div>\n        <\/div>\t\t\t\t<\/div>\n\t\t\t\t<\/div>\n\t\t\t\t<\/div>\n\t\t\t\t\t<\/div>\n\t\t\t\t<\/div>\n\t\t<div class=\"elementor-element elementor-element-2dbb5319 e-flex e-con-boxed e-con e-parent\" data-id=\"2dbb5319\" data-element_type=\"container\" data-e-type=\"container\" data-settings=\"{&quot;ekit_has_onepagescroll_dot&quot;:&quot;yes&quot;}\">\n\t\t\t\t\t<div class=\"e-con-inner\">\n\t\t\t\t<div class=\"elementor-element elementor-element-6acd8a73 elementor-widget elementor-widget-elementskit-heading\" data-id=\"6acd8a73\" data-element_type=\"widget\" data-e-type=\"widget\" data-settings=\"{&quot;ekit_we_effect_on&quot;:&quot;none&quot;}\" data-widget_type=\"elementskit-heading.default\">\n\t\t\t\t<div class=\"elementor-widget-container\">\n\t\t\t\t\t<div class=\"ekit-wid-con\" ><div class=\"ekit-heading elementskit-section-title-wraper text_center   ekit_heading_tablet-   ekit_heading_mobile-\"><h2 class=\"ekit-heading--title elementskit-section-title \">D\u00f6k\u00fcmanlar<\/h2><\/div><\/div>\t\t\t\t<\/div>\n\t\t\t\t<\/div>\n\t\t<div class=\"elementor-element elementor-element-4de43e11 e-con-full e-grid e-con e-child\" data-id=\"4de43e11\" data-element_type=\"container\" data-e-type=\"container\" data-settings=\"{&quot;ekit_has_onepagescroll_dot&quot;:&quot;yes&quot;}\">\n\t\t\t\t<div class=\"elementor-element elementor-element-772d65fb elementor-widget elementor-widget-elementskit-team\" data-id=\"772d65fb\" data-element_type=\"widget\" data-e-type=\"widget\" data-settings=\"{&quot;ekit_we_effect_on&quot;:&quot;none&quot;}\" data-widget_type=\"elementskit-team.default\">\n\t\t\t\t<div class=\"elementor-widget-container\">\n\t\t\t\t\t<div class=\"ekit-wid-con\">\n\t\t\t\t\t\t\t\t\t\t\t\t\t\t\t\t\t\t\t <div class=\"image-card-v2 style-circle\"> \t\t\t\t\t<div class=\"profile-image-card elementor-animation- ekit-team-img ekit-team-style-overlay_circle_hover text-center\">\n\n\t\t\t\t\t\t\t\t\t\t\t\t\t<img decoding=\"async\" width=\"410\" height=\"339\" src=\"https:\/\/dorukcbm.com\/wp-content\/uploads\/2025\/08\/bcCat.jpg\" class=\"attachment-full size-full wp-image-1023\" alt=\"\" srcset=\"https:\/\/dorukcbm.com\/wp-content\/uploads\/2025\/08\/bcCat.jpg 410w, https:\/\/dorukcbm.com\/wp-content\/uploads\/2025\/08\/bcCat-300x248.jpg 300w\" sizes=\"(max-width: 410px) 100vw, 410px\" \/>\t\t\t\t\t\t\t\t\t\t\t\t<div class=\"hover-area\">\n\t\t\t\t\t\t\t<div class=\"profile-body\">\n\t\t\t\t\t\t\t\t<h2 class=\"profile-title\">\n\t\t\t\t\t\t\t\t\t\t\t\t\t\t\t\t\tBro\u015f\u00fcr\t\t\t\t\t\t\t\t\t\t\t\t\t\t\t\t<\/h2>\n\t\t\t\t\t\t\t\t<p class=\"profile-designation\">PDF<\/p>\n\t\t\t\t\t\t\t\t\t\t\t\t\t\t\t<\/div>\n\t\t\t\t\t\t\t\t\t\t\t\t\t\t\t<div class=\"profile-footer\">\n\t\t\t\t\t\t\t\t\t<ul class=\"ekit-team-social-list\">\n\t\t\t<li class=\"elementor-repeater-item-c0e1839\">\n\t\t\t<a href=\"https:\/\/dorukcbm.com\/wp-content\/uploads\/2025\/08\/72222B_VC_flyer.pdf\" target=\"_blank\" aria-label=\"download\">\n\t\t\t\t<svg aria-hidden=\"true\" class=\"e-font-icon-svg e-far-arrow-alt-circle-down\" viewBox=\"0 0 512 512\" xmlns=\"http:\/\/www.w3.org\/2000\/svg\"><path d=\"M256 8C119 8 8 119 8 256s111 248 248 248 248-111 248-248S393 8 256 8zm0 448c-110.5 0-200-89.5-200-200S145.5 56 256 56s200 89.5 200 200-89.5 200-200 200zm-32-316v116h-67c-10.7 0-16 12.9-8.5 20.5l99 99c4.7 4.7 12.3 4.7 17 0l99-99c7.6-7.6 2.2-20.5-8.5-20.5h-67V140c0-6.6-5.4-12-12-12h-40c-6.6 0-12 5.4-12 12z\"><\/path><\/svg>\t\t\t<\/a>\n\t\t<\/li>\n\t<\/ul>\n\t\t\t\t\t\t\t\t<\/div>\n\t\t\t\t\t\t\t\t\t\t\t\t\t<\/div>\n\t\t\t\t\t<\/div>\n\t\t\t\t\t <\/div> \n\t\t\t\t\n\t\t\t\t<\/div>\t\t\t\t<\/div>\n\t\t\t\t<\/div>\n\t\t\t\t<div class=\"elementor-element elementor-element-12f26313 elementor-widget elementor-widget-elementskit-team\" data-id=\"12f26313\" data-element_type=\"widget\" data-e-type=\"widget\" data-settings=\"{&quot;ekit_we_effect_on&quot;:&quot;none&quot;}\" data-widget_type=\"elementskit-team.default\">\n\t\t\t\t<div class=\"elementor-widget-container\">\n\t\t\t\t\t<div class=\"ekit-wid-con\">\n\t\t\t\t\t\t\t\t\t\t\t\t\t\t\t\t\t\t\t <div class=\"image-card-v2 style-circle\"> \t\t\t\t\t<div class=\"profile-image-card elementor-animation- ekit-team-img ekit-team-style-overlay_circle_hover text-center\">\n\n\t\t\t\t\t\t\t\t\t\t\t\t\t<img decoding=\"async\" width=\"410\" height=\"339\" src=\"https:\/\/dorukcbm.com\/wp-content\/uploads\/2025\/08\/bcCat.jpg\" class=\"attachment-full size-full wp-image-1023\" alt=\"\" srcset=\"https:\/\/dorukcbm.com\/wp-content\/uploads\/2025\/08\/bcCat.jpg 410w, https:\/\/dorukcbm.com\/wp-content\/uploads\/2025\/08\/bcCat-300x248.jpg 300w\" sizes=\"(max-width: 410px) 100vw, 410px\" \/>\t\t\t\t\t\t\t\t\t\t\t\t<div class=\"hover-area\">\n\t\t\t\t\t\t\t<div class=\"profile-body\">\n\t\t\t\t\t\t\t\t<h2 class=\"profile-title\">\n\t\t\t\t\t\t\t\t\t\t\t\t\t\t\t\t\tDataSheet\t\t\t\t\t\t\t\t\t\t\t\t\t\t\t\t<\/h2>\n\t\t\t\t\t\t\t\t<p class=\"profile-designation\">PDF<\/p>\n\t\t\t\t\t\t\t\t\t\t\t\t\t\t\t<\/div>\n\t\t\t\t\t\t\t\t\t\t\t\t\t\t\t<div class=\"profile-footer\">\n\t\t\t\t\t\t\t\t\t<ul class=\"ekit-team-social-list\">\n\t\t\t<li class=\"elementor-repeater-item-c0e1839\">\n\t\t\t<a href=\"https:\/\/dorukcbm.com\/wp-content\/uploads\/2025\/08\/TD555B.pdf\" target=\"_blank\" aria-label=\"download\">\n\t\t\t\t<svg aria-hidden=\"true\" class=\"e-font-icon-svg e-far-arrow-alt-circle-down\" viewBox=\"0 0 512 512\" xmlns=\"http:\/\/www.w3.org\/2000\/svg\"><path d=\"M256 8C119 8 8 119 8 256s111 248 248 248 248-111 248-248S393 8 256 8zm0 448c-110.5 0-200-89.5-200-200S145.5 56 256 56s200 89.5 200 200-89.5 200-200 200zm-32-316v116h-67c-10.7 0-16 12.9-8.5 20.5l99 99c4.7 4.7 12.3 4.7 17 0l99-99c7.6-7.6 2.2-20.5-8.5-20.5h-67V140c0-6.6-5.4-12-12-12h-40c-6.6 0-12 5.4-12 12z\"><\/path><\/svg>\t\t\t<\/a>\n\t\t<\/li>\n\t<\/ul>\n\t\t\t\t\t\t\t\t<\/div>\n\t\t\t\t\t\t\t\t\t\t\t\t\t<\/div>\n\t\t\t\t\t<\/div>\n\t\t\t\t\t <\/div> \n\t\t\t\t\n\t\t\t\t<\/div>\t\t\t\t<\/div>\n\t\t\t\t<\/div>\n\t\t\t\t<\/div>\n\t\t\t\t\t<\/div>\n\t\t\t\t<\/div>\n\t\t\t\t<\/div>\n\t\t","protected":false},"excerpt":{"rendered":"<p>VibChecker ile titre\u015fim izleme Titre\u015fim izleme, uygun maliyetli bir kestirimci bak\u0131m stratejisidir. Titre\u015fim seviyesindeki de\u011fi\u015fiklikler her zaman \u00e7al\u0131\u015fma ko\u015fullar\u0131nda de\u011fi\u015fiklikler anlam\u0131na gelir, ancak \u00e7o\u011fu durumda titre\u015fim \u00f6l\u00e7\u00fcm\u00fc, makine hasar g\u00f6rmeden \u00e7ok \u00f6nce bir sorunu tespit edebilir. Fanlar, motorlar, pompalar, kompres\u00f6rler ve di\u011fer d\u00f6nen end\u00fcstriyel makinelerde d\u00fczenli titre\u015fim \u00f6l\u00e7\u00fcmleri yapmak, makine par\u00e7alar\u0131n\u0131n erken de\u011fi\u015ftirilmesini \u00f6nlemeye ve [&hellip;]<\/p>\n","protected":false},"author":1,"featured_media":0,"parent":0,"menu_order":0,"comment_status":"closed","ping_status":"closed","template":"","meta":{"footnotes":""},"class_list":["post-1046","page","type-page","status-publish","hentry"],"_links":{"self":[{"href":"https:\/\/dorukcbm.com\/index.php?rest_route=\/wp\/v2\/pages\/1046","targetHints":{"allow":["GET"]}}],"collection":[{"href":"https:\/\/dorukcbm.com\/index.php?rest_route=\/wp\/v2\/pages"}],"about":[{"href":"https:\/\/dorukcbm.com\/index.php?rest_route=\/wp\/v2\/types\/page"}],"author":[{"embeddable":true,"href":"https:\/\/dorukcbm.com\/index.php?rest_route=\/wp\/v2\/users\/1"}],"replies":[{"embeddable":true,"href":"https:\/\/dorukcbm.com\/index.php?rest_route=%2Fwp%2Fv2%2Fcomments&post=1046"}],"version-history":[{"count":0,"href":"https:\/\/dorukcbm.com\/index.php?rest_route=\/wp\/v2\/pages\/1046\/revisions"}],"wp:attachment":[{"href":"https:\/\/dorukcbm.com\/index.php?rest_route=%2Fwp%2Fv2%2Fmedia&parent=1046"}],"curies":[{"name":"wp","href":"https:\/\/api.w.org\/{rel}","templated":true}]}}