{"id":1113,"date":"2025-08-17T13:04:39","date_gmt":"2025-08-17T13:04:39","guid":{"rendered":"https:\/\/dorukcbm.com\/?page_id=1113"},"modified":"2025-08-17T20:00:45","modified_gmt":"2025-08-17T20:00:45","slug":"stroboskop","status":"publish","type":"page","link":"https:\/\/dorukcbm.com\/?page_id=1113","title":{"rendered":"Stroboskop"},"content":{"rendered":"\t\t<div data-elementor-type=\"wp-page\" data-elementor-id=\"1113\" class=\"elementor elementor-1113\" data-elementor-post-type=\"page\">\n\t\t\t\t<div class=\"elementor-element elementor-element-8e7cc42 e-flex e-con-boxed e-con e-parent\" data-id=\"8e7cc42\" data-element_type=\"container\" data-e-type=\"container\" data-settings=\"{&quot;ekit_has_onepagescroll_dot&quot;:&quot;yes&quot;}\">\n\t\t\t\t\t<div class=\"e-con-inner\">\n\t\t<div class=\"elementor-element elementor-element-508d894 e-con-full e-flex e-con e-child\" data-id=\"508d894\" data-element_type=\"container\" data-e-type=\"container\" data-settings=\"{&quot;ekit_has_onepagescroll_dot&quot;:&quot;yes&quot;}\">\n\t\t\t\t<div class=\"elementor-element elementor-element-e153475 elementor-widget__width-initial elementor-widget elementor-widget-elementskit-heading\" data-id=\"e153475\" data-element_type=\"widget\" data-e-type=\"widget\" data-settings=\"{&quot;ekit_we_effect_on&quot;:&quot;none&quot;}\" data-widget_type=\"elementskit-heading.default\">\n\t\t\t\t<div class=\"elementor-widget-container\">\n\t\t\t\t\t<div class=\"ekit-wid-con\" ><div class=\"ekit-heading elementskit-section-title-wraper text_left   ekit_heading_tablet-   ekit_heading_mobile-\"><h2 class=\"ekit-heading--title elementskit-section-title \"><span>spm stroboskop<\/span> <\/h2>\t\t\t\t<div class='ekit-heading__description'>\n\t\t\t\t\t<p>Stroboskop 18432, d\u00f6n\u00fc\u015f h\u0131z\u0131n\u0131n temass\u0131z \u00f6l\u00e7\u00fcm\u00fc ve h\u0131zl\u0131, tekrarlayan hareketlerin, hareketli bile\u015fenlerin veya elle\u00e7lenen malzemelerin g\u00f6zlemlenmesi i\u00e7in idealdir.<\/p>\n<p>18432, bir\u00e7ok i\u015flevi olmas\u0131na ra\u011fmen kullan\u0131m\u0131 kolay, geli\u015fmi\u015f bir stroboskoptur. Stroboskop m\u00fckemmel parlakl\u0131k, sa\u011flam yap\u0131 ve ekstra uzun pil \u00f6mr\u00fc sunar. Benzersiz tek dokunu\u015flu joystick tipi d\u00fc\u011fme, h\u0131zl\u0131 kesirli RPM ayar\u0131 i\u00e7in basit kullan\u0131m sa\u011flar.<\/p>\n\t\t\t\t<\/div>\n\t\t\t<\/div><\/div>\t\t\t\t<\/div>\n\t\t\t\t<\/div>\n\t\t\t\t<\/div>\n\t\t<div class=\"elementor-element elementor-element-4a5cab2 e-con-full e-flex e-con e-child\" data-id=\"4a5cab2\" data-element_type=\"container\" data-e-type=\"container\" data-settings=\"{&quot;ekit_has_onepagescroll_dot&quot;:&quot;yes&quot;}\">\n\t\t\t\t<div class=\"elementor-element elementor-element-72e39e4 elementor-widget elementor-widget-image\" data-id=\"72e39e4\" data-element_type=\"widget\" data-e-type=\"widget\" data-settings=\"{&quot;ekit_we_effect_on&quot;:&quot;none&quot;}\" data-widget_type=\"image.default\">\n\t\t\t\t<div class=\"elementor-widget-container\">\n\t\t\t\t\t\t\t\t\t\t\t\t\t\t\t<img fetchpriority=\"high\" decoding=\"async\" width=\"800\" height=\"609\" src=\"https:\/\/dorukcbm.com\/wp-content\/uploads\/2025\/08\/stroboscope_18432_transparent-1024x780.webp\" class=\"attachment-large size-large wp-image-1160\" alt=\"\" srcset=\"https:\/\/dorukcbm.com\/wp-content\/uploads\/2025\/08\/stroboscope_18432_transparent-1024x780.webp 1024w, https:\/\/dorukcbm.com\/wp-content\/uploads\/2025\/08\/stroboscope_18432_transparent-300x229.webp 300w, https:\/\/dorukcbm.com\/wp-content\/uploads\/2025\/08\/stroboscope_18432_transparent-768x585.webp 768w, https:\/\/dorukcbm.com\/wp-content\/uploads\/2025\/08\/stroboscope_18432_transparent-1536x1170.webp 1536w, https:\/\/dorukcbm.com\/wp-content\/uploads\/2025\/08\/stroboscope_18432_transparent-2048x1560.webp 2048w\" sizes=\"(max-width: 800px) 100vw, 800px\" \/>\t\t\t\t\t\t\t\t\t\t\t\t\t\t\t<\/div>\n\t\t\t\t<\/div>\n\t\t\t\t<\/div>\n\t\t\t\t\t<\/div>\n\t\t\t\t<\/div>\n\t\t<div class=\"elementor-element elementor-element-2bd0e56 e-flex e-con-boxed e-con e-parent\" data-id=\"2bd0e56\" data-element_type=\"container\" data-e-type=\"container\" data-settings=\"{&quot;ekit_has_onepagescroll_dot&quot;:&quot;yes&quot;}\">\n\t\t\t\t\t<div class=\"e-con-inner\">\n\t\t<div class=\"elementor-element elementor-element-19fafb6 e-con-full e-flex e-con e-child\" data-id=\"19fafb6\" data-element_type=\"container\" data-e-type=\"container\" data-settings=\"{&quot;ekit_has_onepagescroll_dot&quot;:&quot;yes&quot;}\">\n\t\t\t\t<div class=\"elementor-element elementor-element-3e0980e3 elementor-widget elementor-widget-elementskit-heading\" data-id=\"3e0980e3\" data-element_type=\"widget\" data-e-type=\"widget\" data-settings=\"{&quot;ekit_we_effect_on&quot;:&quot;none&quot;}\" data-widget_type=\"elementskit-heading.default\">\n\t\t\t\t<div class=\"elementor-widget-container\">\n\t\t\t\t\t<div class=\"ekit-wid-con\" ><div class=\"ekit-heading elementskit-section-title-wraper text_left   ekit_heading_tablet-   ekit_heading_mobile-\">\t\t\t\t<div class='ekit-heading__description'>\n\t\t\t\t\t<p>D\u00f6nen veya sal\u0131nan makine bile\u015feni, \u0131\u015f\u0131k fla\u015flar\u0131n\u0131n hareket h\u0131z\u0131na senkronize olarak ayarlanmas\u0131yla bir stop-motion resim olarak g\u00f6rselle\u015ftirilebilir. \u00c7arpan\/b\u00f6l\u00fcc\u00fc fonksiyonu ile hareketin ger\u00e7ek devri veya frekans\u0131 do\u011fru bir \u015fekilde belirlenebilir. Faz kayd\u0131rma fonksiyonu, g\u00f6zlenen bile\u015fenin g\u00f6rsel olarak konumland\u0131r\u0131lmas\u0131n\u0131 ve hareketin tamam\u0131n\u0131n 5\u00b0'lik ad\u0131mlarla kademeli olarak izlenmesini sa\u011flar. Ger\u00e7ek hareket frekans\u0131ndan d\u00fc\u015f\u00fck sapma g\u00f6steren fla\u015f h\u0131z\u0131 sayesinde, hareketin y\u00f6n\u00fc a\u011f\u0131r \u00e7ekim efekti alt\u0131nda g\u00f6zlemlenebilir.<\/p>\n<p>\u00a0<\/p>\n<p>Ergonomik ve hafif (pil dahil 550 g) stroboskop, fla\u015f h\u0131z\u0131na ba\u011fl\u0131 olarak iki saate kadar s\u00fcrekli kullan\u0131m sa\u011flayan \u00e7\u0131kar\u0131labilir ve \u015farj edilebilir bir pil tak\u0131m\u0131na sahiptir ve ta\u015f\u0131nabilir Leonova Diamond ve Emerald Leonova cihazlar\u0131na bir stroboskop kablosuyla ba\u011flanabilir.<\/p>\n\t\t\t\t<\/div>\n\t\t\t<\/div><\/div>\t\t\t\t<\/div>\n\t\t\t\t<\/div>\n\t\t\t\t<div class=\"elementor-element elementor-element-5a34537d ekit-equal-height-disable elementor-widget elementor-widget-elementskit-icon-box\" data-id=\"5a34537d\" data-element_type=\"widget\" data-e-type=\"widget\" data-settings=\"{&quot;ekit_we_effect_on&quot;:&quot;none&quot;}\" data-widget_type=\"elementskit-icon-box.default\">\n\t\t\t\t<div class=\"elementor-widget-container\">\n\t\t\t\t\t<div class=\"ekit-wid-con\" >        <!-- link opening -->\n                <a href=\"#\" class=\"ekit_global_links\">\n                <!-- end link opening -->\n\n        <div class=\"elementskit-infobox text- text-left icon-lef-right-aligin elementor-animation- media  \">\n                            <div class=\"elementskit-box-header\">\n                <div class=\"elementskit-info-box-icon text-center\">\n                    <img decoding=\"async\" src=\"\" title=\"\" alt=\"\" class=\"\" \/>                <\/div>\n          <\/div>\n                <div class=\"box-body\">\n                            <h3 class=\"elementskit-info-box-title\">\n                    \u00d6zellikler                <\/h3>\n                        \t\t  \t<p>Fla\u015f menzili: Dahili mod 100 ila 12.500 fpm, harici\/takometre modu 5,0 ila 12.500 fpm\n<br><br>\nFla\u015f lambas\u0131: Xenon, 150 mJ\/fla\u015f 3.000 fpm'ye kadar,\n7,9 Watt @ 6.000 fpm, kullan\u0131m \u00f6mr\u00fc yakla\u015f\u0131k 100 milyon fla\u015f\n<br><br>Pil tak\u0131m\u0131 ve ta\u015f\u0131ma \u00e7antas\u0131 dahildir<\/p>\n                                <\/div>\n        \n        \n                <\/div>\n                <\/a>\n        <\/div>\t\t\t\t<\/div>\n\t\t\t\t<\/div>\n\t\t\t\t<\/div>\n\t\t<div class=\"elementor-element elementor-element-4b0226da e-con-full e-flex e-con e-child\" data-id=\"4b0226da\" data-element_type=\"container\" data-e-type=\"container\" data-settings=\"{&quot;ekit_has_onepagescroll_dot&quot;:&quot;yes&quot;}\">\n\t\t\t\t<div class=\"elementor-element elementor-element-491843b7 elementor-widget elementor-widget-image\" data-id=\"491843b7\" data-element_type=\"widget\" data-e-type=\"widget\" data-settings=\"{&quot;ekit_we_effect_on&quot;:&quot;none&quot;}\" data-widget_type=\"image.default\">\n\t\t\t\t<div class=\"elementor-widget-container\">\n\t\t\t\t\t\t\t\t\t\t\t\t\t\t\t<img decoding=\"async\" width=\"800\" height=\"469\" src=\"https:\/\/dorukcbm.com\/wp-content\/uploads\/2025\/08\/strobe-1024x600.jpg\" class=\"attachment-large size-large wp-image-1162\" alt=\"\" srcset=\"https:\/\/dorukcbm.com\/wp-content\/uploads\/2025\/08\/strobe-1024x600.jpg 1024w, https:\/\/dorukcbm.com\/wp-content\/uploads\/2025\/08\/strobe-300x176.jpg 300w, https:\/\/dorukcbm.com\/wp-content\/uploads\/2025\/08\/strobe-768x450.jpg 768w, https:\/\/dorukcbm.com\/wp-content\/uploads\/2025\/08\/strobe.jpg 1050w\" sizes=\"(max-width: 800px) 100vw, 800px\" \/>\t\t\t\t\t\t\t\t\t\t\t\t\t\t\t<\/div>\n\t\t\t\t<\/div>\n\t\t\t\t<\/div>\n\t\t\t\t\t<\/div>\n\t\t\t\t<\/div>\n\t\t\t\t<\/div>\n\t\t","protected":false},"excerpt":{"rendered":"<p>spm stroboskop Stroboskop 18432, d\u00f6n\u00fc\u015f h\u0131z\u0131n\u0131n temass\u0131z \u00f6l\u00e7\u00fcm\u00fc ve h\u0131zl\u0131, tekrarlayan hareketlerin, hareketli bile\u015fenlerin veya elle\u00e7lenen malzemelerin g\u00f6zlemlenmesi i\u00e7in idealdir. 18432, bir\u00e7ok i\u015flevi olmas\u0131na ra\u011fmen kullan\u0131m\u0131 kolay, geli\u015fmi\u015f bir stroboskoptur. Stroboskop m\u00fckemmel parlakl\u0131k, sa\u011flam yap\u0131 ve ekstra uzun pil \u00f6mr\u00fc sunar. Benzersiz tek dokunu\u015flu joystick tipi d\u00fc\u011fme, h\u0131zl\u0131 kesirli RPM ayar\u0131 i\u00e7in basit kullan\u0131m sa\u011flar. [&hellip;]<\/p>\n","protected":false},"author":1,"featured_media":0,"parent":0,"menu_order":0,"comment_status":"closed","ping_status":"closed","template":"","meta":{"footnotes":""},"class_list":["post-1113","page","type-page","status-publish","hentry"],"_links":{"self":[{"href":"https:\/\/dorukcbm.com\/index.php?rest_route=\/wp\/v2\/pages\/1113","targetHints":{"allow":["GET"]}}],"collection":[{"href":"https:\/\/dorukcbm.com\/index.php?rest_route=\/wp\/v2\/pages"}],"about":[{"href":"https:\/\/dorukcbm.com\/index.php?rest_route=\/wp\/v2\/types\/page"}],"author":[{"embeddable":true,"href":"https:\/\/dorukcbm.com\/index.php?rest_route=\/wp\/v2\/users\/1"}],"replies":[{"embeddable":true,"href":"https:\/\/dorukcbm.com\/index.php?rest_route=%2Fwp%2Fv2%2Fcomments&post=1113"}],"version-history":[{"count":0,"href":"https:\/\/dorukcbm.com\/index.php?rest_route=\/wp\/v2\/pages\/1113\/revisions"}],"wp:attachment":[{"href":"https:\/\/dorukcbm.com\/index.php?rest_route=%2Fwp%2Fv2%2Fmedia&parent=1113"}],"curies":[{"name":"wp","href":"https:\/\/api.w.org\/{rel}","templated":true}]}}