{"id":1536,"date":"2025-08-18T16:47:04","date_gmt":"2025-08-18T16:47:04","guid":{"rendered":"https:\/\/dorukcbm.com\/?page_id=1536"},"modified":"2025-08-18T16:52:40","modified_gmt":"2025-08-18T16:52:40","slug":"merkezi-yaglama-sistemleri","status":"publish","type":"page","link":"https:\/\/dorukcbm.com\/?page_id=1536","title":{"rendered":"Merkezi Ya\u011flama Sistemleri"},"content":{"rendered":"\t\t<div data-elementor-type=\"wp-page\" data-elementor-id=\"1536\" class=\"elementor elementor-1536\" data-elementor-post-type=\"page\">\n\t\t\t\t<div class=\"elementor-element elementor-element-64b9340a e-flex e-con-boxed e-con e-parent\" data-id=\"64b9340a\" data-element_type=\"container\" data-e-type=\"container\" data-settings=\"{&quot;ekit_has_onepagescroll_dot&quot;:&quot;yes&quot;}\">\n\t\t\t\t\t<div class=\"e-con-inner\">\n\t\t\t\t<div class=\"elementor-element elementor-element-9b01a9d elementor-widget elementor-widget-elementskit-heading\" data-id=\"9b01a9d\" data-element_type=\"widget\" data-e-type=\"widget\" data-settings=\"{&quot;ekit_we_effect_on&quot;:&quot;none&quot;}\" data-widget_type=\"elementskit-heading.default\">\n\t\t\t\t<div class=\"elementor-widget-container\">\n\t\t\t\t\t<div class=\"ekit-wid-con\" ><div class=\"ekit-heading elementskit-section-title-wraper text_left   ekit_heading_tablet-   ekit_heading_mobile-\"><div class=\"ekit_heading_separetor_wraper ekit_heading_elementskit-border-divider elementskit-style-long\"><div class=\"elementskit-border-divider elementskit-style-long\"><\/div><\/div><h2 class=\"ekit-heading--title elementskit-section-title \">Merkezi <span>Ya\u011flama<\/span> Sistemleri<\/h2><h3 class=\"ekit-heading--subtitle elementskit-section-subtitle  \">\n\t\t\t\t\t\tGres, s\u0131v\u0131 ya\u011f, hidrolik\n\t\t\t\t\t<\/h3><\/div><\/div>\t\t\t\t<\/div>\n\t\t\t\t<\/div>\n\t\t<div class=\"elementor-element elementor-element-77e84878 e-con-full e-grid e-con e-child\" data-id=\"77e84878\" data-element_type=\"container\" data-e-type=\"container\" data-settings=\"{&quot;ekit_has_onepagescroll_dot&quot;:&quot;yes&quot;}\">\n\t\t\t\t<div class=\"elementor-element elementor-element-2e32622f ekit-equal-height-disable elementor-widget elementor-widget-elementskit-image-box\" data-id=\"2e32622f\" data-element_type=\"widget\" data-e-type=\"widget\" data-settings=\"{&quot;ekit_we_effect_on&quot;:&quot;none&quot;}\" data-widget_type=\"elementskit-image-box.default\">\n\t\t\t\t<div class=\"elementor-widget-container\">\n\t\t\t\t\t<div class=\"ekit-wid-con\" >\n            <div class=\"elementskit-info-image-box ekit-image-box text-left simple-card\" >\n\n                \n                <div class=\"elementskit-box-header image-box-img-left\">\n\n                    <img fetchpriority=\"high\" decoding=\"async\" width=\"645\" height=\"638\" src=\"https:\/\/dorukcbm.com\/wp-content\/uploads\/2025\/08\/pump.jpg\" class=\"attachment-full size-full wp-image-1560\" alt=\"\" srcset=\"https:\/\/dorukcbm.com\/wp-content\/uploads\/2025\/08\/pump.jpg 645w, https:\/\/dorukcbm.com\/wp-content\/uploads\/2025\/08\/pump-300x297.jpg 300w\" sizes=\"(max-width: 645px) 100vw, 645px\" \/>\n                <\/div>\n                \n                <div class=\"elementskit-box-body ekit-image-box-body\">\n                    <div class=\"elementskit-box-content ekit-image-box-body-inner\">\n                                                <h3 class=\"elementskit-info-box-title\">\n\n                        Pompalar\n                        \n                    <\/h3>\n                                                            <div class=\"elementskit-box-style-content\">\n                        EUR 3 Electrikli Pompalar<br>\nEUR 1 Pnomatik<br>\nMODEL H Hidrolik<br>\nManuel Gresleme <br>                    <\/div>\n                                    <\/div>\n\n                            <\/div>\n            <\/div>\n    <\/div>\t\t\t\t<\/div>\n\t\t\t\t<\/div>\n\t\t\t\t<div class=\"elementor-element elementor-element-16b34544 ekit-equal-height-disable elementor-widget elementor-widget-elementskit-image-box\" data-id=\"16b34544\" data-element_type=\"widget\" data-e-type=\"widget\" data-settings=\"{&quot;ekit_we_effect_on&quot;:&quot;none&quot;}\" data-widget_type=\"elementskit-image-box.default\">\n\t\t\t\t<div class=\"elementor-widget-container\">\n\t\t\t\t\t<div class=\"ekit-wid-con\" >\n            <div class=\"elementskit-info-image-box ekit-image-box text-left simple-card\" >\n\n                \n                <div class=\"elementskit-box-header image-box-img-left\">\n\n                    <img decoding=\"async\" width=\"846\" height=\"608\" src=\"https:\/\/dorukcbm.com\/wp-content\/uploads\/2025\/08\/divider.jpg\" class=\"attachment-full size-full wp-image-1561\" alt=\"\" srcset=\"https:\/\/dorukcbm.com\/wp-content\/uploads\/2025\/08\/divider.jpg 846w, https:\/\/dorukcbm.com\/wp-content\/uploads\/2025\/08\/divider-300x216.jpg 300w, https:\/\/dorukcbm.com\/wp-content\/uploads\/2025\/08\/divider-768x552.jpg 768w\" sizes=\"(max-width: 846px) 100vw, 846px\" \/>\n                <\/div>\n                \n                <div class=\"elementskit-box-body ekit-image-box-body\">\n                    <div class=\"elementskit-box-content ekit-image-box-body-inner\">\n                                                <h3 class=\"elementskit-info-box-title\">\n\n                        Da\u011f\u0131t\u0131c\u0131lar\n                        \n                    <\/h3>\n                                                            <div class=\"elementskit-box-style-content\">\n                        Progressive Da\u011f\u0131t\u0131c\u0131lar<br>\nMonoblock Da\u011f\u0131t\u0131c\u0131lar<br>\nHacimsel Enjekt\u00f6rler<br>\n\u00d6l\u00e7\u00fcm aparatlar\u0131                    <\/div>\n                                    <\/div>\n\n                            <\/div>\n            <\/div>\n    <\/div>\t\t\t\t<\/div>\n\t\t\t\t<\/div>\n\t\t\t\t<div class=\"elementor-element elementor-element-3668fc3b ekit-equal-height-disable elementor-widget elementor-widget-elementskit-image-box\" data-id=\"3668fc3b\" data-element_type=\"widget\" data-e-type=\"widget\" data-settings=\"{&quot;ekit_we_effect_on&quot;:&quot;none&quot;}\" data-widget_type=\"elementskit-image-box.default\">\n\t\t\t\t<div class=\"elementor-widget-container\">\n\t\t\t\t\t<div class=\"ekit-wid-con\" >\n            <div class=\"elementskit-info-image-box ekit-image-box text-left simple-card\" >\n\n                \n                <div class=\"elementskit-box-header image-box-img-left\">\n\n                    <img decoding=\"async\" width=\"758\" height=\"631\" src=\"https:\/\/dorukcbm.com\/wp-content\/uploads\/2025\/08\/fitting.jpg\" class=\"attachment-full size-full wp-image-1562\" alt=\"\" srcset=\"https:\/\/dorukcbm.com\/wp-content\/uploads\/2025\/08\/fitting.jpg 758w, https:\/\/dorukcbm.com\/wp-content\/uploads\/2025\/08\/fitting-300x250.jpg 300w\" sizes=\"(max-width: 758px) 100vw, 758px\" \/>\n                <\/div>\n                \n                <div class=\"elementskit-box-body ekit-image-box-body\">\n                    <div class=\"elementskit-box-content ekit-image-box-body-inner\">\n                                                <h3 class=\"elementskit-info-box-title\">\n\n                        Ba\u011flant\u0131 elemanlar\u0131\n                        \n                    <\/h3>\n                                                            <div class=\"elementskit-box-style-content\">\n                        Her t\u00fcrl\u00fc merkezi ya\u011flama konfig\u00fcrasyonu i\u00e7in \u00e7e\u015fitli ba\u011flant\u0131 elemanlar\u0131                    <\/div>\n                                    <\/div>\n\n                            <\/div>\n            <\/div>\n    <\/div>\t\t\t\t<\/div>\n\t\t\t\t<\/div>\n\t\t\t\t<div class=\"elementor-element elementor-element-602dd904 ekit-equal-height-disable elementor-widget elementor-widget-elementskit-image-box\" data-id=\"602dd904\" data-element_type=\"widget\" data-e-type=\"widget\" data-settings=\"{&quot;ekit_we_effect_on&quot;:&quot;none&quot;}\" data-widget_type=\"elementskit-image-box.default\">\n\t\t\t\t<div class=\"elementor-widget-container\">\n\t\t\t\t\t<div class=\"ekit-wid-con\" >\n            <div class=\"elementskit-info-image-box ekit-image-box text-left simple-card\" >\n\n                \n                <div class=\"elementskit-box-header image-box-img-left\">\n\n                    <img loading=\"lazy\" decoding=\"async\" width=\"776\" height=\"671\" src=\"https:\/\/dorukcbm.com\/wp-content\/uploads\/2025\/08\/hoses.jpg\" class=\"attachment-full size-full wp-image-1563\" alt=\"\" srcset=\"https:\/\/dorukcbm.com\/wp-content\/uploads\/2025\/08\/hoses.jpg 776w, https:\/\/dorukcbm.com\/wp-content\/uploads\/2025\/08\/hoses-300x259.jpg 300w, https:\/\/dorukcbm.com\/wp-content\/uploads\/2025\/08\/hoses-768x664.jpg 768w\" sizes=\"(max-width: 776px) 100vw, 776px\" \/>\n                <\/div>\n                \n                <div class=\"elementskit-box-body ekit-image-box-body\">\n                    <div class=\"elementskit-box-content ekit-image-box-body-inner\">\n                                                <h3 class=\"elementskit-info-box-title\">\n\n                        Hortumlar\n                        \n                    <\/h3>\n                                                            <div class=\"elementskit-box-style-content\">\n                        Gres ve ya\u011f i\u00e7in \u00e7e\u015fitli \u00e7ap ve malzemelerde besleme ve besleme hatt\u0131 hortumlar\u0131 ve borular\u0131                    <\/div>\n                                    <\/div>\n\n                            <\/div>\n            <\/div>\n    <\/div>\t\t\t\t<\/div>\n\t\t\t\t<\/div>\n\t\t\t\t<div class=\"elementor-element elementor-element-1290e676 ekit-equal-height-disable elementor-widget elementor-widget-elementskit-image-box\" data-id=\"1290e676\" data-element_type=\"widget\" data-e-type=\"widget\" data-settings=\"{&quot;ekit_we_effect_on&quot;:&quot;none&quot;}\" data-widget_type=\"elementskit-image-box.default\">\n\t\t\t\t<div class=\"elementor-widget-container\">\n\t\t\t\t\t<div class=\"ekit-wid-con\" >\n            <div class=\"elementskit-info-image-box ekit-image-box text-left simple-card\" >\n\n                \n                <div class=\"elementskit-box-header image-box-img-left\">\n\n                    <img loading=\"lazy\" decoding=\"async\" width=\"858\" height=\"655\" src=\"https:\/\/dorukcbm.com\/wp-content\/uploads\/2025\/08\/accesories.jpg\" class=\"attachment-full size-full wp-image-1564\" alt=\"\" srcset=\"https:\/\/dorukcbm.com\/wp-content\/uploads\/2025\/08\/accesories.jpg 858w, https:\/\/dorukcbm.com\/wp-content\/uploads\/2025\/08\/accesories-300x229.jpg 300w, https:\/\/dorukcbm.com\/wp-content\/uploads\/2025\/08\/accesories-768x586.jpg 768w\" sizes=\"(max-width: 858px) 100vw, 858px\" \/>\n                <\/div>\n                \n                <div class=\"elementskit-box-body ekit-image-box-body\">\n                    <div class=\"elementskit-box-content ekit-image-box-body-inner\">\n                                                <h3 class=\"elementskit-info-box-title\">\n\n                        Aksesuarlar\n                        \n                    <\/h3>\n                                                            <div class=\"elementskit-box-style-content\">\n                        Merkezi ya\u011flama sistemleri ve manuel ya\u011flama ekipmanlar\u0131 i\u00e7in bile\u015fenleri i\u00e7eren ya\u011flama aksesuarlar\u0131                    <\/div>\n                                    <\/div>\n\n                            <\/div>\n            <\/div>\n    <\/div>\t\t\t\t<\/div>\n\t\t\t\t<\/div>\n\t\t\t\t<div class=\"elementor-element elementor-element-6aecf04e ekit-equal-height-disable elementor-widget elementor-widget-elementskit-image-box\" data-id=\"6aecf04e\" data-element_type=\"widget\" data-e-type=\"widget\" data-settings=\"{&quot;ekit_we_effect_on&quot;:&quot;none&quot;}\" data-widget_type=\"elementskit-image-box.default\">\n\t\t\t\t<div class=\"elementor-widget-container\">\n\t\t\t\t\t<div class=\"ekit-wid-con\" >\n            <div class=\"elementskit-info-image-box ekit-image-box text-left simple-card\" >\n\n                \n                <div class=\"elementskit-box-header image-box-img-left\">\n\n                    <img loading=\"lazy\" decoding=\"async\" width=\"865\" height=\"670\" src=\"https:\/\/dorukcbm.com\/wp-content\/uploads\/2025\/08\/timer.jpg\" class=\"attachment-full size-full wp-image-1565\" alt=\"\" srcset=\"https:\/\/dorukcbm.com\/wp-content\/uploads\/2025\/08\/timer.jpg 865w, https:\/\/dorukcbm.com\/wp-content\/uploads\/2025\/08\/timer-300x232.jpg 300w, https:\/\/dorukcbm.com\/wp-content\/uploads\/2025\/08\/timer-768x595.jpg 768w\" sizes=\"(max-width: 865px) 100vw, 865px\" \/>\n                <\/div>\n                \n                <div class=\"elementskit-box-body ekit-image-box-body\">\n                    <div class=\"elementskit-box-content ekit-image-box-body-inner\">\n                                                <h3 class=\"elementskit-info-box-title\">\n\n                        Kontrol sistemleri\n                        \n                    <\/h3>\n                                                            <div class=\"elementskit-box-style-content\">\n                        T\u00fcm ya\u011flama sistemini kontrol etmek, ya\u011flama d\u00f6ng\u00fcs\u00fcn\u00fc programlamak ve operasyon hakk\u0131nda bilgi sa\u011flamak i\u00e7in                    <\/div>\n                                    <\/div>\n\n                            <\/div>\n            <\/div>\n    <\/div>\t\t\t\t<\/div>\n\t\t\t\t<\/div>\n\t\t\t\t<\/div>\n\t\t\t\t\t<\/div>\n\t\t\t\t<\/div>\n\t\t\t\t<\/div>\n\t\t","protected":false},"excerpt":{"rendered":"<p>Merkezi Ya\u011flama Sistemleri Gres, s\u0131v\u0131 ya\u011f, hidrolik Pompalar EUR 3 Electrikli Pompalar EUR 1 Pnomatik MODEL H Hidrolik Manuel Gresleme Da\u011f\u0131t\u0131c\u0131lar Progressive Da\u011f\u0131t\u0131c\u0131lar Monoblock Da\u011f\u0131t\u0131c\u0131lar Hacimsel Enjekt\u00f6rler \u00d6l\u00e7\u00fcm aparatlar\u0131 Ba\u011flant\u0131 elemanlar\u0131 Her t\u00fcrl\u00fc merkezi ya\u011flama konfig\u00fcrasyonu i\u00e7in \u00e7e\u015fitli ba\u011flant\u0131 elemanlar\u0131 Hortumlar Gres ve ya\u011f i\u00e7in \u00e7e\u015fitli \u00e7ap ve malzemelerde besleme ve besleme hatt\u0131 hortumlar\u0131 ve [&hellip;]<\/p>\n","protected":false},"author":1,"featured_media":0,"parent":0,"menu_order":0,"comment_status":"closed","ping_status":"closed","template":"","meta":{"footnotes":""},"class_list":["post-1536","page","type-page","status-publish","hentry"],"_links":{"self":[{"href":"https:\/\/dorukcbm.com\/index.php?rest_route=\/wp\/v2\/pages\/1536","targetHints":{"allow":["GET"]}}],"collection":[{"href":"https:\/\/dorukcbm.com\/index.php?rest_route=\/wp\/v2\/pages"}],"about":[{"href":"https:\/\/dorukcbm.com\/index.php?rest_route=\/wp\/v2\/types\/page"}],"author":[{"embeddable":true,"href":"https:\/\/dorukcbm.com\/index.php?rest_route=\/wp\/v2\/users\/1"}],"replies":[{"embeddable":true,"href":"https:\/\/dorukcbm.com\/index.php?rest_route=%2Fwp%2Fv2%2Fcomments&post=1536"}],"version-history":[{"count":0,"href":"https:\/\/dorukcbm.com\/index.php?rest_route=\/wp\/v2\/pages\/1536\/revisions"}],"wp:attachment":[{"href":"https:\/\/dorukcbm.com\/index.php?rest_route=%2Fwp%2Fv2%2Fmedia&parent=1536"}],"curies":[{"name":"wp","href":"https:\/\/api.w.org\/{rel}","templated":true}]}}