{"id":1578,"date":"2025-08-18T16:58:39","date_gmt":"2025-08-18T16:58:39","guid":{"rendered":"https:\/\/dorukcbm.com\/?page_id=1578"},"modified":"2025-08-19T13:48:14","modified_gmt":"2025-08-19T13:48:14","slug":"yag-analizi","status":"publish","type":"page","link":"https:\/\/dorukcbm.com\/?page_id=1578","title":{"rendered":"Ya\u011f Analizi"},"content":{"rendered":"\t\t<div data-elementor-type=\"wp-page\" data-elementor-id=\"1578\" class=\"elementor elementor-1578\" data-elementor-post-type=\"page\">\n\t\t\t\t<div class=\"elementor-element elementor-element-38548782 e-flex e-con-boxed e-con e-parent\" data-id=\"38548782\" data-element_type=\"container\" data-e-type=\"container\" data-settings=\"{&quot;ekit_has_onepagescroll_dot&quot;:&quot;yes&quot;}\">\n\t\t\t\t\t<div class=\"e-con-inner\">\n\t\t\t\t<div class=\"elementor-element elementor-element-d45dc6d elementor-widget elementor-widget-elementskit-heading\" data-id=\"d45dc6d\" data-element_type=\"widget\" data-e-type=\"widget\" data-settings=\"{&quot;ekit_we_effect_on&quot;:&quot;none&quot;}\" data-widget_type=\"elementskit-heading.default\">\n\t\t\t\t<div class=\"elementor-widget-container\">\n\t\t\t\t\t<div class=\"ekit-wid-con\" ><div class=\"ekit-heading elementskit-section-title-wraper text_left   ekit_heading_tablet-   ekit_heading_mobile-\"><div class=\"ekit_heading_separetor_wraper ekit_heading_elementskit-border-divider elementskit-style-long\"><div class=\"elementskit-border-divider elementskit-style-long\"><\/div><\/div><h2 class=\"ekit-heading--title elementskit-section-title \">Ya\u011f Analiz Sistemleri<\/h2><h3 class=\"ekit-heading--subtitle elementskit-section-subtitle  \">\n\t\t\t\t\t\tGer\u00e7ek zamanl\u0131 ya\u011f analizi\n\t\t\t\t\t<\/h3><\/div><\/div>\t\t\t\t<\/div>\n\t\t\t\t<\/div>\n\t\t<div class=\"elementor-element elementor-element-486da14c e-con-full e-grid e-con e-child\" data-id=\"486da14c\" data-element_type=\"container\" data-e-type=\"container\" data-settings=\"{&quot;ekit_has_onepagescroll_dot&quot;:&quot;yes&quot;}\">\n\t\t\t\t<div class=\"elementor-element elementor-element-5f2233a3 ekit-equal-height-disable elementor-widget elementor-widget-elementskit-image-box\" data-id=\"5f2233a3\" data-element_type=\"widget\" data-e-type=\"widget\" data-settings=\"{&quot;ekit_we_effect_on&quot;:&quot;none&quot;}\" data-widget_type=\"elementskit-image-box.default\">\n\t\t\t\t<div class=\"elementor-widget-container\">\n\t\t\t\t\t<div class=\"ekit-wid-con\" >\n            <div class=\"elementskit-info-image-box ekit-image-box text-left simple-card\" >\n\n                \n                <div class=\"elementskit-box-header image-box-img-left\">\n\n                    <img fetchpriority=\"high\" decoding=\"async\" width=\"421\" height=\"281\" src=\"https:\/\/dorukcbm.com\/wp-content\/uploads\/2025\/08\/oilqualitysensor.jpg\" class=\"attachment-full size-full wp-image-1583\" alt=\"\" srcset=\"https:\/\/dorukcbm.com\/wp-content\/uploads\/2025\/08\/oilqualitysensor.jpg 421w, https:\/\/dorukcbm.com\/wp-content\/uploads\/2025\/08\/oilqualitysensor-300x200.jpg 300w\" sizes=\"(max-width: 421px) 100vw, 421px\" \/>\n                <\/div>\n                \n                <div class=\"elementskit-box-body ekit-image-box-body\">\n                    <div class=\"elementskit-box-content ekit-image-box-body-inner\">\n                                                <h3 class=\"elementskit-info-box-title\">\n\n                        Ya\u011f analiz sens\u00f6rleri\n                        \n                    <\/h3>\n                                                            <div class=\"elementskit-box-style-content\">\n                        T\u00fcm uygulamalar i\u00e7in entegre ak\u0131ll\u0131 ekipman bak\u0131m optimizasyon analiti\u011fine sahip ger\u00e7ek zamanl\u0131 ya\u011f durumu analiz sens\u00f6rleri                    <\/div>\n                                    <\/div>\n\n                                <div class=\"elementskit-box-footer\">\n                    <div class=\"box-footer\">\n                        <div class=\"btn-wraper\">\n                                                            <a href=\"https:\/\/dorukcbm.com\/?page_id=1656\" class=\"elementskit-btn whitespace--normal\">\n                                    \n                                    \n                                    Daha fazla                                <\/a>\n                                                        <\/div>\n                    <\/div>\n                <\/div>\n                            <\/div>\n            <\/div>\n    <\/div>\t\t\t\t<\/div>\n\t\t\t\t<\/div>\n\t\t\t\t<div class=\"elementor-element elementor-element-3931b1ae ekit-equal-height-disable elementor-widget elementor-widget-elementskit-image-box\" data-id=\"3931b1ae\" data-element_type=\"widget\" data-e-type=\"widget\" data-settings=\"{&quot;ekit_we_effect_on&quot;:&quot;none&quot;}\" data-widget_type=\"elementskit-image-box.default\">\n\t\t\t\t<div class=\"elementor-widget-container\">\n\t\t\t\t\t<div class=\"ekit-wid-con\" >\n            <div class=\"elementskit-info-image-box ekit-image-box text-left simple-card\" >\n\n                \n                <div class=\"elementskit-box-header image-box-img-left\">\n\n                    <img decoding=\"async\" width=\"663\" height=\"408\" src=\"https:\/\/dorukcbm.com\/wp-content\/uploads\/2025\/08\/kits.webp\" class=\"attachment-full size-full wp-image-1584\" alt=\"\" srcset=\"https:\/\/dorukcbm.com\/wp-content\/uploads\/2025\/08\/kits.webp 663w, https:\/\/dorukcbm.com\/wp-content\/uploads\/2025\/08\/kits-300x185.webp 300w\" sizes=\"(max-width: 663px) 100vw, 663px\" \/>\n                <\/div>\n                \n                <div class=\"elementskit-box-body ekit-image-box-body\">\n                    <div class=\"elementskit-box-content ekit-image-box-body-inner\">\n                                                <h3 class=\"elementskit-info-box-title\">\n\n                        Kitler\n                        \n                    <\/h3>\n                                                            <div class=\"elementskit-box-style-content\">\n                        Ta\u015f\u0131nabilir ya da sabit ya\u011f analiz sistemleri                    <\/div>\n                                    <\/div>\n\n                                <div class=\"elementskit-box-footer\">\n                    <div class=\"box-footer\">\n                        <div class=\"btn-wraper\">\n                                                            <a href=\"https:\/\/dorukcbm.com\/?page_id=1732\" class=\"elementskit-btn whitespace--normal\">\n                                    \n                                    \n                                    Daha fazla                                <\/a>\n                                                        <\/div>\n                    <\/div>\n                <\/div>\n                            <\/div>\n            <\/div>\n    <\/div>\t\t\t\t<\/div>\n\t\t\t\t<\/div>\n\t\t\t\t<div class=\"elementor-element elementor-element-354fdc47 ekit-equal-height-disable elementor-widget elementor-widget-elementskit-image-box\" data-id=\"354fdc47\" data-element_type=\"widget\" data-e-type=\"widget\" data-settings=\"{&quot;ekit_we_effect_on&quot;:&quot;none&quot;}\" data-widget_type=\"elementskit-image-box.default\">\n\t\t\t\t<div class=\"elementor-widget-container\">\n\t\t\t\t\t<div class=\"ekit-wid-con\" >\n            <div class=\"elementskit-info-image-box ekit-image-box text-left simple-card\" >\n\n                \n                <div class=\"elementskit-box-header image-box-img-left\">\n\n                    <img decoding=\"async\" width=\"2560\" height=\"1708\" src=\"https:\/\/dorukcbm.com\/wp-content\/uploads\/2025\/08\/accesoriesTanDelta.jpg\" class=\"attachment-full size-full wp-image-1585\" alt=\"\" srcset=\"https:\/\/dorukcbm.com\/wp-content\/uploads\/2025\/08\/accesoriesTanDelta.jpg 2560w, https:\/\/dorukcbm.com\/wp-content\/uploads\/2025\/08\/accesoriesTanDelta-300x200.jpg 300w, https:\/\/dorukcbm.com\/wp-content\/uploads\/2025\/08\/accesoriesTanDelta-1024x683.jpg 1024w, https:\/\/dorukcbm.com\/wp-content\/uploads\/2025\/08\/accesoriesTanDelta-768x512.jpg 768w, https:\/\/dorukcbm.com\/wp-content\/uploads\/2025\/08\/accesoriesTanDelta-1536x1025.jpg 1536w, https:\/\/dorukcbm.com\/wp-content\/uploads\/2025\/08\/accesoriesTanDelta-2048x1366.jpg 2048w\" sizes=\"(max-width: 2560px) 100vw, 2560px\" \/>\n                <\/div>\n                \n                <div class=\"elementskit-box-body ekit-image-box-body\">\n                    <div class=\"elementskit-box-content ekit-image-box-body-inner\">\n                                                <h3 class=\"elementskit-info-box-title\">\n\n                        Aksesuarlar\n                        \n                    <\/h3>\n                                                            <div class=\"elementskit-box-style-content\">\n                        Sistem entegrasyonlar\u0131 i\u00e7in aksesuarlar                    <\/div>\n                                    <\/div>\n\n                            <\/div>\n            <\/div>\n    <\/div>\t\t\t\t<\/div>\n\t\t\t\t<\/div>\n\t\t\t\t<div class=\"elementor-element elementor-element-3b20deb6 ekit-equal-height-disable elementor-widget elementor-widget-elementskit-image-box\" data-id=\"3b20deb6\" data-element_type=\"widget\" data-e-type=\"widget\" data-settings=\"{&quot;ekit_we_effect_on&quot;:&quot;none&quot;}\" data-widget_type=\"elementskit-image-box.default\">\n\t\t\t\t<div class=\"elementor-widget-container\">\n\t\t\t\t\t<div class=\"ekit-wid-con\" >\n            <div class=\"elementskit-info-image-box ekit-image-box text-left simple-card\" >\n\n                \n                <div class=\"elementskit-box-header image-box-img-left\">\n\n                    <img loading=\"lazy\" decoding=\"async\" width=\"663\" height=\"408\" src=\"https:\/\/dorukcbm.com\/wp-content\/uploads\/2025\/08\/Mobile-Oil-tester-Kit_Image-2.jpg\" class=\"attachment-full size-full wp-image-1586\" alt=\"\" srcset=\"https:\/\/dorukcbm.com\/wp-content\/uploads\/2025\/08\/Mobile-Oil-tester-Kit_Image-2.jpg 663w, https:\/\/dorukcbm.com\/wp-content\/uploads\/2025\/08\/Mobile-Oil-tester-Kit_Image-2-300x185.jpg 300w\" sizes=\"(max-width: 663px) 100vw, 663px\" \/>\n                <\/div>\n                \n                <div class=\"elementskit-box-body ekit-image-box-body\">\n                    <div class=\"elementskit-box-content ekit-image-box-body-inner\">\n                                                <h3 class=\"elementskit-info-box-title\">\n\n                        Ya\u011f Profil Hizmeti\n                        \n                    <\/h3>\n                                                            <div class=\"elementskit-box-style-content\">\n                        Her ya\u011f t\u00fcr\u00fcn\u00fcn kendine \u00f6zg\u00fc \u00f6zellikleri vard\u0131r. Ya\u011f Kalite Sens\u00f6r\u00fcn\u00fcn optimum kalite de\u011fi\u015fimi alg\u0131lama hassasiyeti ve do\u011fruluk performans\u0131 i\u00e7in, sens\u00f6r\u00fcn hedef ya\u011f t\u00fcr\u00fcne g\u00f6re yap\u0131land\u0131r\u0131lmas\u0131n\u0131 \u00f6neririz.                    <\/div>\n                                    <\/div>\n\n                            <\/div>\n            <\/div>\n    <\/div>\t\t\t\t<\/div>\n\t\t\t\t<\/div>\n\t\t\t\t<\/div>\n\t\t\t\t\t<\/div>\n\t\t\t\t<\/div>\n\t\t\t\t<\/div>\n\t\t","protected":false},"excerpt":{"rendered":"<p>Ya\u011f Analiz Sistemleri Ger\u00e7ek zamanl\u0131 ya\u011f analizi Ya\u011f analiz sens\u00f6rleri T\u00fcm uygulamalar i\u00e7in entegre ak\u0131ll\u0131 ekipman bak\u0131m optimizasyon analiti\u011fine sahip ger\u00e7ek zamanl\u0131 ya\u011f durumu analiz sens\u00f6rleri Daha fazla Kitler Ta\u015f\u0131nabilir ya da sabit ya\u011f analiz sistemleri Daha fazla Aksesuarlar Sistem entegrasyonlar\u0131 i\u00e7in aksesuarlar Ya\u011f Profil Hizmeti Her ya\u011f t\u00fcr\u00fcn\u00fcn kendine \u00f6zg\u00fc \u00f6zellikleri vard\u0131r. Ya\u011f Kalite [&hellip;]<\/p>\n","protected":false},"author":1,"featured_media":0,"parent":0,"menu_order":0,"comment_status":"closed","ping_status":"closed","template":"","meta":{"footnotes":""},"class_list":["post-1578","page","type-page","status-publish","hentry"],"_links":{"self":[{"href":"https:\/\/dorukcbm.com\/index.php?rest_route=\/wp\/v2\/pages\/1578","targetHints":{"allow":["GET"]}}],"collection":[{"href":"https:\/\/dorukcbm.com\/index.php?rest_route=\/wp\/v2\/pages"}],"about":[{"href":"https:\/\/dorukcbm.com\/index.php?rest_route=\/wp\/v2\/types\/page"}],"author":[{"embeddable":true,"href":"https:\/\/dorukcbm.com\/index.php?rest_route=\/wp\/v2\/users\/1"}],"replies":[{"embeddable":true,"href":"https:\/\/dorukcbm.com\/index.php?rest_route=%2Fwp%2Fv2%2Fcomments&post=1578"}],"version-history":[{"count":0,"href":"https:\/\/dorukcbm.com\/index.php?rest_route=\/wp\/v2\/pages\/1578\/revisions"}],"wp:attachment":[{"href":"https:\/\/dorukcbm.com\/index.php?rest_route=%2Fwp%2Fv2%2Fmedia&parent=1578"}],"curies":[{"name":"wp","href":"https:\/\/api.w.org\/{rel}","templated":true}]}}