{"id":1626,"date":"2025-08-18T19:45:54","date_gmt":"2025-08-18T19:45:54","guid":{"rendered":"https:\/\/dorukcbm.com\/?page_id=1626"},"modified":"2025-08-18T19:58:09","modified_gmt":"2025-08-18T19:58:09","slug":"portatif-yaglama-sistemleri","status":"publish","type":"page","link":"https:\/\/dorukcbm.com\/?page_id=1626","title":{"rendered":"Portatif Ya\u011flama Sistemleri"},"content":{"rendered":"\t\t<div data-elementor-type=\"wp-page\" data-elementor-id=\"1626\" class=\"elementor elementor-1626\" data-elementor-post-type=\"page\">\n\t\t\t\t<div class=\"elementor-element elementor-element-7a818285 e-flex e-con-boxed e-con e-parent\" data-id=\"7a818285\" data-element_type=\"container\" data-e-type=\"container\" data-settings=\"{&quot;ekit_has_onepagescroll_dot&quot;:&quot;yes&quot;}\">\n\t\t\t\t\t<div class=\"e-con-inner\">\n\t\t\t\t<div class=\"elementor-element elementor-element-45805f62 elementor-widget elementor-widget-elementskit-heading\" data-id=\"45805f62\" data-element_type=\"widget\" data-e-type=\"widget\" data-settings=\"{&quot;ekit_we_effect_on&quot;:&quot;none&quot;}\" data-widget_type=\"elementskit-heading.default\">\n\t\t\t\t<div class=\"elementor-widget-container\">\n\t\t\t\t\t<div class=\"ekit-wid-con\" ><div class=\"ekit-heading elementskit-section-title-wraper text_left   ekit_heading_tablet-   ekit_heading_mobile-\"><div class=\"ekit_heading_separetor_wraper ekit_heading_elementskit-border-divider elementskit-style-long\"><div class=\"elementskit-border-divider elementskit-style-long\"><\/div><\/div><h2 class=\"ekit-heading--title elementskit-section-title \">Portatif <span>Ya\u011flama<\/span> Sistemleri<\/h2><h3 class=\"ekit-heading--subtitle elementskit-section-subtitle  \">\n\t\t\t\t\t\tTa\u015f\u0131nabilir ya\u011flama pompalar\u0131, dolum sistemleri, gresler\n\t\t\t\t\t<\/h3><\/div><\/div>\t\t\t\t<\/div>\n\t\t\t\t<\/div>\n\t\t<div class=\"elementor-element elementor-element-34425cc5 e-con-full e-grid e-con e-child\" data-id=\"34425cc5\" data-element_type=\"container\" data-e-type=\"container\" data-settings=\"{&quot;ekit_has_onepagescroll_dot&quot;:&quot;yes&quot;}\">\n\t\t\t\t<div class=\"elementor-element elementor-element-5f4b2106 ekit-equal-height-disable elementor-widget elementor-widget-elementskit-image-box\" data-id=\"5f4b2106\" data-element_type=\"widget\" data-e-type=\"widget\" data-settings=\"{&quot;ekit_we_effect_on&quot;:&quot;none&quot;}\" data-widget_type=\"elementskit-image-box.default\">\n\t\t\t\t<div class=\"elementor-widget-container\">\n\t\t\t\t\t<div class=\"ekit-wid-con\" >\n            <div class=\"elementskit-info-image-box ekit-image-box text-left simple-card\" >\n\n                \n                <div class=\"elementskit-box-header image-box-img-left\">\n\n                    <img fetchpriority=\"high\" decoding=\"async\" width=\"1024\" height=\"1024\" src=\"https:\/\/dorukcbm.com\/wp-content\/uploads\/2025\/08\/DSC2793-1024x1024-1.jpg\" class=\"attachment-full size-full wp-image-1628\" alt=\"\" srcset=\"https:\/\/dorukcbm.com\/wp-content\/uploads\/2025\/08\/DSC2793-1024x1024-1.jpg 1024w, https:\/\/dorukcbm.com\/wp-content\/uploads\/2025\/08\/DSC2793-1024x1024-1-300x300.jpg 300w, https:\/\/dorukcbm.com\/wp-content\/uploads\/2025\/08\/DSC2793-1024x1024-1-150x150.jpg 150w, https:\/\/dorukcbm.com\/wp-content\/uploads\/2025\/08\/DSC2793-1024x1024-1-768x768.jpg 768w\" sizes=\"(max-width: 1024px) 100vw, 1024px\" \/>\n                <\/div>\n                \n                <div class=\"elementskit-box-body ekit-image-box-body\">\n                    <div class=\"elementskit-box-content ekit-image-box-body-inner\">\n                                                <h3 class=\"elementskit-info-box-title\">\n\n                        Hove CARRY\n                        \n                    <\/h3>\n                                                            <div class=\"elementskit-box-style-content\">\n                        Hove Carry, a\u011f\u0131r sanayi i\u00e7in pille \u00e7al\u0131\u015fan ta\u015f\u0131nabilir bir ya\u011flama pompas\u0131d\u0131r. Kompakt tasar\u0131m\u0131, \u015farj edilebilir pili ve dijital aray\u00fcz\u00fc size tam hareket kabiliyeti, kolay takip ve dok\u00fcmantasyon sa\u011flar.                    <\/div>\n                                    <\/div>\n\n                            <\/div>\n            <\/div>\n    <\/div>\t\t\t\t<\/div>\n\t\t\t\t<\/div>\n\t\t\t\t<div class=\"elementor-element elementor-element-21bb54e5 ekit-equal-height-disable elementor-widget elementor-widget-elementskit-image-box\" data-id=\"21bb54e5\" data-element_type=\"widget\" data-e-type=\"widget\" data-settings=\"{&quot;ekit_we_effect_on&quot;:&quot;none&quot;}\" data-widget_type=\"elementskit-image-box.default\">\n\t\t\t\t<div class=\"elementor-widget-container\">\n\t\t\t\t\t<div class=\"ekit-wid-con\" >\n            <div class=\"elementskit-info-image-box ekit-image-box text-left simple-card\" >\n\n                \n                <div class=\"elementskit-box-header image-box-img-left\">\n\n                    <img decoding=\"async\" width=\"890\" height=\"1024\" src=\"https:\/\/dorukcbm.com\/wp-content\/uploads\/2025\/08\/egv5_p_NEW-890x1024-1.webp\" class=\"attachment-full size-full wp-image-1629\" alt=\"\" srcset=\"https:\/\/dorukcbm.com\/wp-content\/uploads\/2025\/08\/egv5_p_NEW-890x1024-1.webp 890w, https:\/\/dorukcbm.com\/wp-content\/uploads\/2025\/08\/egv5_p_NEW-890x1024-1-261x300.webp 261w, https:\/\/dorukcbm.com\/wp-content\/uploads\/2025\/08\/egv5_p_NEW-890x1024-1-768x884.webp 768w\" sizes=\"(max-width: 890px) 100vw, 890px\" \/>\n                <\/div>\n                \n                <div class=\"elementskit-box-body ekit-image-box-body\">\n                    <div class=\"elementskit-box-content ekit-image-box-body-inner\">\n                                                <h3 class=\"elementskit-info-box-title\">\n\n                        Easy Grease V5\n                        \n                    <\/h3>\n                                                            <div class=\"elementskit-box-style-content\">\n                        Yeni Easy Grease, 48V IEC S\u0131n\u0131f II ya\u011flama pompas\u0131d\u0131r. \u00c7e\u015fitli g\u00fc\u00e7 kaynaklar\u0131na uyum sa\u011flar ve hava kilidi riskini azalt\u0131r. Y\u00fcksek bas\u0131nc\u0131 ve ak\u0131\u015f\u0131, pompay\u0131 do\u011frudan ya\u011flama sistemleri i\u00e7in uygun hale getirir.                    <\/div>\n                                    <\/div>\n\n                            <\/div>\n            <\/div>\n    <\/div>\t\t\t\t<\/div>\n\t\t\t\t<\/div>\n\t\t\t\t<div class=\"elementor-element elementor-element-5d0d1cc ekit-equal-height-disable elementor-widget elementor-widget-elementskit-image-box\" data-id=\"5d0d1cc\" data-element_type=\"widget\" data-e-type=\"widget\" data-settings=\"{&quot;ekit_we_effect_on&quot;:&quot;none&quot;}\" data-widget_type=\"elementskit-image-box.default\">\n\t\t\t\t<div class=\"elementor-widget-container\">\n\t\t\t\t\t<div class=\"ekit-wid-con\" >\n            <div class=\"elementskit-info-image-box ekit-image-box text-left simple-card\" >\n\n                \n                <div class=\"elementskit-box-header image-box-img-left\">\n\n                    <img decoding=\"async\" width=\"233\" height=\"300\" src=\"https:\/\/dorukcbm.com\/wp-content\/uploads\/2025\/08\/Hove-EG-V4-connected-w.webp\" class=\"attachment-full size-full wp-image-1630\" alt=\"\" \/>\n                <\/div>\n                \n                <div class=\"elementskit-box-body ekit-image-box-body\">\n                    <div class=\"elementskit-box-content ekit-image-box-body-inner\">\n                                                <h3 class=\"elementskit-info-box-title\">\n\n                        Easy Grease V4\n                        \n                    <\/h3>\n                                                            <div class=\"elementskit-box-style-content\">\n                        Hove Easy Grease, yar\u0131 otomatik, g\u00fcvenli ve kullan\u0131m\u0131 son derece kolay bir \u00e7\u00f6z\u00fcmd\u00fcr. Pompa, yataklar\u0131n do\u011frudan ya\u011flanmas\u0131 i\u00e7in tasarlanm\u0131\u015ft\u0131r ve t\u00fcm ya\u011flama noktalar\u0131na verimli bir \u015fekilde ya\u011f sa\u011flayabilir.                    <\/div>\n                                    <\/div>\n\n                            <\/div>\n            <\/div>\n    <\/div>\t\t\t\t<\/div>\n\t\t\t\t<\/div>\n\t\t\t\t<div class=\"elementor-element elementor-element-56edaf00 ekit-equal-height-disable elementor-widget elementor-widget-elementskit-image-box\" data-id=\"56edaf00\" data-element_type=\"widget\" data-e-type=\"widget\" data-settings=\"{&quot;ekit_we_effect_on&quot;:&quot;none&quot;}\" data-widget_type=\"elementskit-image-box.default\">\n\t\t\t\t<div class=\"elementor-widget-container\">\n\t\t\t\t\t<div class=\"ekit-wid-con\" >\n            <div class=\"elementskit-info-image-box ekit-image-box text-left simple-card\" >\n\n                \n                <div class=\"elementskit-box-header image-box-img-left\">\n\n                    <img loading=\"lazy\" decoding=\"async\" width=\"981\" height=\"1024\" src=\"https:\/\/dorukcbm.com\/wp-content\/uploads\/2025\/08\/Hove-ONE-ver1_Manual-photo-981x1024-1.jpg\" class=\"attachment-full size-full wp-image-1631\" alt=\"\" srcset=\"https:\/\/dorukcbm.com\/wp-content\/uploads\/2025\/08\/Hove-ONE-ver1_Manual-photo-981x1024-1.jpg 981w, https:\/\/dorukcbm.com\/wp-content\/uploads\/2025\/08\/Hove-ONE-ver1_Manual-photo-981x1024-1-287x300.jpg 287w, https:\/\/dorukcbm.com\/wp-content\/uploads\/2025\/08\/Hove-ONE-ver1_Manual-photo-981x1024-1-768x802.jpg 768w\" sizes=\"(max-width: 981px) 100vw, 981px\" \/>\n                <\/div>\n                \n                <div class=\"elementskit-box-body ekit-image-box-body\">\n                    <div class=\"elementskit-box-content ekit-image-box-body-inner\">\n                                                <h3 class=\"elementskit-info-box-title\">\n\n                        Hove One\n                        \n                    <\/h3>\n                                                            <div class=\"elementskit-box-style-content\">\n                        Hove One pompas\u0131, d\u00fcnyan\u0131n \u00f6nde gelen ya\u011flama pompas\u0131d\u0131r. Hassas dozaj\u0131 ve y\u00fcksek debisi, pompay\u0131 do\u011frudan ve merkezi ya\u011flama sistemleri i\u00e7in uygun hale getirir.                    <\/div>\n                                    <\/div>\n\n                            <\/div>\n            <\/div>\n    <\/div>\t\t\t\t<\/div>\n\t\t\t\t<\/div>\n\t\t\t\t<div class=\"elementor-element elementor-element-47ec775c ekit-equal-height-disable elementor-widget elementor-widget-elementskit-image-box\" data-id=\"47ec775c\" data-element_type=\"widget\" data-e-type=\"widget\" data-settings=\"{&quot;ekit_we_effect_on&quot;:&quot;none&quot;}\" data-widget_type=\"elementskit-image-box.default\">\n\t\t\t\t<div class=\"elementor-widget-container\">\n\t\t\t\t\t<div class=\"ekit-wid-con\" >\n            <div class=\"elementskit-info-image-box ekit-image-box text-left simple-card\" >\n\n                \n                <div class=\"elementskit-box-header image-box-img-left\">\n\n                    <img loading=\"lazy\" decoding=\"async\" width=\"245\" height=\"300\" src=\"https:\/\/dorukcbm.com\/wp-content\/uploads\/2025\/08\/Refiller-connected-w.webp\" class=\"attachment-full size-full wp-image-1632\" alt=\"\" \/>\n                <\/div>\n                \n                <div class=\"elementskit-box-body ekit-image-box-body\">\n                    <div class=\"elementskit-box-content ekit-image-box-body-inner\">\n                                                <h3 class=\"elementskit-info-box-title\">\n\n                        Hove Refiller v2\n                        \n                    <\/h3>\n                                                            <div class=\"elementskit-box-style-content\">\n                        Hove Yeniden Dolum Cihaz\u0131, minimum kirlenme riskiyle merkezi ya\u011flama sistemlerindeki h\u0131zl\u0131 dolum rezervuarlar\u0131 i\u00e7in \u00f6zel olarak tasarlanm\u0131\u015ft\u0131r. \u00c7\u00f6z\u00fcm, tercih etti\u011finiz gresle doldurulabilen Hove kartu\u015flar\u0131n\u0131 kullan\u0131r.                    <\/div>\n                                    <\/div>\n\n                            <\/div>\n            <\/div>\n    <\/div>\t\t\t\t<\/div>\n\t\t\t\t<\/div>\n\t\t\t\t<div class=\"elementor-element elementor-element-39f68138 ekit-equal-height-disable elementor-widget elementor-widget-elementskit-image-box\" data-id=\"39f68138\" data-element_type=\"widget\" data-e-type=\"widget\" data-settings=\"{&quot;ekit_we_effect_on&quot;:&quot;none&quot;}\" data-widget_type=\"elementskit-image-box.default\">\n\t\t\t\t<div class=\"elementor-widget-container\">\n\t\t\t\t\t<div class=\"ekit-wid-con\" >\n            <div class=\"elementskit-info-image-box ekit-image-box text-left simple-card\" >\n\n                \n                <div class=\"elementskit-box-header image-box-img-left\">\n\n                    <img loading=\"lazy\" decoding=\"async\" width=\"682\" height=\"644\" src=\"https:\/\/dorukcbm.com\/wp-content\/uploads\/2025\/08\/smart_lube.jpg\" class=\"attachment-full size-full wp-image-1633\" alt=\"\" srcset=\"https:\/\/dorukcbm.com\/wp-content\/uploads\/2025\/08\/smart_lube.jpg 682w, https:\/\/dorukcbm.com\/wp-content\/uploads\/2025\/08\/smart_lube-300x283.jpg 300w\" sizes=\"(max-width: 682px) 100vw, 682px\" \/>\n                <\/div>\n                \n                <div class=\"elementskit-box-body ekit-image-box-body\">\n                    <div class=\"elementskit-box-content ekit-image-box-body-inner\">\n                                                <h3 class=\"elementskit-info-box-title\">\n\n                        Hove Smart Lube\n                        \n                    <\/h3>\n                                                            <div class=\"elementskit-box-style-content\">\n                        Hove Smart Lube, ya\u011flama bak\u0131m\u0131n\u0131z\u0131 iyile\u015ftiren, sahada kan\u0131tlanm\u0131\u015f bir dijital \u00e7\u00f6z\u00fcmd\u00fcr. Operasyonlar\u0131n\u0131za entegre edin, tam izlenebilirlik elde edin ve ya\u011flamayla ilgili her \u015feyin kontrol\u00fcn\u00fc elinizde tutun.                    <\/div>\n                                    <\/div>\n\n                            <\/div>\n            <\/div>\n    <\/div>\t\t\t\t<\/div>\n\t\t\t\t<\/div>\n\t\t\t\t<div class=\"elementor-element elementor-element-59ddb13 ekit-equal-height-disable elementor-widget elementor-widget-elementskit-image-box\" data-id=\"59ddb13\" data-element_type=\"widget\" data-e-type=\"widget\" data-settings=\"{&quot;ekit_we_effect_on&quot;:&quot;none&quot;}\" data-widget_type=\"elementskit-image-box.default\">\n\t\t\t\t<div class=\"elementor-widget-container\">\n\t\t\t\t\t<div class=\"ekit-wid-con\" >\n            <div class=\"elementskit-info-image-box ekit-image-box text-left simple-card\" >\n\n                \n                <div class=\"elementskit-box-header image-box-img-left\">\n\n                    <img loading=\"lazy\" decoding=\"async\" width=\"300\" height=\"200\" src=\"https:\/\/dorukcbm.com\/wp-content\/uploads\/2025\/08\/HoveCartridges-300x200-1.webp\" class=\"attachment-full size-full wp-image-1634\" alt=\"\" \/>\n                <\/div>\n                \n                <div class=\"elementskit-box-body ekit-image-box-body\">\n                    <div class=\"elementskit-box-content ekit-image-box-body-inner\">\n                                                <h3 class=\"elementskit-info-box-title\">\n\n                        Gres Kartu\u015flar\u0131\n                        \n                    <\/h3>\n                                                            <div class=\"elementskit-box-style-content\">\n                        Hove Kartu\u015flar\u0131 1500, 3000 ve 5000 ml boyutlar\u0131nda mevcuttur. Tam dolu veya talep edilen belirli bir miktarla tedarik edilebilirler. Kartu\u015flar\u0131n tak\u0131l\u0131p \u00e7\u0131kar\u0131lmas\u0131 son derece kolayd\u0131r.<br><br>\nHove, kartu\u015flar\u0131 istedi\u011finiz gresle tedarik edebilir. Her kartu\u015fu, kontaminasyon olmad\u0131\u011f\u0131ndan emin olmak i\u00e7in s\u0131k\u0131 bir kalite kontrol prosed\u00fcr\u00fc alt\u0131nda kendi tesisimizde dolduruyoruz.                    <\/div>\n                                    <\/div>\n\n                            <\/div>\n            <\/div>\n    <\/div>\t\t\t\t<\/div>\n\t\t\t\t<\/div>\n\t\t\t\t<\/div>\n\t\t\t\t\t<\/div>\n\t\t\t\t<\/div>\n\t\t\t\t<\/div>\n\t\t","protected":false},"excerpt":{"rendered":"<p>Portatif Ya\u011flama Sistemleri Ta\u015f\u0131nabilir ya\u011flama pompalar\u0131, dolum sistemleri, gresler Hove CARRY Hove Carry, a\u011f\u0131r sanayi i\u00e7in pille \u00e7al\u0131\u015fan ta\u015f\u0131nabilir bir ya\u011flama pompas\u0131d\u0131r. Kompakt tasar\u0131m\u0131, \u015farj edilebilir pili ve dijital aray\u00fcz\u00fc size tam hareket kabiliyeti, kolay takip ve dok\u00fcmantasyon sa\u011flar. Easy Grease V5 Yeni Easy Grease, 48V IEC S\u0131n\u0131f II ya\u011flama pompas\u0131d\u0131r. \u00c7e\u015fitli g\u00fc\u00e7 kaynaklar\u0131na uyum [&hellip;]<\/p>\n","protected":false},"author":1,"featured_media":0,"parent":0,"menu_order":0,"comment_status":"closed","ping_status":"closed","template":"","meta":{"footnotes":""},"class_list":["post-1626","page","type-page","status-publish","hentry"],"_links":{"self":[{"href":"https:\/\/dorukcbm.com\/index.php?rest_route=\/wp\/v2\/pages\/1626","targetHints":{"allow":["GET"]}}],"collection":[{"href":"https:\/\/dorukcbm.com\/index.php?rest_route=\/wp\/v2\/pages"}],"about":[{"href":"https:\/\/dorukcbm.com\/index.php?rest_route=\/wp\/v2\/types\/page"}],"author":[{"embeddable":true,"href":"https:\/\/dorukcbm.com\/index.php?rest_route=\/wp\/v2\/users\/1"}],"replies":[{"embeddable":true,"href":"https:\/\/dorukcbm.com\/index.php?rest_route=%2Fwp%2Fv2%2Fcomments&post=1626"}],"version-history":[{"count":0,"href":"https:\/\/dorukcbm.com\/index.php?rest_route=\/wp\/v2\/pages\/1626\/revisions"}],"wp:attachment":[{"href":"https:\/\/dorukcbm.com\/index.php?rest_route=%2Fwp%2Fv2%2Fmedia&parent=1626"}],"curies":[{"name":"wp","href":"https:\/\/api.w.org\/{rel}","templated":true}]}}