{"id":1705,"date":"2025-08-19T10:53:29","date_gmt":"2025-08-19T10:53:29","guid":{"rendered":"https:\/\/dorukcbm.com\/?page_id=1705"},"modified":"2025-08-19T10:58:39","modified_gmt":"2025-08-19T10:58:39","slug":"egitim","status":"publish","type":"page","link":"https:\/\/dorukcbm.com\/?page_id=1705","title":{"rendered":"E\u011fitim"},"content":{"rendered":"\t\t<div data-elementor-type=\"wp-page\" data-elementor-id=\"1705\" class=\"elementor elementor-1705\" data-elementor-post-type=\"page\">\n\t\t\t\t<div class=\"elementor-element elementor-element-12b0356a e-flex e-con-boxed e-con e-parent\" data-id=\"12b0356a\" data-element_type=\"container\" data-e-type=\"container\" data-settings=\"{&quot;ekit_has_onepagescroll_dot&quot;:&quot;yes&quot;}\">\n\t\t\t\t\t<div class=\"e-con-inner\">\n\t\t\t\t<div class=\"elementor-element elementor-element-562e3157 elementor-widget elementor-widget-elementskit-heading\" data-id=\"562e3157\" data-element_type=\"widget\" data-e-type=\"widget\" data-settings=\"{&quot;ekit_we_effect_on&quot;:&quot;none&quot;}\" data-widget_type=\"elementskit-heading.default\">\n\t\t\t\t<div class=\"elementor-widget-container\">\n\t\t\t\t\t<div class=\"ekit-wid-con\" ><div class=\"ekit-heading elementskit-section-title-wraper text_left   ekit_heading_tablet-   ekit_heading_mobile-\"><div class=\"ekit_heading_separetor_wraper ekit_heading_elementskit-border-divider elementskit-style-long\"><div class=\"elementskit-border-divider elementskit-style-long\"><\/div><\/div><h2 class=\"ekit-heading--title elementskit-section-title \"><span>E\u011fitim<\/span><\/h2><\/div><\/div>\t\t\t\t<\/div>\n\t\t\t\t<\/div>\n\t\t<div class=\"elementor-element elementor-element-19882a26 e-con-full e-grid e-con e-child\" data-id=\"19882a26\" data-element_type=\"container\" data-e-type=\"container\" data-settings=\"{&quot;ekit_has_onepagescroll_dot&quot;:&quot;yes&quot;}\">\n\t\t\t\t<div class=\"elementor-element elementor-element-25ad699d ekit-equal-height-disable elementor-widget elementor-widget-elementskit-image-box\" data-id=\"25ad699d\" data-element_type=\"widget\" data-e-type=\"widget\" data-settings=\"{&quot;ekit_we_effect_on&quot;:&quot;none&quot;}\" data-widget_type=\"elementskit-image-box.default\">\n\t\t\t\t<div class=\"elementor-widget-container\">\n\t\t\t\t\t<div class=\"ekit-wid-con\" >\n            <div class=\"elementskit-info-image-box ekit-image-box text-left simple-card\" >\n\n                \n                <div class=\"elementskit-box-header image-box-img-left\">\n\n                    <img fetchpriority=\"high\" decoding=\"async\" width=\"680\" height=\"453\" src=\"https:\/\/dorukcbm.com\/wp-content\/uploads\/2025\/08\/ConditionMonitoring.jpg\" class=\"attachment-full size-full wp-image-1707\" alt=\"\" srcset=\"https:\/\/dorukcbm.com\/wp-content\/uploads\/2025\/08\/ConditionMonitoring.jpg 680w, https:\/\/dorukcbm.com\/wp-content\/uploads\/2025\/08\/ConditionMonitoring-300x200.jpg 300w\" sizes=\"(max-width: 680px) 100vw, 680px\" \/>\n                <\/div>\n                \n                <div class=\"elementskit-box-body ekit-image-box-body\">\n                    <div class=\"elementskit-box-content ekit-image-box-body-inner\">\n                                                <h3 class=\"elementskit-info-box-title\">\n\n                        Makine Denet\u00e7isi Program\u0131\n                        \n                    <\/h3>\n                                                        <\/div>\n\n                            <\/div>\n            <\/div>\n    <\/div>\t\t\t\t<\/div>\n\t\t\t\t<\/div>\n\t\t\t\t<div class=\"elementor-element elementor-element-59ced289 ekit-equal-height-disable elementor-widget elementor-widget-elementskit-image-box\" data-id=\"59ced289\" data-element_type=\"widget\" data-e-type=\"widget\" data-settings=\"{&quot;ekit_we_effect_on&quot;:&quot;none&quot;}\" data-widget_type=\"elementskit-image-box.default\">\n\t\t\t\t<div class=\"elementor-widget-container\">\n\t\t\t\t\t<div class=\"ekit-wid-con\" >\n            <div class=\"elementskit-info-image-box ekit-image-box text-left simple-card\" >\n\n                \n                <div class=\"elementskit-box-header image-box-img-left\">\n\n                    <img decoding=\"async\" width=\"517\" height=\"344\" src=\"https:\/\/dorukcbm.com\/wp-content\/uploads\/2025\/08\/Maintenance-Blog.jpg\" class=\"attachment-full size-full wp-image-1708\" alt=\"\" srcset=\"https:\/\/dorukcbm.com\/wp-content\/uploads\/2025\/08\/Maintenance-Blog.jpg 517w, https:\/\/dorukcbm.com\/wp-content\/uploads\/2025\/08\/Maintenance-Blog-300x200.jpg 300w\" sizes=\"(max-width: 517px) 100vw, 517px\" \/>\n                <\/div>\n                \n                <div class=\"elementskit-box-body ekit-image-box-body\">\n                    <div class=\"elementskit-box-content ekit-image-box-body-inner\">\n                                                <h3 class=\"elementskit-info-box-title\">\n\n                        Rulman Bak\u0131m ve Ya\u011flama Teknikleri\n                        \n                    <\/h3>\n                                                        <\/div>\n\n                            <\/div>\n            <\/div>\n    <\/div>\t\t\t\t<\/div>\n\t\t\t\t<\/div>\n\t\t\t\t<div class=\"elementor-element elementor-element-567b3d9 ekit-equal-height-disable elementor-widget elementor-widget-elementskit-image-box\" data-id=\"567b3d9\" data-element_type=\"widget\" data-e-type=\"widget\" data-settings=\"{&quot;ekit_we_effect_on&quot;:&quot;none&quot;}\" data-widget_type=\"elementskit-image-box.default\">\n\t\t\t\t<div class=\"elementor-widget-container\">\n\t\t\t\t\t<div class=\"ekit-wid-con\" >\n            <div class=\"elementskit-info-image-box ekit-image-box text-left simple-card\" >\n\n                \n                <div class=\"elementskit-box-header image-box-img-left\">\n\n                    <img decoding=\"async\" width=\"463\" height=\"428\" src=\"https:\/\/dorukcbm.com\/wp-content\/uploads\/2025\/08\/Ekran-goruntusu-2025-08-19-104619.jpg\" class=\"attachment-full size-full wp-image-1692\" alt=\"\" srcset=\"https:\/\/dorukcbm.com\/wp-content\/uploads\/2025\/08\/Ekran-goruntusu-2025-08-19-104619.jpg 463w, https:\/\/dorukcbm.com\/wp-content\/uploads\/2025\/08\/Ekran-goruntusu-2025-08-19-104619-300x277.jpg 300w\" sizes=\"(max-width: 463px) 100vw, 463px\" \/>\n                <\/div>\n                \n                <div class=\"elementskit-box-body ekit-image-box-body\">\n                    <div class=\"elementskit-box-content ekit-image-box-body-inner\">\n                                                <h3 class=\"elementskit-info-box-title\">\n\n                        Temel Ya\u011flama\n                        \n                    <\/h3>\n                                                        <\/div>\n\n                            <\/div>\n            <\/div>\n    <\/div>\t\t\t\t<\/div>\n\t\t\t\t<\/div>\n\t\t\t\t<div class=\"elementor-element elementor-element-725ebaf2 ekit-equal-height-disable elementor-widget elementor-widget-elementskit-image-box\" data-id=\"725ebaf2\" data-element_type=\"widget\" data-e-type=\"widget\" data-settings=\"{&quot;ekit_we_effect_on&quot;:&quot;none&quot;}\" data-widget_type=\"elementskit-image-box.default\">\n\t\t\t\t<div class=\"elementor-widget-container\">\n\t\t\t\t\t<div class=\"ekit-wid-con\" >\n            <div class=\"elementskit-info-image-box ekit-image-box text-left simple-card\" >\n\n                \n                <div class=\"elementskit-box-header image-box-img-left\">\n\n                    <img loading=\"lazy\" decoding=\"async\" width=\"600\" height=\"429\" src=\"https:\/\/dorukcbm.com\/wp-content\/uploads\/2025\/08\/lub_man.jpg\" class=\"attachment-full size-full wp-image-1604\" alt=\"\" srcset=\"https:\/\/dorukcbm.com\/wp-content\/uploads\/2025\/08\/lub_man.jpg 600w, https:\/\/dorukcbm.com\/wp-content\/uploads\/2025\/08\/lub_man-300x215.jpg 300w\" sizes=\"(max-width: 600px) 100vw, 600px\" \/>\n                <\/div>\n                \n                <div class=\"elementskit-box-body ekit-image-box-body\">\n                    <div class=\"elementskit-box-content ekit-image-box-body-inner\">\n                                                <h3 class=\"elementskit-info-box-title\">\n\n                        \u0130leri Seviye Ya\u011flama Y\u00f6netimi\n                        \n                    <\/h3>\n                                                        <\/div>\n\n                            <\/div>\n            <\/div>\n    <\/div>\t\t\t\t<\/div>\n\t\t\t\t<\/div>\n\t\t\t\t<div class=\"elementor-element elementor-element-291682e5 ekit-equal-height-disable elementor-widget elementor-widget-elementskit-image-box\" data-id=\"291682e5\" data-element_type=\"widget\" data-e-type=\"widget\" data-settings=\"{&quot;ekit_we_effect_on&quot;:&quot;none&quot;}\" data-widget_type=\"elementskit-image-box.default\">\n\t\t\t\t<div class=\"elementor-widget-container\">\n\t\t\t\t\t<div class=\"ekit-wid-con\" >\n            <div class=\"elementskit-info-image-box ekit-image-box text-left simple-card\" >\n\n                \n                <div class=\"elementskit-box-header image-box-img-left\">\n\n                    <img loading=\"lazy\" decoding=\"async\" width=\"982\" height=\"548\" src=\"https:\/\/dorukcbm.com\/wp-content\/uploads\/2025\/08\/Bearing-Damage-and-Failure-Analysis.webp\" class=\"attachment-full size-full wp-image-1709\" alt=\"\" srcset=\"https:\/\/dorukcbm.com\/wp-content\/uploads\/2025\/08\/Bearing-Damage-and-Failure-Analysis.webp 982w, https:\/\/dorukcbm.com\/wp-content\/uploads\/2025\/08\/Bearing-Damage-and-Failure-Analysis-300x167.webp 300w, https:\/\/dorukcbm.com\/wp-content\/uploads\/2025\/08\/Bearing-Damage-and-Failure-Analysis-768x429.webp 768w\" sizes=\"(max-width: 982px) 100vw, 982px\" \/>\n                <\/div>\n                \n                <div class=\"elementskit-box-body ekit-image-box-body\">\n                    <div class=\"elementskit-box-content ekit-image-box-body-inner\">\n                                                <h3 class=\"elementskit-info-box-title\">\n\n                        Rulman Hasar ve Ar\u0131za Analizi\n                        \n                    <\/h3>\n                                                        <\/div>\n\n                            <\/div>\n            <\/div>\n    <\/div>\t\t\t\t<\/div>\n\t\t\t\t<\/div>\n\t\t\t\t<div class=\"elementor-element elementor-element-7b8ffa02 ekit-equal-height-disable elementor-widget elementor-widget-elementskit-image-box\" data-id=\"7b8ffa02\" data-element_type=\"widget\" data-e-type=\"widget\" data-settings=\"{&quot;ekit_we_effect_on&quot;:&quot;none&quot;}\" data-widget_type=\"elementskit-image-box.default\">\n\t\t\t\t<div class=\"elementor-widget-container\">\n\t\t\t\t\t<div class=\"ekit-wid-con\" >\n            <div class=\"elementskit-info-image-box ekit-image-box text-left simple-card\" >\n\n                \n                <div class=\"elementskit-box-header image-box-img-left\">\n\n                    <img loading=\"lazy\" decoding=\"async\" width=\"550\" height=\"394\" src=\"https:\/\/dorukcbm.com\/wp-content\/uploads\/2025\/03\/work-1.jpg\" class=\"attachment-full size-full wp-image-245\" alt=\"\" srcset=\"https:\/\/dorukcbm.com\/wp-content\/uploads\/2025\/03\/work-1.jpg 550w, https:\/\/dorukcbm.com\/wp-content\/uploads\/2025\/03\/work-1-300x215.jpg 300w\" sizes=\"(max-width: 550px) 100vw, 550px\" \/>\n                <\/div>\n                \n                <div class=\"elementskit-box-body ekit-image-box-body\">\n                    <div class=\"elementskit-box-content ekit-image-box-body-inner\">\n                                                <h3 class=\"elementskit-info-box-title\">\n\n                        Titre\u015fim ve \u015eok Analizi\n                        \n                    <\/h3>\n                                                        <\/div>\n\n                            <\/div>\n            <\/div>\n    <\/div>\t\t\t\t<\/div>\n\t\t\t\t<\/div>\n\t\t\t\t<div class=\"elementor-element elementor-element-f74d790 ekit-equal-height-disable elementor-widget elementor-widget-elementskit-image-box\" data-id=\"f74d790\" data-element_type=\"widget\" data-e-type=\"widget\" data-settings=\"{&quot;ekit_we_effect_on&quot;:&quot;none&quot;}\" data-widget_type=\"elementskit-image-box.default\">\n\t\t\t\t<div class=\"elementor-widget-container\">\n\t\t\t\t\t<div class=\"ekit-wid-con\" >\n            <div class=\"elementskit-info-image-box ekit-image-box text-left simple-card\" >\n\n                \n                <div class=\"elementskit-box-header image-box-img-left\">\n\n                    <img loading=\"lazy\" decoding=\"async\" width=\"510\" height=\"350\" src=\"https:\/\/dorukcbm.com\/wp-content\/uploads\/2025\/03\/work-2.jpg\" class=\"attachment-full size-full wp-image-246\" alt=\"\" srcset=\"https:\/\/dorukcbm.com\/wp-content\/uploads\/2025\/03\/work-2.jpg 510w, https:\/\/dorukcbm.com\/wp-content\/uploads\/2025\/03\/work-2-300x206.jpg 300w\" sizes=\"(max-width: 510px) 100vw, 510px\" \/>\n                <\/div>\n                \n                <div class=\"elementskit-box-body ekit-image-box-body\">\n                    <div class=\"elementskit-box-content ekit-image-box-body-inner\">\n                                                <h3 class=\"elementskit-info-box-title\">\n\n                        Yerinde Balans\n                        \n                    <\/h3>\n                                                        <\/div>\n\n                            <\/div>\n            <\/div>\n    <\/div>\t\t\t\t<\/div>\n\t\t\t\t<\/div>\n\t\t\t\t<div class=\"elementor-element elementor-element-16a77c9 ekit-equal-height-disable elementor-widget elementor-widget-elementskit-image-box\" data-id=\"16a77c9\" data-element_type=\"widget\" data-e-type=\"widget\" data-settings=\"{&quot;ekit_we_effect_on&quot;:&quot;none&quot;}\" data-widget_type=\"elementskit-image-box.default\">\n\t\t\t\t<div class=\"elementor-widget-container\">\n\t\t\t\t\t<div class=\"ekit-wid-con\" >\n            <div class=\"elementskit-info-image-box ekit-image-box text-left simple-card\" >\n\n                \n                <div class=\"elementskit-box-header image-box-img-left\">\n\n                    <img loading=\"lazy\" decoding=\"async\" width=\"800\" height=\"800\" src=\"https:\/\/dorukcbm.com\/wp-content\/uploads\/2025\/03\/work-3.jpg\" class=\"attachment-full size-full wp-image-247\" alt=\"\" srcset=\"https:\/\/dorukcbm.com\/wp-content\/uploads\/2025\/03\/work-3.jpg 800w, https:\/\/dorukcbm.com\/wp-content\/uploads\/2025\/03\/work-3-300x300.jpg 300w, https:\/\/dorukcbm.com\/wp-content\/uploads\/2025\/03\/work-3-150x150.jpg 150w, https:\/\/dorukcbm.com\/wp-content\/uploads\/2025\/03\/work-3-768x768.jpg 768w\" sizes=\"(max-width: 800px) 100vw, 800px\" \/>\n                <\/div>\n                \n                <div class=\"elementskit-box-body ekit-image-box-body\">\n                    <div class=\"elementskit-box-content ekit-image-box-body-inner\">\n                                                <h3 class=\"elementskit-info-box-title\">\n\n                        Eksen Ayar\u0131\n                        \n                    <\/h3>\n                                                        <\/div>\n\n                            <\/div>\n            <\/div>\n    <\/div>\t\t\t\t<\/div>\n\t\t\t\t<\/div>\n\t\t\t\t<div class=\"elementor-element elementor-element-863d08f ekit-equal-height-disable elementor-widget elementor-widget-elementskit-image-box\" data-id=\"863d08f\" data-element_type=\"widget\" data-e-type=\"widget\" data-settings=\"{&quot;ekit_we_effect_on&quot;:&quot;none&quot;}\" data-widget_type=\"elementskit-image-box.default\">\n\t\t\t\t<div class=\"elementor-widget-container\">\n\t\t\t\t\t<div class=\"ekit-wid-con\" >\n            <div class=\"elementskit-info-image-box ekit-image-box text-left simple-card\" >\n\n                \n                <div class=\"elementskit-box-header image-box-img-left\">\n\n                    <img loading=\"lazy\" decoding=\"async\" width=\"1000\" height=\"1000\" src=\"https:\/\/dorukcbm.com\/wp-content\/uploads\/2025\/08\/CLR-Reliability_Dormant_Systems-AdobeStock_309524870.jpg\" class=\"attachment-full size-full wp-image-1710\" alt=\"\" srcset=\"https:\/\/dorukcbm.com\/wp-content\/uploads\/2025\/08\/CLR-Reliability_Dormant_Systems-AdobeStock_309524870.jpg 1000w, https:\/\/dorukcbm.com\/wp-content\/uploads\/2025\/08\/CLR-Reliability_Dormant_Systems-AdobeStock_309524870-300x300.jpg 300w, https:\/\/dorukcbm.com\/wp-content\/uploads\/2025\/08\/CLR-Reliability_Dormant_Systems-AdobeStock_309524870-150x150.jpg 150w, https:\/\/dorukcbm.com\/wp-content\/uploads\/2025\/08\/CLR-Reliability_Dormant_Systems-AdobeStock_309524870-768x768.jpg 768w\" sizes=\"(max-width: 1000px) 100vw, 1000px\" \/>\n                <\/div>\n                \n                <div class=\"elementskit-box-body ekit-image-box-body\">\n                    <div class=\"elementskit-box-content ekit-image-box-body-inner\">\n                                                <h3 class=\"elementskit-info-box-title\">\n\n                        End\u00fcstriyel Varl\u0131k Y\u00f6netimi ve G\u00fcvenilirlik\n                        \n                    <\/h3>\n                                                        <\/div>\n\n                            <\/div>\n            <\/div>\n    <\/div>\t\t\t\t<\/div>\n\t\t\t\t<\/div>\n\t\t\t\t<\/div>\n\t\t\t\t\t<\/div>\n\t\t\t\t<\/div>\n\t\t\t\t<\/div>\n\t\t","protected":false},"excerpt":{"rendered":"<p>E\u011fitim Makine Denet\u00e7isi Program\u0131 Rulman Bak\u0131m ve Ya\u011flama Teknikleri Temel Ya\u011flama \u0130leri Seviye Ya\u011flama Y\u00f6netimi Rulman Hasar ve Ar\u0131za Analizi Titre\u015fim ve \u015eok Analizi Yerinde Balans Eksen Ayar\u0131 End\u00fcstriyel Varl\u0131k Y\u00f6netimi ve G\u00fcvenilirlik<\/p>\n","protected":false},"author":1,"featured_media":0,"parent":0,"menu_order":0,"comment_status":"closed","ping_status":"closed","template":"","meta":{"footnotes":""},"class_list":["post-1705","page","type-page","status-publish","hentry"],"_links":{"self":[{"href":"https:\/\/dorukcbm.com\/index.php?rest_route=\/wp\/v2\/pages\/1705","targetHints":{"allow":["GET"]}}],"collection":[{"href":"https:\/\/dorukcbm.com\/index.php?rest_route=\/wp\/v2\/pages"}],"about":[{"href":"https:\/\/dorukcbm.com\/index.php?rest_route=\/wp\/v2\/types\/page"}],"author":[{"embeddable":true,"href":"https:\/\/dorukcbm.com\/index.php?rest_route=\/wp\/v2\/users\/1"}],"replies":[{"embeddable":true,"href":"https:\/\/dorukcbm.com\/index.php?rest_route=%2Fwp%2Fv2%2Fcomments&post=1705"}],"version-history":[{"count":0,"href":"https:\/\/dorukcbm.com\/index.php?rest_route=\/wp\/v2\/pages\/1705\/revisions"}],"wp:attachment":[{"href":"https:\/\/dorukcbm.com\/index.php?rest_route=%2Fwp%2Fv2%2Fmedia&parent=1705"}],"curies":[{"name":"wp","href":"https:\/\/api.w.org\/{rel}","templated":true}]}}