{"id":1732,"date":"2025-08-19T13:24:48","date_gmt":"2025-08-19T13:24:48","guid":{"rendered":"https:\/\/dorukcbm.com\/?page_id=1732"},"modified":"2025-08-19T13:47:22","modified_gmt":"2025-08-19T13:47:22","slug":"yag-analiz-kitleri","status":"publish","type":"page","link":"https:\/\/dorukcbm.com\/?page_id=1732","title":{"rendered":"Ya\u011f Analiz Kitleri"},"content":{"rendered":"\t\t<div data-elementor-type=\"wp-page\" data-elementor-id=\"1732\" class=\"elementor elementor-1732\" data-elementor-post-type=\"page\">\n\t\t\t\t<div class=\"elementor-element elementor-element-17580066 e-flex e-con-boxed e-con e-parent\" data-id=\"17580066\" data-element_type=\"container\" data-e-type=\"container\" data-settings=\"{&quot;ekit_has_onepagescroll_dot&quot;:&quot;yes&quot;}\">\n\t\t\t\t\t<div class=\"e-con-inner\">\n\t\t\t\t<div class=\"elementor-element elementor-element-8ea4f0c elementor-widget elementor-widget-elementskit-heading\" data-id=\"8ea4f0c\" data-element_type=\"widget\" data-e-type=\"widget\" data-settings=\"{&quot;ekit_we_effect_on&quot;:&quot;none&quot;}\" data-widget_type=\"elementskit-heading.default\">\n\t\t\t\t<div class=\"elementor-widget-container\">\n\t\t\t\t\t<div class=\"ekit-wid-con\" ><div class=\"ekit-heading elementskit-section-title-wraper text_left   ekit_heading_tablet-   ekit_heading_mobile-\"><div class=\"ekit_heading_separetor_wraper ekit_heading_elementskit-border-divider elementskit-style-long\"><div class=\"elementskit-border-divider elementskit-style-long\"><\/div><\/div><h2 class=\"ekit-heading--title elementskit-section-title \"><span>Ya\u011f Analiz<\/span> Kitleri<\/h2><h3 class=\"ekit-heading--subtitle elementskit-section-subtitle  \">\n\t\t\t\t\t\tTa\u015f\u0131nabilir setler, dijital sistemler\n\t\t\t\t\t<\/h3><\/div><\/div>\t\t\t\t<\/div>\n\t\t\t\t<\/div>\n\t\t<div class=\"elementor-element elementor-element-75d86b46 e-con-full e-grid e-con e-child\" data-id=\"75d86b46\" data-element_type=\"container\" data-e-type=\"container\" data-settings=\"{&quot;ekit_has_onepagescroll_dot&quot;:&quot;yes&quot;}\">\n\t\t\t\t<div class=\"elementor-element elementor-element-8b17db ekit-equal-height-disable elementor-widget elementor-widget-elementskit-image-box\" data-id=\"8b17db\" data-element_type=\"widget\" data-e-type=\"widget\" data-settings=\"{&quot;ekit_we_effect_on&quot;:&quot;none&quot;}\" data-widget_type=\"elementskit-image-box.default\">\n\t\t\t\t<div class=\"elementor-widget-container\">\n\t\t\t\t\t<div class=\"ekit-wid-con\" >\n            <div class=\"elementskit-info-image-box ekit-image-box text-left simple-card\" >\n\n                \n                <div class=\"elementskit-box-header image-box-img-left\">\n\n                    <img fetchpriority=\"high\" decoding=\"async\" width=\"663\" height=\"408\" src=\"https:\/\/dorukcbm.com\/wp-content\/uploads\/2025\/08\/kits.webp\" class=\"attachment-full size-full wp-image-1584\" alt=\"\" srcset=\"https:\/\/dorukcbm.com\/wp-content\/uploads\/2025\/08\/kits.webp 663w, https:\/\/dorukcbm.com\/wp-content\/uploads\/2025\/08\/kits-300x185.webp 300w\" sizes=\"(max-width: 663px) 100vw, 663px\" \/>\n                <\/div>\n                \n                <div class=\"elementskit-box-body ekit-image-box-body\">\n                    <div class=\"elementskit-box-content ekit-image-box-body-inner\">\n                                                <h3 class=\"elementskit-info-box-title\">\n\n                        MOT \u2013 Ta\u015f\u0131nabilir Ya\u011f Test Kiti\n                        \n                    <\/h3>\n                                                            <div class=\"elementskit-box-style-content\">\n                        At\u00f6lyeler ve gezici bak\u0131m ekipleri i\u00e7in Ta\u015f\u0131nabilir Ya\u011f Test Cihaz\u0131 (MOT) Kiti, OQSx-G2'nin avantajlar\u0131ndan h\u0131zla yararlanman\u0131z\u0131 sa\u011flar.                    <\/div>\n                                    <\/div>\n\n                            <\/div>\n            <\/div>\n    <\/div>\t\t\t\t<\/div>\n\t\t\t\t<\/div>\n\t\t\t\t<div class=\"elementor-element elementor-element-3ef0f878 ekit-equal-height-disable elementor-widget elementor-widget-elementskit-image-box\" data-id=\"3ef0f878\" data-element_type=\"widget\" data-e-type=\"widget\" data-settings=\"{&quot;ekit_we_effect_on&quot;:&quot;none&quot;}\" data-widget_type=\"elementskit-image-box.default\">\n\t\t\t\t<div class=\"elementor-widget-container\">\n\t\t\t\t\t<div class=\"ekit-wid-con\" >\n            <div class=\"elementskit-info-image-box ekit-image-box text-left simple-card\" >\n\n                \n                <div class=\"elementskit-box-header image-box-img-left\">\n\n                    <img decoding=\"async\" width=\"663\" height=\"408\" src=\"https:\/\/dorukcbm.com\/wp-content\/uploads\/2025\/08\/1-1-MM-006-sf-prodcts-tan-delta-systems-White-BG-min-663x408-1.jpg\" class=\"attachment-full size-full wp-image-1738\" alt=\"\" srcset=\"https:\/\/dorukcbm.com\/wp-content\/uploads\/2025\/08\/1-1-MM-006-sf-prodcts-tan-delta-systems-White-BG-min-663x408-1.jpg 663w, https:\/\/dorukcbm.com\/wp-content\/uploads\/2025\/08\/1-1-MM-006-sf-prodcts-tan-delta-systems-White-BG-min-663x408-1-300x185.jpg 300w\" sizes=\"(max-width: 663px) 100vw, 663px\" \/>\n                <\/div>\n                \n                <div class=\"elementskit-box-body ekit-image-box-body\">\n                    <div class=\"elementskit-box-content ekit-image-box-body-inner\">\n                                                <h3 class=\"elementskit-info-box-title\">\n\n                        OQS Ba\u015flang\u0131\u00e7 Kiti\n                        \n                    <\/h3>\n                                                            <div class=\"elementskit-box-style-content\">\n                        Yap\u0131land\u0131rma &amp; Veri Y\u00f6netimi Yaz\u0131l\u0131m\u0131 ve Yap\u0131land\u0131rma Kablosu dahil olmak \u00fczere OQSx-G2'yi kurmak ve yap\u0131land\u0131rmak i\u00e7in gereken \u00f6\u011feleri i\u00e7erir.                    <\/div>\n                                    <\/div>\n\n                            <\/div>\n            <\/div>\n    <\/div>\t\t\t\t<\/div>\n\t\t\t\t<\/div>\n\t\t\t\t<div class=\"elementor-element elementor-element-3b02f393 ekit-equal-height-disable elementor-widget elementor-widget-elementskit-image-box\" data-id=\"3b02f393\" data-element_type=\"widget\" data-e-type=\"widget\" data-settings=\"{&quot;ekit_we_effect_on&quot;:&quot;none&quot;}\" data-widget_type=\"elementskit-image-box.default\">\n\t\t\t\t<div class=\"elementor-widget-container\">\n\t\t\t\t\t<div class=\"ekit-wid-con\" >\n            <div class=\"elementskit-info-image-box ekit-image-box text-left simple-card\" >\n\n                \n                <div class=\"elementskit-box-header image-box-img-left\">\n\n                    <img decoding=\"async\" width=\"663\" height=\"408\" src=\"https:\/\/dorukcbm.com\/wp-content\/uploads\/2025\/08\/1-1-MM-015-sf-prodcts-tan-delta-systems-White-BG-663x408-1.jpg\" class=\"attachment-full size-full wp-image-1739\" alt=\"\" srcset=\"https:\/\/dorukcbm.com\/wp-content\/uploads\/2025\/08\/1-1-MM-015-sf-prodcts-tan-delta-systems-White-BG-663x408-1.jpg 663w, https:\/\/dorukcbm.com\/wp-content\/uploads\/2025\/08\/1-1-MM-015-sf-prodcts-tan-delta-systems-White-BG-663x408-1-300x185.jpg 300w\" sizes=\"(max-width: 663px) 100vw, 663px\" \/>\n                <\/div>\n                \n                <div class=\"elementskit-box-body ekit-image-box-body\">\n                    <div class=\"elementskit-box-content ekit-image-box-body-inner\">\n                                                <h3 class=\"elementskit-info-box-title\">\n\n                        SENSE2 Display Kit\n                        \n                    <\/h3>\n                                                            <div class=\"elementskit-box-style-content\">\n                        Herhangi bir canl\u0131 \u00e7al\u0131\u015fan ekipmana kolayca sonradan tak\u0131labilen, s\u00fcrekli ger\u00e7ek zamanl\u0131 ya\u011f analizi ve ekipman\u0131 sa\u011flayan ger\u00e7ek zamanl\u0131 ya\u011f analiz kiti.                    <\/div>\n                                    <\/div>\n\n                            <\/div>\n            <\/div>\n    <\/div>\t\t\t\t<\/div>\n\t\t\t\t<\/div>\n\t\t\t\t<div class=\"elementor-element elementor-element-637fb46b ekit-equal-height-disable elementor-widget elementor-widget-elementskit-image-box\" data-id=\"637fb46b\" data-element_type=\"widget\" data-e-type=\"widget\" data-settings=\"{&quot;ekit_we_effect_on&quot;:&quot;none&quot;}\" data-widget_type=\"elementskit-image-box.default\">\n\t\t\t\t<div class=\"elementor-widget-container\">\n\t\t\t\t\t<div class=\"ekit-wid-con\" >\n            <div class=\"elementskit-info-image-box ekit-image-box text-left simple-card\" >\n\n                \n                <div class=\"elementskit-box-header image-box-img-left\">\n\n                    <img loading=\"lazy\" decoding=\"async\" width=\"663\" height=\"408\" src=\"https:\/\/dorukcbm.com\/wp-content\/uploads\/2025\/08\/1-1-MM-017-sf-prodcts-tan-delta-systems-White-BG-663x408-1.jpg\" class=\"attachment-full size-full wp-image-1740\" alt=\"\" srcset=\"https:\/\/dorukcbm.com\/wp-content\/uploads\/2025\/08\/1-1-MM-017-sf-prodcts-tan-delta-systems-White-BG-663x408-1.jpg 663w, https:\/\/dorukcbm.com\/wp-content\/uploads\/2025\/08\/1-1-MM-017-sf-prodcts-tan-delta-systems-White-BG-663x408-1-300x185.jpg 300w\" sizes=\"(max-width: 663px) 100vw, 663px\" \/>\n                <\/div>\n                \n                <div class=\"elementskit-box-body ekit-image-box-body\">\n                    <div class=\"elementskit-box-content ekit-image-box-body-inner\">\n                                                <h3 class=\"elementskit-info-box-title\">\n\n                        SENSE3 Gateway Kit\n                        \n                    <\/h3>\n                                                            <div class=\"elementskit-box-style-content\">\n                        Herhangi bir \u00e7evrimi\u00e7i M2M\/IoT izleme sistemini kullanarak hem canl\u0131 hem de ge\u00e7mi\u015f verilere eri\u015fmenizi sa\u011flayan \u00f6l\u00e7eklenebilir veri izleme ve analiz \u00e7\u00f6z\u00fcm\u00fc.                    <\/div>\n                                    <\/div>\n\n                            <\/div>\n            <\/div>\n    <\/div>\t\t\t\t<\/div>\n\t\t\t\t<\/div>\n\t\t\t\t<\/div>\n\t\t\t\t\t<\/div>\n\t\t\t\t<\/div>\n\t\t\t\t<\/div>\n\t\t","protected":false},"excerpt":{"rendered":"<p>Ya\u011f Analiz Kitleri Ta\u015f\u0131nabilir setler, dijital sistemler MOT \u2013 Ta\u015f\u0131nabilir Ya\u011f Test Kiti At\u00f6lyeler ve gezici bak\u0131m ekipleri i\u00e7in Ta\u015f\u0131nabilir Ya\u011f Test Cihaz\u0131 (MOT) Kiti, OQSx-G2&#8217;nin avantajlar\u0131ndan h\u0131zla yararlanman\u0131z\u0131 sa\u011flar. OQS Ba\u015flang\u0131\u00e7 Kiti Yap\u0131land\u0131rma &amp; Veri Y\u00f6netimi Yaz\u0131l\u0131m\u0131 ve Yap\u0131land\u0131rma Kablosu dahil olmak \u00fczere OQSx-G2&#8217;yi kurmak ve yap\u0131land\u0131rmak i\u00e7in gereken \u00f6\u011feleri i\u00e7erir. SENSE2 Display Kit [&hellip;]<\/p>\n","protected":false},"author":1,"featured_media":0,"parent":0,"menu_order":0,"comment_status":"closed","ping_status":"closed","template":"","meta":{"footnotes":""},"class_list":["post-1732","page","type-page","status-publish","hentry"],"_links":{"self":[{"href":"https:\/\/dorukcbm.com\/index.php?rest_route=\/wp\/v2\/pages\/1732","targetHints":{"allow":["GET"]}}],"collection":[{"href":"https:\/\/dorukcbm.com\/index.php?rest_route=\/wp\/v2\/pages"}],"about":[{"href":"https:\/\/dorukcbm.com\/index.php?rest_route=\/wp\/v2\/types\/page"}],"author":[{"embeddable":true,"href":"https:\/\/dorukcbm.com\/index.php?rest_route=\/wp\/v2\/users\/1"}],"replies":[{"embeddable":true,"href":"https:\/\/dorukcbm.com\/index.php?rest_route=%2Fwp%2Fv2%2Fcomments&post=1732"}],"version-history":[{"count":0,"href":"https:\/\/dorukcbm.com\/index.php?rest_route=\/wp\/v2\/pages\/1732\/revisions"}],"wp:attachment":[{"href":"https:\/\/dorukcbm.com\/index.php?rest_route=%2Fwp%2Fv2%2Fmedia&parent=1732"}],"curies":[{"name":"wp","href":"https:\/\/api.w.org\/{rel}","templated":true}]}}