{"id":1843,"date":"2026-01-14T14:52:30","date_gmt":"2026-01-14T14:52:30","guid":{"rendered":"https:\/\/dorukcbm.com\/?page_id=1843"},"modified":"2026-01-14T14:54:38","modified_gmt":"2026-01-14T14:54:38","slug":"lubcalculate","status":"publish","type":"page","link":"https:\/\/dorukcbm.com\/?page_id=1843","title":{"rendered":"lubcalculate"},"content":{"rendered":"\t\t<div data-elementor-type=\"wp-page\" data-elementor-id=\"1843\" class=\"elementor elementor-1843\" data-elementor-post-type=\"page\">\n\t\t\t\t<div class=\"elementor-element elementor-element-23fafd3 e-flex e-con-boxed e-con e-parent\" data-id=\"23fafd3\" data-element_type=\"container\" data-e-type=\"container\" data-settings=\"{&quot;ekit_has_onepagescroll_dot&quot;:&quot;yes&quot;}\">\n\t\t\t\t\t<div class=\"e-con-inner\">\n\t\t\t\t<div class=\"elementor-element elementor-element-8c6a941 elementor-widget elementor-widget-html\" data-id=\"8c6a941\" data-element_type=\"widget\" data-e-type=\"widget\" data-settings=\"{&quot;ekit_we_effect_on&quot;:&quot;none&quot;}\" data-widget_type=\"html.default\">\n\t\t\t\t<div class=\"elementor-widget-container\">\n\t\t\t\t\t<iframe \r\n    src=\"https:\/\/atanurdundar.pythonanywhere.com\" \r\n    width=\"100%\" \r\n    height=\"750\" \r\n    style=\"border:none; border-radius: 15px; box-shadow: 0 5px 15px rgba(0,0,0,0.1);\"\r\n    title=\"Ya\u011flama Hesaplay\u0131c\u0131\">\r\n<\/iframe>\t\t\t\t<\/div>\n\t\t\t\t<\/div>\n\t\t\t\t\t<\/div>\n\t\t\t\t<\/div>\n\t\t\t\t<\/div>\n\t\t","protected":false},"excerpt":{"rendered":"","protected":false},"author":1,"featured_media":0,"parent":0,"menu_order":0,"comment_status":"closed","ping_status":"closed","template":"","meta":{"footnotes":""},"class_list":["post-1843","page","type-page","status-publish","hentry"],"_links":{"self":[{"href":"https:\/\/dorukcbm.com\/index.php?rest_route=\/wp\/v2\/pages\/1843","targetHints":{"allow":["GET"]}}],"collection":[{"href":"https:\/\/dorukcbm.com\/index.php?rest_route=\/wp\/v2\/pages"}],"about":[{"href":"https:\/\/dorukcbm.com\/index.php?rest_route=\/wp\/v2\/types\/page"}],"author":[{"embeddable":true,"href":"https:\/\/dorukcbm.com\/index.php?rest_route=\/wp\/v2\/users\/1"}],"replies":[{"embeddable":true,"href":"https:\/\/dorukcbm.com\/index.php?rest_route=%2Fwp%2Fv2%2Fcomments&post=1843"}],"version-history":[{"count":7,"href":"https:\/\/dorukcbm.com\/index.php?rest_route=\/wp\/v2\/pages\/1843\/revisions"}],"predecessor-version":[{"id":1853,"href":"https:\/\/dorukcbm.com\/index.php?rest_route=\/wp\/v2\/pages\/1843\/revisions\/1853"}],"wp:attachment":[{"href":"https:\/\/dorukcbm.com\/index.php?rest_route=%2Fwp%2Fv2%2Fmedia&parent=1843"}],"curies":[{"name":"wp","href":"https:\/\/api.w.org\/{rel}","templated":true}]}}