{"id":254,"date":"2025-03-31T16:04:51","date_gmt":"2025-03-31T16:04:51","guid":{"rendered":"https:\/\/dorukcbm.com\/?page_id=254"},"modified":"2025-08-19T15:36:14","modified_gmt":"2025-08-19T15:36:14","slug":"olcum-teknikleri","status":"publish","type":"page","link":"https:\/\/dorukcbm.com\/?page_id=254","title":{"rendered":"\u00d6l\u00e7\u00fcm Teknikleri"},"content":{"rendered":"\t\t<div data-elementor-type=\"wp-page\" data-elementor-id=\"254\" class=\"elementor elementor-254\" data-elementor-post-type=\"page\">\n\t\t\t\t<div class=\"elementor-element elementor-element-148e772c e-flex e-con-boxed e-con e-parent\" data-id=\"148e772c\" data-element_type=\"container\" data-e-type=\"container\" data-settings=\"{&quot;ekit_has_onepagescroll_dot&quot;:&quot;yes&quot;}\">\n\t\t\t\t\t<div class=\"e-con-inner\">\n\t\t\t\t<div class=\"elementor-element elementor-element-5341ac9c elementor-widget elementor-widget-elementskit-heading\" data-id=\"5341ac9c\" data-element_type=\"widget\" data-e-type=\"widget\" data-settings=\"{&quot;ekit_we_effect_on&quot;:&quot;none&quot;}\" data-widget_type=\"elementskit-heading.default\">\n\t\t\t\t<div class=\"elementor-widget-container\">\n\t\t\t\t\t<div class=\"ekit-wid-con\" ><div class=\"ekit-heading elementskit-section-title-wraper text_left   ekit_heading_tablet-   ekit_heading_mobile-\"><div class=\"ekit_heading_separetor_wraper ekit_heading_elementskit-border-divider elementskit-style-long\"><div class=\"elementskit-border-divider elementskit-style-long\"><\/div><\/div><h2 class=\"ekit-heading--title elementskit-section-title \"><span>\u00d6l\u00e7\u00fcm<\/span> Teknikleri<\/h2><h3 class=\"ekit-heading--subtitle elementskit-section-subtitle  \">\n\t\t\t\t\t\t\u0130\u015fletmenize \u00e7\u00f6z\u00fcm olacak benzersiz deneyimler\n\t\t\t\t\t<\/h3><\/div><\/div>\t\t\t\t<\/div>\n\t\t\t\t<\/div>\n\t\t<div class=\"elementor-element elementor-element-7f94e6c3 e-con-full e-grid e-con e-child\" data-id=\"7f94e6c3\" data-element_type=\"container\" data-e-type=\"container\" data-settings=\"{&quot;ekit_has_onepagescroll_dot&quot;:&quot;yes&quot;}\">\n\t\t\t\t<div class=\"elementor-element elementor-element-3038c13 ekit-equal-height-disable elementor-widget elementor-widget-elementskit-image-box\" data-id=\"3038c13\" data-element_type=\"widget\" data-e-type=\"widget\" data-settings=\"{&quot;ekit_we_effect_on&quot;:&quot;none&quot;}\" data-widget_type=\"elementskit-image-box.default\">\n\t\t\t\t<div class=\"elementor-widget-container\">\n\t\t\t\t\t<div class=\"ekit-wid-con\" >\n            <div class=\"elementskit-info-image-box ekit-image-box text-left simple-card\" >\n\n                \n                <div class=\"elementskit-box-header image-box-img-left\">\n\n                    <img fetchpriority=\"high\" decoding=\"async\" width=\"392\" height=\"335\" src=\"https:\/\/dorukcbm.com\/wp-content\/uploads\/2025\/03\/Ekran-goruntusu-2025-03-31-191408.jpg\" class=\"attachment-full size-full wp-image-265\" alt=\"\" srcset=\"https:\/\/dorukcbm.com\/wp-content\/uploads\/2025\/03\/Ekran-goruntusu-2025-03-31-191408.jpg 392w, https:\/\/dorukcbm.com\/wp-content\/uploads\/2025\/03\/Ekran-goruntusu-2025-03-31-191408-300x256.jpg 300w\" sizes=\"(max-width: 392px) 100vw, 392px\" \/>\n                <\/div>\n                \n                <div class=\"elementskit-box-body ekit-image-box-body\">\n                    <div class=\"elementskit-box-content ekit-image-box-body-inner\">\n                                                <h3 class=\"elementskit-info-box-title\">\n\n                        HD Teknolojisi\n                        \n                    <\/h3>\n                                                            <div class=\"elementskit-box-style-content\">\n                        \u00dcst\u00fcn durum izleme etkinli\u011fi! Y\u00fcksek \u00e7\u00f6z\u00fcn\u00fcrl\u00fckl\u00fc durum izleme teknolojileri, bak\u0131m ve onar\u0131mlar i\u00e7in planlama ufkunu en \u00fcst d\u00fczeye \u00e7\u0131kararak ola\u011fan\u00fcst\u00fc \u00f6n uyar\u0131 s\u00fcreleri sa\u011flar. Bu da, varl\u0131k \u00f6mr\u00fcn\u00fcn tam olarak kullan\u0131lmas\u0131n\u0131, onar\u0131m maliyetlerinin d\u00fc\u015f\u00fcr\u00fclmesini ve planlanmam\u0131\u015f kesintilerin sonu\u00e7lar\u0131n\u0131n en aza indirilmesini sa\u011flar.                    <\/div>\n                                    <\/div>\n\n                            <\/div>\n            <\/div>\n    <\/div>\t\t\t\t<\/div>\n\t\t\t\t<\/div>\n\t\t\t\t<div class=\"elementor-element elementor-element-650e45f2 ekit-equal-height-disable elementor-widget elementor-widget-elementskit-image-box\" data-id=\"650e45f2\" data-element_type=\"widget\" data-e-type=\"widget\" data-settings=\"{&quot;ekit_we_effect_on&quot;:&quot;none&quot;}\" data-widget_type=\"elementskit-image-box.default\">\n\t\t\t\t<div class=\"elementor-widget-container\">\n\t\t\t\t\t<div class=\"ekit-wid-con\" >\n            <div class=\"elementskit-info-image-box ekit-image-box text-left simple-card\" >\n\n                \n                <div class=\"elementskit-box-header image-box-img-left\">\n\n                    <img decoding=\"async\" width=\"515\" height=\"296\" src=\"https:\/\/dorukcbm.com\/wp-content\/uploads\/2025\/03\/Ekran-goruntusu-2025-03-31-191852.jpg\" class=\"attachment-full size-full wp-image-266\" alt=\"\" srcset=\"https:\/\/dorukcbm.com\/wp-content\/uploads\/2025\/03\/Ekran-goruntusu-2025-03-31-191852.jpg 515w, https:\/\/dorukcbm.com\/wp-content\/uploads\/2025\/03\/Ekran-goruntusu-2025-03-31-191852-300x172.jpg 300w\" sizes=\"(max-width: 515px) 100vw, 515px\" \/>\n                <\/div>\n                \n                <div class=\"elementskit-box-body ekit-image-box-body\">\n                    <div class=\"elementskit-box-content ekit-image-box-body-inner\">\n                                                <h3 class=\"elementskit-info-box-title\">\n\n                        Titre\u015fim \u0130zleme\n                        \n                    <\/h3>\n                                                            <div class=\"elementskit-box-style-content\">\n                        Her t\u00fcrl\u00fc d\u00f6ner makinada dengesizlik, yanl\u0131\u015f hizalama, rezonans, gev\u015feklik ve ar\u0131zal\u0131 di\u015fli veya yataklar gibi \u00e7ok \u00e7e\u015fitli mekanik ar\u0131za durumlar\u0131n\u0131n erken tespiti i\u00e7in geli\u015fmi\u015f titre\u015fim izleme teknikleri sunuyoruz.                    <\/div>\n                                    <\/div>\n\n                            <\/div>\n            <\/div>\n    <\/div>\t\t\t\t<\/div>\n\t\t\t\t<\/div>\n\t\t\t\t<div class=\"elementor-element elementor-element-a11aca8 ekit-equal-height-disable elementor-widget elementor-widget-elementskit-image-box\" data-id=\"a11aca8\" data-element_type=\"widget\" data-e-type=\"widget\" data-settings=\"{&quot;ekit_we_effect_on&quot;:&quot;none&quot;}\" data-widget_type=\"elementskit-image-box.default\">\n\t\t\t\t<div class=\"elementor-widget-container\">\n\t\t\t\t\t<div class=\"ekit-wid-con\" >\n            <div class=\"elementskit-info-image-box ekit-image-box text-left simple-card\" >\n\n                \n                <div class=\"elementskit-box-header image-box-img-left\">\n\n                    <img decoding=\"async\" width=\"826\" height=\"898\" src=\"https:\/\/dorukcbm.com\/wp-content\/uploads\/2025\/03\/bearing-checker-spm-bc200-shock-pulse-measurement.png\" class=\"attachment-full size-full wp-image-267\" alt=\"\" srcset=\"https:\/\/dorukcbm.com\/wp-content\/uploads\/2025\/03\/bearing-checker-spm-bc200-shock-pulse-measurement.png 826w, https:\/\/dorukcbm.com\/wp-content\/uploads\/2025\/03\/bearing-checker-spm-bc200-shock-pulse-measurement-276x300.png 276w, https:\/\/dorukcbm.com\/wp-content\/uploads\/2025\/03\/bearing-checker-spm-bc200-shock-pulse-measurement-768x835.png 768w\" sizes=\"(max-width: 826px) 100vw, 826px\" \/>\n                <\/div>\n                \n                <div class=\"elementskit-box-body ekit-image-box-body\">\n                    <div class=\"elementskit-box-content ekit-image-box-body-inner\">\n                                                <h3 class=\"elementskit-info-box-title\">\n\n                        Shock Pulse \u0130zleme\n                        \n                    <\/h3>\n                                                            <div class=\"elementskit-box-style-content\">\n                        SPM, Shock Pulse Y\u00f6ntemi'nin k\u0131saltmas\u0131d\u0131r. Shock Pulse Y\u00f6ntemi, yuvarlanan elemanl\u0131 rulmanlardan gelen sinyallerin verimli durum izleme i\u00e7in temel olarak kullan\u0131ld\u0131\u011f\u0131 patentli bir tekniktir.                    <\/div>\n                                    <\/div>\n\n                            <\/div>\n            <\/div>\n    <\/div>\t\t\t\t<\/div>\n\t\t\t\t<\/div>\n\t\t\t\t<div class=\"elementor-element elementor-element-731cec56 ekit-equal-height-disable elementor-widget elementor-widget-elementskit-image-box\" data-id=\"731cec56\" data-element_type=\"widget\" data-e-type=\"widget\" data-settings=\"{&quot;ekit_we_effect_on&quot;:&quot;none&quot;}\" data-widget_type=\"elementskit-image-box.default\">\n\t\t\t\t<div class=\"elementor-widget-container\">\n\t\t\t\t\t<div class=\"ekit-wid-con\" >\n            <div class=\"elementskit-info-image-box ekit-image-box text-left simple-card\" >\n\n                \n                <div class=\"elementskit-box-header image-box-img-left\">\n\n                    <img loading=\"lazy\" decoding=\"async\" width=\"462\" height=\"466\" src=\"https:\/\/dorukcbm.com\/wp-content\/uploads\/2025\/03\/Ekran-goruntusu-2025-03-31-192434.jpg\" class=\"attachment-full size-full wp-image-268\" alt=\"\" srcset=\"https:\/\/dorukcbm.com\/wp-content\/uploads\/2025\/03\/Ekran-goruntusu-2025-03-31-192434.jpg 462w, https:\/\/dorukcbm.com\/wp-content\/uploads\/2025\/03\/Ekran-goruntusu-2025-03-31-192434-297x300.jpg 297w, https:\/\/dorukcbm.com\/wp-content\/uploads\/2025\/03\/Ekran-goruntusu-2025-03-31-192434-150x150.jpg 150w\" sizes=\"(max-width: 462px) 100vw, 462px\" \/>\n                <\/div>\n                \n                <div class=\"elementskit-box-body ekit-image-box-body\">\n                    <div class=\"elementskit-box-content ekit-image-box-body-inner\">\n                                                <h3 class=\"elementskit-info-box-title\">\n\n                        Eksen Ayar\u0131\n                        \n                    <\/h3>\n                                                            <div class=\"elementskit-box-style-content\">\n                        \u015eaft hizalamas\u0131n\u0131n amac\u0131 a\u015f\u0131r\u0131 titre\u015fimi ve makine par\u00e7alar\u0131n\u0131n erken bozulmas\u0131n\u0131 \u00f6nlemektir. \u00c7o\u011fu zaman, k\u00f6t\u00fc makine durumu belirgin olabilir, ancak onar\u0131mlar hizalama hatalar\u0131n\u0131 d\u00fczeltmeden veya zay\u0131f temeller, a\u015f\u0131r\u0131 s\u0131cakl\u0131k gradyanlar\u0131 ve ba\u011fl\u0131 borulardan kaynaklanan zorlanma gibi yanl\u0131\u015f hizalaman\u0131n alt\u0131nda yatan nedenleri ortadan kald\u0131rmadan yap\u0131l\u0131r.                    <\/div>\n                                    <\/div>\n\n                            <\/div>\n            <\/div>\n    <\/div>\t\t\t\t<\/div>\n\t\t\t\t<\/div>\n\t\t\t\t<div class=\"elementor-element elementor-element-ae264f ekit-equal-height-disable elementor-widget elementor-widget-elementskit-image-box\" data-id=\"ae264f\" data-element_type=\"widget\" data-e-type=\"widget\" data-settings=\"{&quot;ekit_we_effect_on&quot;:&quot;none&quot;}\" data-widget_type=\"elementskit-image-box.default\">\n\t\t\t\t<div class=\"elementor-widget-container\">\n\t\t\t\t\t<div class=\"ekit-wid-con\" >\n            <div class=\"elementskit-info-image-box ekit-image-box text-left simple-card\" >\n\n                \n                <div class=\"elementskit-box-header image-box-img-left\">\n\n                    <img loading=\"lazy\" decoding=\"async\" width=\"700\" height=\"917\" src=\"https:\/\/dorukcbm.com\/wp-content\/uploads\/2025\/03\/Diamond_balancing.png\" class=\"attachment-full size-full wp-image-270\" alt=\"\" srcset=\"https:\/\/dorukcbm.com\/wp-content\/uploads\/2025\/03\/Diamond_balancing.png 700w, https:\/\/dorukcbm.com\/wp-content\/uploads\/2025\/03\/Diamond_balancing-229x300.png 229w\" sizes=\"(max-width: 700px) 100vw, 700px\" \/>\n                <\/div>\n                \n                <div class=\"elementskit-box-body ekit-image-box-body\">\n                    <div class=\"elementskit-box-content ekit-image-box-body-inner\">\n                                                <h3 class=\"elementskit-info-box-title\">\n\n                        Balans\n                        \n                    <\/h3>\n                                                            <div class=\"elementskit-box-style-content\">\n                        Balanss\u0131zl\u0131k, bir \u015faft\u0131n geometrik merkez \u00e7izgisinin ve k\u00fctle merkez \u00e7izgisinin \u00e7ak\u0131\u015fmad\u0131\u011f\u0131 bir durumdur. Do\u011fru balans i\u015flemi, yataklar ve contalar \u00fczerindeki stresi, gev\u015feklik sorunlar\u0131n\u0131 ve rezonanslar\u0131 azaltmaya yard\u0131mc\u0131 olur. Balans i\u015flemi, el tipi cihazlar\u0131m\u0131z Leonova Diamond ve Leonova Emerald ile yap\u0131labilir.                    <\/div>\n                                    <\/div>\n\n                            <\/div>\n            <\/div>\n    <\/div>\t\t\t\t<\/div>\n\t\t\t\t<\/div>\n\t\t\t\t<\/div>\n\t\t\t\t\t<\/div>\n\t\t\t\t<\/div>\n\t\t\t\t<\/div>\n\t\t","protected":false},"excerpt":{"rendered":"<p>\u00d6l\u00e7\u00fcm Teknikleri \u0130\u015fletmenize \u00e7\u00f6z\u00fcm olacak benzersiz deneyimler HD Teknolojisi \u00dcst\u00fcn durum izleme etkinli\u011fi! Y\u00fcksek \u00e7\u00f6z\u00fcn\u00fcrl\u00fckl\u00fc durum izleme teknolojileri, bak\u0131m ve onar\u0131mlar i\u00e7in planlama ufkunu en \u00fcst d\u00fczeye \u00e7\u0131kararak ola\u011fan\u00fcst\u00fc \u00f6n uyar\u0131 s\u00fcreleri sa\u011flar. Bu da, varl\u0131k \u00f6mr\u00fcn\u00fcn tam olarak kullan\u0131lmas\u0131n\u0131, onar\u0131m maliyetlerinin d\u00fc\u015f\u00fcr\u00fclmesini ve planlanmam\u0131\u015f kesintilerin sonu\u00e7lar\u0131n\u0131n en aza indirilmesini sa\u011flar. Titre\u015fim \u0130zleme Her t\u00fcrl\u00fc [&hellip;]<\/p>\n","protected":false},"author":1,"featured_media":0,"parent":0,"menu_order":0,"comment_status":"closed","ping_status":"closed","template":"","meta":{"footnotes":""},"class_list":["post-254","page","type-page","status-publish","hentry"],"_links":{"self":[{"href":"https:\/\/dorukcbm.com\/index.php?rest_route=\/wp\/v2\/pages\/254","targetHints":{"allow":["GET"]}}],"collection":[{"href":"https:\/\/dorukcbm.com\/index.php?rest_route=\/wp\/v2\/pages"}],"about":[{"href":"https:\/\/dorukcbm.com\/index.php?rest_route=\/wp\/v2\/types\/page"}],"author":[{"embeddable":true,"href":"https:\/\/dorukcbm.com\/index.php?rest_route=\/wp\/v2\/users\/1"}],"replies":[{"embeddable":true,"href":"https:\/\/dorukcbm.com\/index.php?rest_route=%2Fwp%2Fv2%2Fcomments&post=254"}],"version-history":[{"count":0,"href":"https:\/\/dorukcbm.com\/index.php?rest_route=\/wp\/v2\/pages\/254\/revisions"}],"wp:attachment":[{"href":"https:\/\/dorukcbm.com\/index.php?rest_route=%2Fwp%2Fv2%2Fmedia&parent=254"}],"curies":[{"name":"wp","href":"https:\/\/api.w.org\/{rel}","templated":true}]}}