{"id":274,"date":"2025-03-31T16:33:28","date_gmt":"2025-03-31T16:33:28","guid":{"rendered":"https:\/\/dorukcbm.com\/?page_id=274"},"modified":"2026-01-14T14:57:25","modified_gmt":"2026-01-14T14:57:25","slug":"cozumler","status":"publish","type":"page","link":"https:\/\/dorukcbm.com\/?page_id=274","title":{"rendered":"\u00c7\u00f6z\u00fcmler"},"content":{"rendered":"\t\t<div data-elementor-type=\"wp-page\" data-elementor-id=\"274\" class=\"elementor elementor-274\" data-elementor-post-type=\"page\">\n\t\t\t\t<div class=\"elementor-element elementor-element-281772ab e-flex e-con-boxed e-con e-parent\" data-id=\"281772ab\" data-element_type=\"container\" data-e-type=\"container\" data-settings=\"{&quot;ekit_has_onepagescroll_dot&quot;:&quot;yes&quot;}\">\n\t\t\t\t\t<div class=\"e-con-inner\">\n\t\t\t\t<div class=\"elementor-element elementor-element-6edbaa2 elementor-widget elementor-widget-elementskit-heading\" data-id=\"6edbaa2\" data-element_type=\"widget\" data-e-type=\"widget\" data-settings=\"{&quot;ekit_we_effect_on&quot;:&quot;none&quot;}\" data-widget_type=\"elementskit-heading.default\">\n\t\t\t\t<div class=\"elementor-widget-container\">\n\t\t\t\t\t<div class=\"ekit-wid-con\" ><div class=\"ekit-heading elementskit-section-title-wraper text_left   ekit_heading_tablet-   ekit_heading_mobile-\"><div class=\"ekit_heading_separetor_wraper ekit_heading_elementskit-border-divider elementskit-style-long\"><div class=\"elementskit-border-divider elementskit-style-long\"><\/div><\/div><h2 class=\"ekit-heading--title elementskit-section-title \">\u00c7\u00f6z\u00fcmlerimiz<\/h2><\/div><\/div>\t\t\t\t<\/div>\n\t\t\t\t<\/div>\n\t\t<div class=\"elementor-element elementor-element-715b08ae e-con-full e-grid e-con e-child\" data-id=\"715b08ae\" data-element_type=\"container\" data-e-type=\"container\" data-settings=\"{&quot;ekit_has_onepagescroll_dot&quot;:&quot;yes&quot;}\">\n\t\t\t\t<div class=\"elementor-element elementor-element-97751a9 ekit-equal-height-disable elementor-widget elementor-widget-elementskit-image-box\" data-id=\"97751a9\" data-element_type=\"widget\" data-e-type=\"widget\" data-settings=\"{&quot;ekit_we_effect_on&quot;:&quot;none&quot;}\" data-widget_type=\"elementskit-image-box.default\">\n\t\t\t\t<div class=\"elementor-widget-container\">\n\t\t\t\t\t<div class=\"ekit-wid-con\" >\n            <div class=\"elementskit-info-image-box ekit-image-box text-left simple-card\" >\n\n                \n                <div class=\"elementskit-box-header image-box-img-left\">\n\n                    <img fetchpriority=\"high\" decoding=\"async\" width=\"2560\" height=\"1396\" src=\"https:\/\/dorukcbm.com\/wp-content\/uploads\/2026\/01\/LubMasterSmartCalc-scaled.png\" class=\"attachment-full size-full wp-image-1854\" alt=\"\" srcset=\"https:\/\/dorukcbm.com\/wp-content\/uploads\/2026\/01\/LubMasterSmartCalc-scaled.png 2560w, https:\/\/dorukcbm.com\/wp-content\/uploads\/2026\/01\/LubMasterSmartCalc-300x164.png 300w, https:\/\/dorukcbm.com\/wp-content\/uploads\/2026\/01\/LubMasterSmartCalc-1024x559.png 1024w, https:\/\/dorukcbm.com\/wp-content\/uploads\/2026\/01\/LubMasterSmartCalc-768x419.png 768w, https:\/\/dorukcbm.com\/wp-content\/uploads\/2026\/01\/LubMasterSmartCalc-1536x838.png 1536w, https:\/\/dorukcbm.com\/wp-content\/uploads\/2026\/01\/LubMasterSmartCalc-2048x1117.png 2048w\" sizes=\"(max-width: 2560px) 100vw, 2560px\" \/>\n                <\/div>\n                \n                <div class=\"elementskit-box-body ekit-image-box-body\">\n                    <div class=\"elementskit-box-content ekit-image-box-body-inner\">\n                                                <h3 class=\"elementskit-info-box-title\">\n\n                        Ya\u011flama Hesaplay\u0131c\u0131\n                        \n                    <\/h3>\n                                                            <div class=\"elementskit-box-style-content\">\n                        Rulmanlar\u0131n\u0131z\u0131n ne kadar ya\u011fa ihtiyac\u0131 oldu\u011funu merak ediyor musunuz?                    <\/div>\n                                    <\/div>\n\n                                <div class=\"elementskit-box-footer\">\n                    <div class=\"box-footer\">\n                        <div class=\"btn-wraper\">\n                                                            <a href=\"https:\/\/dorukcbm.com\/?page_id=1843\" class=\"elementskit-btn whitespace--normal\">\n                                    \n                                    \n                                    Uygulamaya Git                                <\/a>\n                                                        <\/div>\n                    <\/div>\n                <\/div>\n                            <\/div>\n            <\/div>\n    <\/div>\t\t\t\t<\/div>\n\t\t\t\t<\/div>\n\t\t\t\t<div class=\"elementor-element elementor-element-305d6e1 ekit-equal-height-disable elementor-widget elementor-widget-elementskit-image-box\" data-id=\"305d6e1\" data-element_type=\"widget\" data-e-type=\"widget\" data-settings=\"{&quot;ekit_we_effect_on&quot;:&quot;none&quot;}\" data-widget_type=\"elementskit-image-box.default\">\n\t\t\t\t<div class=\"elementor-widget-container\">\n\t\t\t\t\t<div class=\"ekit-wid-con\" >\n            <div class=\"elementskit-info-image-box ekit-image-box text-left simple-card\" >\n\n                \n                <div class=\"elementskit-box-header image-box-img-left\">\n\n                    <img decoding=\"async\" width=\"1200\" height=\"675\" src=\"https:\/\/dorukcbm.com\/wp-content\/uploads\/2025\/03\/ind.jpg\" class=\"attachment-full size-full wp-image-279\" alt=\"\" srcset=\"https:\/\/dorukcbm.com\/wp-content\/uploads\/2025\/03\/ind.jpg 1200w, https:\/\/dorukcbm.com\/wp-content\/uploads\/2025\/03\/ind-300x169.jpg 300w, https:\/\/dorukcbm.com\/wp-content\/uploads\/2025\/03\/ind-1024x576.jpg 1024w, https:\/\/dorukcbm.com\/wp-content\/uploads\/2025\/03\/ind-768x432.jpg 768w\" sizes=\"(max-width: 1200px) 100vw, 1200px\" \/>\n                <\/div>\n                \n                <div class=\"elementskit-box-body ekit-image-box-body\">\n                    <div class=\"elementskit-box-content ekit-image-box-body-inner\">\n                                                <h3 class=\"elementskit-info-box-title\">\n\n                        Sekt\u00f6rel \u00c7\u00f6z\u00fcmler\n                        \n                    <\/h3>\n                                                            <div class=\"elementskit-box-style-content\">\n                        Doruk CBM, \u00e7e\u015fitli end\u00fcstriler i\u00e7in durum tabanl\u0131 bak\u0131m konusunda uzmanl\u0131k sunar. Odak noktam\u0131z, planlanmam\u0131\u015f kesintileri en aza indirmek ve \u00fcretimi s\u00fcrd\u00fcrmek i\u00e7in erken ar\u0131za tespiti sa\u011flamakt\u0131r.                    <\/div>\n                                    <\/div>\n\n                            <\/div>\n            <\/div>\n    <\/div>\t\t\t\t<\/div>\n\t\t\t\t<\/div>\n\t\t\t\t<div class=\"elementor-element elementor-element-18743e25 ekit-equal-height-disable elementor-widget elementor-widget-elementskit-image-box\" data-id=\"18743e25\" data-element_type=\"widget\" data-e-type=\"widget\" data-settings=\"{&quot;ekit_we_effect_on&quot;:&quot;none&quot;}\" data-widget_type=\"elementskit-image-box.default\">\n\t\t\t\t<div class=\"elementor-widget-container\">\n\t\t\t\t\t<div class=\"ekit-wid-con\" >\n            <div class=\"elementskit-info-image-box ekit-image-box text-left simple-card\" >\n\n                \n                <div class=\"elementskit-box-header image-box-img-left\">\n\n                    <img decoding=\"async\" width=\"335\" height=\"190\" src=\"https:\/\/dorukcbm.com\/wp-content\/uploads\/2025\/03\/Ekran-goruntusu-2025-03-31-211155.jpg\" class=\"attachment-full size-full wp-image-290\" alt=\"\" srcset=\"https:\/\/dorukcbm.com\/wp-content\/uploads\/2025\/03\/Ekran-goruntusu-2025-03-31-211155.jpg 335w, https:\/\/dorukcbm.com\/wp-content\/uploads\/2025\/03\/Ekran-goruntusu-2025-03-31-211155-300x170.jpg 300w\" sizes=\"(max-width: 335px) 100vw, 335px\" \/>\n                <\/div>\n                \n                <div class=\"elementskit-box-body ekit-image-box-body\">\n                    <div class=\"elementskit-box-content ekit-image-box-body-inner\">\n                                                <h3 class=\"elementskit-info-box-title\">\n\n                        Vaka \u00c7al\u0131\u015fmas\u0131\n                        \n                    <\/h3>\n                                                            <div class=\"elementskit-box-style-content\">\n                        SPM'nin durum izleme konusundaki elli y\u0131l\u0131 a\u015fk\u0131n deneyimini sekt\u00f6r vaka \u00e7al\u0131\u015fmalar\u0131 arac\u0131l\u0131\u011f\u0131yla ke\u015ffedin. \u0130zleme ihtiya\u00e7lar\u0131n\u0131z i\u00e7in \u00e7\u00f6z\u00fcmler ke\u015ffedin ve yenilik\u00e7i teknolojimizi deneyimleyin.                    <\/div>\n                                    <\/div>\n\n                            <\/div>\n            <\/div>\n    <\/div>\t\t\t\t<\/div>\n\t\t\t\t<\/div>\n\t\t\t\t<div class=\"elementor-element elementor-element-42bffd57 ekit-equal-height-disable elementor-widget elementor-widget-elementskit-image-box\" data-id=\"42bffd57\" data-element_type=\"widget\" data-e-type=\"widget\" data-settings=\"{&quot;ekit_we_effect_on&quot;:&quot;none&quot;}\" data-widget_type=\"elementskit-image-box.default\">\n\t\t\t\t<div class=\"elementor-widget-container\">\n\t\t\t\t\t<div class=\"ekit-wid-con\" >\n            <div class=\"elementskit-info-image-box ekit-image-box text-left simple-card\" >\n\n                \n                <div class=\"elementskit-box-header image-box-img-left\">\n\n                    <img loading=\"lazy\" decoding=\"async\" width=\"249\" height=\"184\" src=\"https:\/\/dorukcbm.com\/wp-content\/uploads\/2025\/03\/Ekran-goruntusu-2025-03-31-211245.jpg\" class=\"attachment-full size-full wp-image-294\" alt=\"\" \/>\n                <\/div>\n                \n                <div class=\"elementskit-box-body ekit-image-box-body\">\n                    <div class=\"elementskit-box-content ekit-image-box-body-inner\">\n                                                <h3 class=\"elementskit-info-box-title\">\n\n                        S\u00fcre\u00e7 Optimizasyonu\n                        \n                    <\/h3>\n                                                            <div class=\"elementskit-box-style-content\">\n                        SPM'nin patentli teknolojileri, end\u00fcstriyel s\u00fcre\u00e7ler hakk\u0131nda de\u011ferli bilgiler sunarak, s\u00fcre\u00e7 optimizasyonu yoluyla artan karl\u0131l\u0131k ve i\u015f b\u00fcy\u00fcmesi i\u00e7in f\u0131rsatlar yarat\u0131r.                    <\/div>\n                                    <\/div>\n\n                            <\/div>\n            <\/div>\n    <\/div>\t\t\t\t<\/div>\n\t\t\t\t<\/div>\n\t\t\t\t<div class=\"elementor-element elementor-element-37b72a48 ekit-equal-height-disable elementor-widget elementor-widget-elementskit-image-box\" data-id=\"37b72a48\" data-element_type=\"widget\" data-e-type=\"widget\" data-settings=\"{&quot;ekit_we_effect_on&quot;:&quot;none&quot;}\" data-widget_type=\"elementskit-image-box.default\">\n\t\t\t\t<div class=\"elementor-widget-container\">\n\t\t\t\t\t<div class=\"ekit-wid-con\" >\n            <div class=\"elementskit-info-image-box ekit-image-box text-left simple-card\" >\n\n                \n                <div class=\"elementskit-box-header image-box-img-left\">\n\n                    <img loading=\"lazy\" decoding=\"async\" width=\"257\" height=\"190\" src=\"https:\/\/dorukcbm.com\/wp-content\/uploads\/2025\/03\/Ekran-goruntusu-2025-03-31-230432.jpg\" class=\"attachment-full size-full wp-image-298\" alt=\"\" \/>\n                <\/div>\n                \n                <div class=\"elementskit-box-body ekit-image-box-body\">\n                    <div class=\"elementskit-box-content ekit-image-box-body-inner\">\n                                                <h3 class=\"elementskit-info-box-title\">\n\n                        Kablosuz \u00c7\u00f6z\u00fcmler\n                        \n                    <\/h3>\n                                                            <div class=\"elementskit-box-style-content\">\n                        SPM Airius taraf\u0131ndan desteklenen kablosuz \u00e7\u00f6z\u00fcm\u00fcm\u00fcz, \u00fcretim ekipman\u0131n\u0131za ger\u00e7ek zamanl\u0131 i\u00e7g\u00f6r\u00fcler sa\u011flar. Otomatik veri toplaman\u0131n, azalt\u0131lm\u0131\u015f maliyetlerin ve iyile\u015ftirilmi\u015f g\u00fcvenli\u011fin faydalar\u0131n\u0131 deneyimleyin.                    <\/div>\n                                    <\/div>\n\n                            <\/div>\n            <\/div>\n    <\/div>\t\t\t\t<\/div>\n\t\t\t\t<\/div>\n\t\t\t\t<div class=\"elementor-element elementor-element-47cff495 ekit-equal-height-disable elementor-widget elementor-widget-elementskit-image-box\" data-id=\"47cff495\" data-element_type=\"widget\" data-e-type=\"widget\" data-settings=\"{&quot;ekit_we_effect_on&quot;:&quot;none&quot;}\" data-widget_type=\"elementskit-image-box.default\">\n\t\t\t\t<div class=\"elementor-widget-container\">\n\t\t\t\t\t<div class=\"ekit-wid-con\" >\n            <div class=\"elementskit-info-image-box ekit-image-box text-left simple-card\" >\n\n                \n                <div class=\"elementskit-box-header image-box-img-left\">\n\n                    <img loading=\"lazy\" decoding=\"async\" width=\"221\" height=\"190\" src=\"https:\/\/dorukcbm.com\/wp-content\/uploads\/2025\/03\/Ekran-goruntusu-2025-03-31-230602.jpg\" class=\"attachment-full size-full wp-image-302\" alt=\"\" \/>\n                <\/div>\n                \n                <div class=\"elementskit-box-body ekit-image-box-body\">\n                    <div class=\"elementskit-box-content ekit-image-box-body-inner\">\n                                                <h3 class=\"elementskit-info-box-title\">\n\n                        End\u00fcstri 4.0\n                        \n                    <\/h3>\n                                                            <div class=\"elementskit-box-style-content\">\n                        Y\u00fcksek \u00e7\u00f6z\u00fcn\u00fcrl\u00fckl\u00fc durum izleme verilerimiz End\u00fcstri 4.0 ile kusursuz bir \u015fekilde uyumludur ve \u00fcst\u00fcn esneklik ve ba\u011flant\u0131 ile daha ak\u0131ll\u0131 i\u00e7g\u00f6r\u00fcler ve geli\u015fmi\u015f varl\u0131k performans\u0131 sunar.                    <\/div>\n                                    <\/div>\n\n                            <\/div>\n            <\/div>\n    <\/div>\t\t\t\t<\/div>\n\t\t\t\t<\/div>\n\t\t\t\t<div class=\"elementor-element elementor-element-6b021fe ekit-equal-height-disable elementor-widget elementor-widget-elementskit-image-box\" data-id=\"6b021fe\" data-element_type=\"widget\" data-e-type=\"widget\" data-settings=\"{&quot;ekit_we_effect_on&quot;:&quot;none&quot;}\" data-widget_type=\"elementskit-image-box.default\">\n\t\t\t\t<div class=\"elementor-widget-container\">\n\t\t\t\t\t<div class=\"ekit-wid-con\" >\n            <div class=\"elementskit-info-image-box ekit-image-box text-left simple-card\" >\n\n                \n                <div class=\"elementskit-box-header image-box-img-left\">\n\n                    <img loading=\"lazy\" decoding=\"async\" width=\"600\" height=\"350\" src=\"https:\/\/dorukcbm.com\/wp-content\/uploads\/2025\/03\/Maintenance-CBM-e1743452246652.jpg\" class=\"attachment-full size-full wp-image-304\" alt=\"\" \/>\n                <\/div>\n                \n                <div class=\"elementskit-box-body ekit-image-box-body\">\n                    <div class=\"elementskit-box-content ekit-image-box-body-inner\">\n                                                <h3 class=\"elementskit-info-box-title\">\n\n                        CBM - Duruma Dayal\u0131 Bak\u0131m\n                        \n                    <\/h3>\n                                                            <div class=\"elementskit-box-style-content\">\n                        Doruk CBM taraf\u0131ndan geli\u015ftirilen, end\u00fcstriyel varl\u0131klar\u0131n\u0131z\u0131n durumuna dayal\u0131 olarak bak\u0131m planlaman\u0131z\u0131 yapabilece\u011finiz \u00f6zel \u00e7\u00f6z\u00fcmler sunuyoruz                    <\/div>\n                                    <\/div>\n\n                            <\/div>\n            <\/div>\n    <\/div>\t\t\t\t<\/div>\n\t\t\t\t<\/div>\n\t\t\t\t<\/div>\n\t\t\t\t\t<\/div>\n\t\t\t\t<\/div>\n\t\t\t\t<\/div>\n\t\t","protected":false},"excerpt":{"rendered":"<p>\u00c7\u00f6z\u00fcmlerimiz Ya\u011flama Hesaplay\u0131c\u0131 Rulmanlar\u0131n\u0131z\u0131n ne kadar ya\u011fa ihtiyac\u0131 oldu\u011funu merak ediyor musunuz? Uygulamaya Git Sekt\u00f6rel \u00c7\u00f6z\u00fcmler Doruk CBM, \u00e7e\u015fitli end\u00fcstriler i\u00e7in durum tabanl\u0131 bak\u0131m konusunda uzmanl\u0131k sunar. Odak noktam\u0131z, planlanmam\u0131\u015f kesintileri en aza indirmek ve \u00fcretimi s\u00fcrd\u00fcrmek i\u00e7in erken ar\u0131za tespiti sa\u011flamakt\u0131r. Vaka \u00c7al\u0131\u015fmas\u0131 SPM&#8217;nin durum izleme konusundaki elli y\u0131l\u0131 a\u015fk\u0131n deneyimini sekt\u00f6r vaka \u00e7al\u0131\u015fmalar\u0131 [&hellip;]<\/p>\n","protected":false},"author":1,"featured_media":0,"parent":0,"menu_order":0,"comment_status":"closed","ping_status":"closed","template":"","meta":{"footnotes":""},"class_list":["post-274","page","type-page","status-publish","hentry"],"_links":{"self":[{"href":"https:\/\/dorukcbm.com\/index.php?rest_route=\/wp\/v2\/pages\/274","targetHints":{"allow":["GET"]}}],"collection":[{"href":"https:\/\/dorukcbm.com\/index.php?rest_route=\/wp\/v2\/pages"}],"about":[{"href":"https:\/\/dorukcbm.com\/index.php?rest_route=\/wp\/v2\/types\/page"}],"author":[{"embeddable":true,"href":"https:\/\/dorukcbm.com\/index.php?rest_route=\/wp\/v2\/users\/1"}],"replies":[{"embeddable":true,"href":"https:\/\/dorukcbm.com\/index.php?rest_route=%2Fwp%2Fv2%2Fcomments&post=274"}],"version-history":[{"count":12,"href":"https:\/\/dorukcbm.com\/index.php?rest_route=\/wp\/v2\/pages\/274\/revisions"}],"predecessor-version":[{"id":1860,"href":"https:\/\/dorukcbm.com\/index.php?rest_route=\/wp\/v2\/pages\/274\/revisions\/1860"}],"wp:attachment":[{"href":"https:\/\/dorukcbm.com\/index.php?rest_route=%2Fwp%2Fv2%2Fmedia&parent=274"}],"curies":[{"name":"wp","href":"https:\/\/api.w.org\/{rel}","templated":true}]}}