{"id":403,"date":"2025-04-04T09:57:05","date_gmt":"2025-04-04T09:57:05","guid":{"rendered":"https:\/\/dorukcbm.com\/?page_id=403"},"modified":"2025-08-17T19:50:35","modified_gmt":"2025-08-17T19:50:35","slug":"portatif-cihazlar","status":"publish","type":"page","link":"https:\/\/dorukcbm.com\/?page_id=403","title":{"rendered":"Portatif Cihazlar"},"content":{"rendered":"\t\t<div data-elementor-type=\"wp-page\" data-elementor-id=\"403\" class=\"elementor elementor-403\" data-elementor-post-type=\"page\">\n\t\t\t\t<div class=\"elementor-element elementor-element-cd651b4 e-flex e-con-boxed e-con e-parent\" data-id=\"cd651b4\" data-element_type=\"container\" data-e-type=\"container\" data-settings=\"{&quot;ekit_has_onepagescroll_dot&quot;:&quot;yes&quot;}\">\n\t\t\t\t\t<div class=\"e-con-inner\">\n\t\t\t\t<div class=\"elementor-element elementor-element-79ef1992 elementor-widget elementor-widget-elementskit-heading\" data-id=\"79ef1992\" data-element_type=\"widget\" data-e-type=\"widget\" data-settings=\"{&quot;ekit_we_effect_on&quot;:&quot;none&quot;}\" data-widget_type=\"elementskit-heading.default\">\n\t\t\t\t<div class=\"elementor-widget-container\">\n\t\t\t\t\t<div class=\"ekit-wid-con\" ><div class=\"ekit-heading elementskit-section-title-wraper text_left   ekit_heading_tablet-   ekit_heading_mobile-\"><div class=\"ekit_heading_separetor_wraper ekit_heading_elementskit-border-divider elementskit-style-long\"><div class=\"elementskit-border-divider elementskit-style-long\"><\/div><\/div><h2 class=\"ekit-heading--title elementskit-section-title \">Portatif <span>Cihazlar<\/span><\/h2><h3 class=\"ekit-heading--subtitle elementskit-section-subtitle  \">\n\t\t\t\t\t\tTitre\u015fim &amp; \u015eok \u00d6l\u00e7\u00fcm\u00fc, Devir \u00d6l\u00e7\u00fcm\u00fc, Stroboskop...\n\t\t\t\t\t<\/h3><\/div><\/div>\t\t\t\t<\/div>\n\t\t\t\t<\/div>\n\t\t<div class=\"elementor-element elementor-element-359e4682 e-con-full e-grid e-con e-child\" data-id=\"359e4682\" data-element_type=\"container\" data-e-type=\"container\" data-settings=\"{&quot;ekit_has_onepagescroll_dot&quot;:&quot;yes&quot;}\">\n\t\t\t\t<div class=\"elementor-element elementor-element-31d36e3d ekit-equal-height-disable elementor-widget elementor-widget-elementskit-image-box\" data-id=\"31d36e3d\" data-element_type=\"widget\" data-e-type=\"widget\" data-settings=\"{&quot;ekit_we_effect_on&quot;:&quot;none&quot;}\" data-widget_type=\"elementskit-image-box.default\">\n\t\t\t\t<div class=\"elementor-widget-container\">\n\t\t\t\t\t<div class=\"ekit-wid-con\" >\n            <div class=\"elementskit-info-image-box ekit-image-box text-left simple-card\" >\n\n                \n                <div class=\"elementskit-box-header image-box-img-left\">\n\n                    <img fetchpriority=\"high\" decoding=\"async\" width=\"397\" height=\"367\" src=\"https:\/\/dorukcbm.com\/wp-content\/uploads\/2025\/05\/Diamond.jpg\" class=\"attachment-full size-full wp-image-451\" alt=\"\" srcset=\"https:\/\/dorukcbm.com\/wp-content\/uploads\/2025\/05\/Diamond.jpg 397w, https:\/\/dorukcbm.com\/wp-content\/uploads\/2025\/05\/Diamond-300x277.jpg 300w\" sizes=\"(max-width: 397px) 100vw, 397px\" \/>\n                <\/div>\n                \n                <div class=\"elementskit-box-body ekit-image-box-body\">\n                    <div class=\"elementskit-box-content ekit-image-box-body-inner\">\n                                                <h3 class=\"elementskit-info-box-title\">\n\n                        Leonova Diamond\n                        \n                    <\/h3>\n                                                            <div class=\"elementskit-box-style-content\">\n                        Leonova Diamond\u00ae zorlu end\u00fcstriyel ortamlarda y\u00fcksek verimli \u00f6l\u00e7\u00fcm yollar\u0131 i\u00e7in geli\u015fmi\u015f ve g\u00fc\u00e7l\u00fc bir veri analiz\u00f6r\u00fcd\u00fcr.                    <\/div>\n                                    <\/div>\n\n                                <div class=\"elementskit-box-footer\">\n                    <div class=\"box-footer\">\n                        <div class=\"btn-wraper\">\n                                                            <a href=\"https:\/\/dorukcbm.com\/?page_id=649\" class=\"elementskit-btn whitespace--normal\">\n                                    \n                                    \n                                    Daha fazla                                <\/a>\n                                                        <\/div>\n                    <\/div>\n                <\/div>\n                            <\/div>\n            <\/div>\n    <\/div>\t\t\t\t<\/div>\n\t\t\t\t<\/div>\n\t\t\t\t<div class=\"elementor-element elementor-element-2e6e8fab ekit-equal-height-disable elementor-widget elementor-widget-elementskit-image-box\" data-id=\"2e6e8fab\" data-element_type=\"widget\" data-e-type=\"widget\" data-settings=\"{&quot;ekit_we_effect_on&quot;:&quot;none&quot;}\" data-widget_type=\"elementskit-image-box.default\">\n\t\t\t\t<div class=\"elementor-widget-container\">\n\t\t\t\t\t<div class=\"ekit-wid-con\" >\n            <div class=\"elementskit-info-image-box ekit-image-box text-left simple-card\" >\n\n                \n                <div class=\"elementskit-box-header image-box-img-left\">\n\n                    <img decoding=\"async\" width=\"352\" height=\"383\" src=\"https:\/\/dorukcbm.com\/wp-content\/uploads\/2025\/05\/Emerald.jpg\" class=\"attachment-full size-full wp-image-452\" alt=\"\" srcset=\"https:\/\/dorukcbm.com\/wp-content\/uploads\/2025\/05\/Emerald.jpg 352w, https:\/\/dorukcbm.com\/wp-content\/uploads\/2025\/05\/Emerald-276x300.jpg 276w\" sizes=\"(max-width: 352px) 100vw, 352px\" \/>\n                <\/div>\n                \n                <div class=\"elementskit-box-body ekit-image-box-body\">\n                    <div class=\"elementskit-box-content ekit-image-box-body-inner\">\n                                                <h3 class=\"elementskit-info-box-title\">\n\n                        Leonova Emerald\n                        \n                    <\/h3>\n                                                            <div class=\"elementskit-box-style-content\">\n                        El tipi veri toplay\u0131c\u0131 Leonova Emerald\u00ae bak\u0131m m\u00fchendisleri ve teknisyenleri i\u00e7in en \u00fcst d\u00fczey \u00f6n cephe arac\u0131d\u0131r.                    <\/div>\n                                    <\/div>\n\n                                <div class=\"elementskit-box-footer\">\n                    <div class=\"box-footer\">\n                        <div class=\"btn-wraper\">\n                                                            <a href=\"https:\/\/dorukcbm.com\/?page_id=706\" class=\"elementskit-btn whitespace--normal\">\n                                    \n                                    \n                                    Daha fazla                                <\/a>\n                                                        <\/div>\n                    <\/div>\n                <\/div>\n                            <\/div>\n            <\/div>\n    <\/div>\t\t\t\t<\/div>\n\t\t\t\t<\/div>\n\t\t\t\t<div class=\"elementor-element elementor-element-203a732f ekit-equal-height-disable elementor-widget elementor-widget-elementskit-image-box\" data-id=\"203a732f\" data-element_type=\"widget\" data-e-type=\"widget\" data-settings=\"{&quot;ekit_we_effect_on&quot;:&quot;none&quot;}\" data-widget_type=\"elementskit-image-box.default\">\n\t\t\t\t<div class=\"elementor-widget-container\">\n\t\t\t\t\t<div class=\"ekit-wid-con\" >\n            <div class=\"elementskit-info-image-box ekit-image-box text-left simple-card\" >\n\n                \n                <div class=\"elementskit-box-header image-box-img-left\">\n\n                    <img decoding=\"async\" width=\"335\" height=\"382\" src=\"https:\/\/dorukcbm.com\/wp-content\/uploads\/2025\/05\/BearingChecker.jpg\" class=\"attachment-full size-full wp-image-450\" alt=\"\" srcset=\"https:\/\/dorukcbm.com\/wp-content\/uploads\/2025\/05\/BearingChecker.jpg 335w, https:\/\/dorukcbm.com\/wp-content\/uploads\/2025\/05\/BearingChecker-263x300.jpg 263w\" sizes=\"(max-width: 335px) 100vw, 335px\" \/>\n                <\/div>\n                \n                <div class=\"elementskit-box-body ekit-image-box-body\">\n                    <div class=\"elementskit-box-content ekit-image-box-body-inner\">\n                                                <h3 class=\"elementskit-info-box-title\">\n\n                        BearingChecker\n                        \n                    <\/h3>\n                                                            <div class=\"elementskit-box-style-content\">\n                        BearingChecker, rulmanlar\u0131n ve ya\u011flama durumunun g\u00fcvenilir bir \u015fekilde ilk a\u015famada de\u011ferlendirilmesi i\u00e7in kullan\u0131lan kullan\u0131c\u0131 dostu bir ara\u00e7t\u0131r.                    <\/div>\n                                    <\/div>\n\n                                <div class=\"elementskit-box-footer\">\n                    <div class=\"box-footer\">\n                        <div class=\"btn-wraper\">\n                                                            <a href=\"https:\/\/dorukcbm.com\/?page_id=932\" class=\"elementskit-btn whitespace--normal\">\n                                    \n                                    \n                                    Daha fazla                                <\/a>\n                                                        <\/div>\n                    <\/div>\n                <\/div>\n                            <\/div>\n            <\/div>\n    <\/div>\t\t\t\t<\/div>\n\t\t\t\t<\/div>\n\t\t\t\t<div class=\"elementor-element elementor-element-656fbafd ekit-equal-height-disable elementor-widget elementor-widget-elementskit-image-box\" data-id=\"656fbafd\" data-element_type=\"widget\" data-e-type=\"widget\" data-settings=\"{&quot;ekit_we_effect_on&quot;:&quot;none&quot;}\" data-widget_type=\"elementskit-image-box.default\">\n\t\t\t\t<div class=\"elementor-widget-container\">\n\t\t\t\t\t<div class=\"ekit-wid-con\" >\n            <div class=\"elementskit-info-image-box ekit-image-box text-left simple-card\" >\n\n                \n                <div class=\"elementskit-box-header image-box-img-left\">\n\n                    <img loading=\"lazy\" decoding=\"async\" width=\"316\" height=\"381\" src=\"https:\/\/dorukcbm.com\/wp-content\/uploads\/2025\/05\/VibChecker.jpg\" class=\"attachment-full size-full wp-image-455\" alt=\"\" srcset=\"https:\/\/dorukcbm.com\/wp-content\/uploads\/2025\/05\/VibChecker.jpg 316w, https:\/\/dorukcbm.com\/wp-content\/uploads\/2025\/05\/VibChecker-249x300.jpg 249w\" sizes=\"(max-width: 316px) 100vw, 316px\" \/>\n                <\/div>\n                \n                <div class=\"elementskit-box-body ekit-image-box-body\">\n                    <div class=\"elementskit-box-content ekit-image-box-body-inner\">\n                                                <h3 class=\"elementskit-info-box-title\">\n\n                        VibChecker\n                        \n                    <\/h3>\n                                                            <div class=\"elementskit-box-style-content\">\n                        Sahada h\u0131zl\u0131 ve do\u011fru titre\u015fim kontrolleri i\u00e7in tasarlanan VibChecker, \u00e7o\u011fu d\u00f6ner makinenin temel titre\u015fim izleme ihtiya\u00e7lar\u0131n\u0131 kar\u015f\u0131lar.                    <\/div>\n                                    <\/div>\n\n                                <div class=\"elementskit-box-footer\">\n                    <div class=\"box-footer\">\n                        <div class=\"btn-wraper\">\n                                                            <a href=\"https:\/\/dorukcbm.com\/?page_id=1046\" class=\"elementskit-btn whitespace--normal\">\n                                    \n                                    \n                                    Daha fazla                                <\/a>\n                                                        <\/div>\n                    <\/div>\n                <\/div>\n                            <\/div>\n            <\/div>\n    <\/div>\t\t\t\t<\/div>\n\t\t\t\t<\/div>\n\t\t\t\t<div class=\"elementor-element elementor-element-6aa18bb8 ekit-equal-height-disable elementor-widget elementor-widget-elementskit-image-box\" data-id=\"6aa18bb8\" data-element_type=\"widget\" data-e-type=\"widget\" data-settings=\"{&quot;ekit_we_effect_on&quot;:&quot;none&quot;}\" data-widget_type=\"elementskit-image-box.default\">\n\t\t\t\t<div class=\"elementor-widget-container\">\n\t\t\t\t\t<div class=\"ekit-wid-con\" >\n            <div class=\"elementskit-info-image-box ekit-image-box text-left simple-card\" >\n\n                \n                <div class=\"elementskit-box-header image-box-img-left\">\n\n                    <img loading=\"lazy\" decoding=\"async\" width=\"538\" height=\"362\" src=\"https:\/\/dorukcbm.com\/wp-content\/uploads\/2025\/05\/Steteskop.jpg\" class=\"attachment-full size-full wp-image-453\" alt=\"\" srcset=\"https:\/\/dorukcbm.com\/wp-content\/uploads\/2025\/05\/Steteskop.jpg 538w, https:\/\/dorukcbm.com\/wp-content\/uploads\/2025\/05\/Steteskop-300x202.jpg 300w\" sizes=\"(max-width: 538px) 100vw, 538px\" \/>\n                <\/div>\n                \n                <div class=\"elementskit-box-body ekit-image-box-body\">\n                    <div class=\"elementskit-box-content ekit-image-box-body-inner\">\n                                                <h3 class=\"elementskit-info-box-title\">\n\n                        Elektronik Steteskop\n                        \n                    <\/h3>\n                                                            <div class=\"elementskit-box-style-content\">\n                        M\u00fckemmel hassasiyet ve ses kalitesiyle elektronik stetoskopumuz, her t\u00fcrl\u00fc makinedeki mekanik g\u00fcr\u00fclt\u00fcn\u00fcn kayna\u011f\u0131n\u0131 belirlemeye yard\u0131mc\u0131 olur.                    <\/div>\n                                    <\/div>\n\n                                <div class=\"elementskit-box-footer\">\n                    <div class=\"box-footer\">\n                        <div class=\"btn-wraper\">\n                                                            <a href=\"https:\/\/dorukcbm.com\/?page_id=891\" class=\"elementskit-btn whitespace--normal\">\n                                    \n                                    \n                                    Daha fazla                                <\/a>\n                                                        <\/div>\n                    <\/div>\n                <\/div>\n                            <\/div>\n            <\/div>\n    <\/div>\t\t\t\t<\/div>\n\t\t\t\t<\/div>\n\t\t\t\t<div class=\"elementor-element elementor-element-50d54dc4 ekit-equal-height-disable elementor-widget elementor-widget-elementskit-image-box\" data-id=\"50d54dc4\" data-element_type=\"widget\" data-e-type=\"widget\" data-settings=\"{&quot;ekit_we_effect_on&quot;:&quot;none&quot;}\" data-widget_type=\"elementskit-image-box.default\">\n\t\t\t\t<div class=\"elementor-widget-container\">\n\t\t\t\t\t<div class=\"ekit-wid-con\" >\n            <div class=\"elementskit-info-image-box ekit-image-box text-left simple-card\" >\n\n                \n                <div class=\"elementskit-box-header image-box-img-left\">\n\n                    <img loading=\"lazy\" decoding=\"async\" width=\"555\" height=\"334\" src=\"https:\/\/dorukcbm.com\/wp-content\/uploads\/2025\/05\/Stroboskop.jpg\" class=\"attachment-full size-full wp-image-454\" alt=\"\" srcset=\"https:\/\/dorukcbm.com\/wp-content\/uploads\/2025\/05\/Stroboskop.jpg 555w, https:\/\/dorukcbm.com\/wp-content\/uploads\/2025\/05\/Stroboskop-300x181.jpg 300w\" sizes=\"(max-width: 555px) 100vw, 555px\" \/>\n                <\/div>\n                \n                <div class=\"elementskit-box-body ekit-image-box-body\">\n                    <div class=\"elementskit-box-content ekit-image-box-body-inner\">\n                                                <h3 class=\"elementskit-info-box-title\">\n\n                        Stroboskop\n                        \n                    <\/h3>\n                                                            <div class=\"elementskit-box-style-content\">\n                        Dijital stroboskop, d\u00f6n\u00fc\u015f h\u0131z\u0131n\u0131n temass\u0131z \u00f6l\u00e7\u00fcm\u00fc ve h\u0131zl\u0131, tekrarlayan hareketin g\u00f6zlenmesi i\u00e7in idealdir.                    <\/div>\n                                    <\/div>\n\n                                <div class=\"elementskit-box-footer\">\n                    <div class=\"box-footer\">\n                        <div class=\"btn-wraper\">\n                                                            <a href=\"https:\/\/dorukcbm.com\/?page_id=1113\" class=\"elementskit-btn whitespace--normal\">\n                                    \n                                    \n                                    Daha fazla                                <\/a>\n                                                        <\/div>\n                    <\/div>\n                <\/div>\n                            <\/div>\n            <\/div>\n    <\/div>\t\t\t\t<\/div>\n\t\t\t\t<\/div>\n\t\t\t\t<div class=\"elementor-element elementor-element-0df5390 ekit-equal-height-disable elementor-widget elementor-widget-elementskit-image-box\" data-id=\"0df5390\" data-element_type=\"widget\" data-e-type=\"widget\" data-settings=\"{&quot;ekit_we_effect_on&quot;:&quot;none&quot;}\" data-widget_type=\"elementskit-image-box.default\">\n\t\t\t\t<div class=\"elementor-widget-container\">\n\t\t\t\t\t<div class=\"ekit-wid-con\" >\n            <div class=\"elementskit-info-image-box ekit-image-box text-left simple-card\" >\n\n                \n                <div class=\"elementskit-box-header image-box-img-left\">\n\n                    <img loading=\"lazy\" decoding=\"async\" width=\"604\" height=\"369\" src=\"https:\/\/dorukcbm.com\/wp-content\/uploads\/2025\/05\/Aksesuar.jpg\" class=\"attachment-full size-full wp-image-449\" alt=\"\" srcset=\"https:\/\/dorukcbm.com\/wp-content\/uploads\/2025\/05\/Aksesuar.jpg 604w, https:\/\/dorukcbm.com\/wp-content\/uploads\/2025\/05\/Aksesuar-300x183.jpg 300w\" sizes=\"(max-width: 604px) 100vw, 604px\" \/>\n                <\/div>\n                \n                <div class=\"elementskit-box-body ekit-image-box-body\">\n                    <div class=\"elementskit-box-content ekit-image-box-body-inner\">\n                                                <h3 class=\"elementskit-info-box-title\">\n\n                        Aksesuarlar\n                        \n                    <\/h3>\n                                                            <div class=\"elementskit-box-style-content\">\n                        \u00d6l\u00e7\u00fcm ekipmanlar\u0131n\u0131z\u0131 tamamlayacak ve g\u00fcnl\u00fck i\u015flerinizi kolayla\u015ft\u0131racak bir dizi pratik ve dayan\u0131kl\u0131 aksesuar sunuyoruz.                    <\/div>\n                                    <\/div>\n\n                            <\/div>\n            <\/div>\n    <\/div>\t\t\t\t<\/div>\n\t\t\t\t<\/div>\n\t\t\t\t<\/div>\n\t\t\t\t\t<\/div>\n\t\t\t\t<\/div>\n\t\t\t\t<\/div>\n\t\t","protected":false},"excerpt":{"rendered":"<p>Portatif Cihazlar Titre\u015fim &amp; \u015eok \u00d6l\u00e7\u00fcm\u00fc, Devir \u00d6l\u00e7\u00fcm\u00fc, Stroboskop&#8230; Leonova Diamond Leonova Diamond\u00ae zorlu end\u00fcstriyel ortamlarda y\u00fcksek verimli \u00f6l\u00e7\u00fcm yollar\u0131 i\u00e7in geli\u015fmi\u015f ve g\u00fc\u00e7l\u00fc bir veri analiz\u00f6r\u00fcd\u00fcr. Daha fazla Leonova Emerald El tipi veri toplay\u0131c\u0131 Leonova Emerald\u00ae bak\u0131m m\u00fchendisleri ve teknisyenleri i\u00e7in en \u00fcst d\u00fczey \u00f6n cephe arac\u0131d\u0131r. Daha fazla BearingChecker BearingChecker, rulmanlar\u0131n ve ya\u011flama [&hellip;]<\/p>\n","protected":false},"author":1,"featured_media":0,"parent":0,"menu_order":0,"comment_status":"closed","ping_status":"closed","template":"","meta":{"footnotes":""},"class_list":["post-403","page","type-page","status-publish","hentry"],"_links":{"self":[{"href":"https:\/\/dorukcbm.com\/index.php?rest_route=\/wp\/v2\/pages\/403","targetHints":{"allow":["GET"]}}],"collection":[{"href":"https:\/\/dorukcbm.com\/index.php?rest_route=\/wp\/v2\/pages"}],"about":[{"href":"https:\/\/dorukcbm.com\/index.php?rest_route=\/wp\/v2\/types\/page"}],"author":[{"embeddable":true,"href":"https:\/\/dorukcbm.com\/index.php?rest_route=\/wp\/v2\/users\/1"}],"replies":[{"embeddable":true,"href":"https:\/\/dorukcbm.com\/index.php?rest_route=%2Fwp%2Fv2%2Fcomments&post=403"}],"version-history":[{"count":0,"href":"https:\/\/dorukcbm.com\/index.php?rest_route=\/wp\/v2\/pages\/403\/revisions"}],"wp:attachment":[{"href":"https:\/\/dorukcbm.com\/index.php?rest_route=%2Fwp%2Fv2%2Fmedia&parent=403"}],"curies":[{"name":"wp","href":"https:\/\/api.w.org\/{rel}","templated":true}]}}