{"id":477,"date":"2025-05-01T12:31:45","date_gmt":"2025-05-01T12:31:45","guid":{"rendered":"https:\/\/dorukcbm.com\/?page_id=477"},"modified":"2025-08-18T15:03:38","modified_gmt":"2025-08-18T15:03:38","slug":"surekli-izleme","status":"publish","type":"page","link":"https:\/\/dorukcbm.com\/?page_id=477","title":{"rendered":"S\u00fcrekli \u0130zleme"},"content":{"rendered":"\t\t<div data-elementor-type=\"wp-page\" data-elementor-id=\"477\" class=\"elementor elementor-477\" data-elementor-post-type=\"page\">\n\t\t\t\t<div class=\"elementor-element elementor-element-27491bf9 e-flex e-con-boxed e-con e-parent\" data-id=\"27491bf9\" data-element_type=\"container\" data-e-type=\"container\" data-settings=\"{&quot;ekit_has_onepagescroll_dot&quot;:&quot;yes&quot;}\">\n\t\t\t\t\t<div class=\"e-con-inner\">\n\t\t\t\t<div class=\"elementor-element elementor-element-249da846 elementor-widget elementor-widget-elementskit-heading\" data-id=\"249da846\" data-element_type=\"widget\" data-e-type=\"widget\" data-settings=\"{&quot;ekit_we_effect_on&quot;:&quot;none&quot;}\" data-widget_type=\"elementskit-heading.default\">\n\t\t\t\t<div class=\"elementor-widget-container\">\n\t\t\t\t\t<div class=\"ekit-wid-con\" ><div class=\"ekit-heading elementskit-section-title-wraper text_left   ekit_heading_tablet-   ekit_heading_mobile-\"><div class=\"ekit_heading_separetor_wraper ekit_heading_elementskit-border-divider elementskit-style-long\"><div class=\"elementskit-border-divider elementskit-style-long\"><\/div><\/div><h2 class=\"ekit-heading--title elementskit-section-title \">S\u00fcrekli \u0130zleme Sistemleri<\/h2><h3 class=\"ekit-heading--subtitle elementskit-section-subtitle  \">\n\t\t\t\t\t\tTitre\u015fim &amp; \u015eok \u00d6l\u00e7\u00fcm Sistemleri\n\t\t\t\t\t<\/h3><\/div><\/div>\t\t\t\t<\/div>\n\t\t\t\t<\/div>\n\t\t<div class=\"elementor-element elementor-element-73a45ecc e-con-full e-grid e-con e-child\" data-id=\"73a45ecc\" data-element_type=\"container\" data-e-type=\"container\" data-settings=\"{&quot;ekit_has_onepagescroll_dot&quot;:&quot;yes&quot;}\">\n\t\t\t\t<div class=\"elementor-element elementor-element-5ec31e35 ekit-equal-height-disable elementor-widget elementor-widget-elementskit-image-box\" data-id=\"5ec31e35\" data-element_type=\"widget\" data-e-type=\"widget\" data-settings=\"{&quot;ekit_we_effect_on&quot;:&quot;none&quot;}\" data-widget_type=\"elementskit-image-box.default\">\n\t\t\t\t<div class=\"elementor-widget-container\">\n\t\t\t\t\t<div class=\"ekit-wid-con\" >\n            <div class=\"elementskit-info-image-box ekit-image-box text-left simple-card\" >\n\n                \n                <div class=\"elementskit-box-header image-box-img-left\">\n\n                    <img fetchpriority=\"high\" decoding=\"async\" width=\"531\" height=\"716\" src=\"https:\/\/dorukcbm.com\/wp-content\/uploads\/2025\/05\/parallelEN.jpg\" class=\"attachment-full size-full wp-image-484\" alt=\"\" srcset=\"https:\/\/dorukcbm.com\/wp-content\/uploads\/2025\/05\/parallelEN.jpg 531w, https:\/\/dorukcbm.com\/wp-content\/uploads\/2025\/05\/parallelEN-222x300.jpg 222w\" sizes=\"(max-width: 531px) 100vw, 531px\" \/>\n                <\/div>\n                \n                <div class=\"elementskit-box-body ekit-image-box-body\">\n                    <div class=\"elementskit-box-content ekit-image-box-body-inner\">\n                                                <h3 class=\"elementskit-info-box-title\">\n\n                        Intellinova\u00ae Parallel EN\n                        \n                    <\/h3>\n                                                            <div class=\"elementskit-box-style-content\">\n                        Intellinova\u00ae Parallel EN, y\u00fcksek kullan\u0131labilirlik talepleri olan end\u00fcstriyel ekipmanlar\u0131n durum izlemesi i\u00e7in ideal, i\u015flevsellik ve performans a\u00e7\u0131s\u0131ndan g\u00fc\u00e7l\u00fc bir \u00e7\u00f6z\u00fcmd\u00fcr.                    <\/div>\n                                    <\/div>\n\n                                <div class=\"elementskit-box-footer\">\n                    <div class=\"box-footer\">\n                        <div class=\"btn-wraper\">\n                                                            <a href=\"https:\/\/dorukcbm.com\/?page_id=1431\" class=\"elementskit-btn whitespace--normal\">\n                                    \n                                    \n                                    Daha fazla                                <\/a>\n                                                        <\/div>\n                    <\/div>\n                <\/div>\n                            <\/div>\n            <\/div>\n    <\/div>\t\t\t\t<\/div>\n\t\t\t\t<\/div>\n\t\t\t\t<div class=\"elementor-element elementor-element-33b2ef65 ekit-equal-height-disable elementor-widget elementor-widget-elementskit-image-box\" data-id=\"33b2ef65\" data-element_type=\"widget\" data-e-type=\"widget\" data-settings=\"{&quot;ekit_we_effect_on&quot;:&quot;none&quot;}\" data-widget_type=\"elementskit-image-box.default\">\n\t\t\t\t<div class=\"elementor-widget-container\">\n\t\t\t\t\t<div class=\"ekit-wid-con\" >\n            <div class=\"elementskit-info-image-box ekit-image-box text-left simple-card\" >\n\n                \n                <div class=\"elementskit-box-header image-box-img-left\">\n\n                    <img decoding=\"async\" width=\"698\" height=\"637\" src=\"https:\/\/dorukcbm.com\/wp-content\/uploads\/2025\/05\/compact.jpg\" class=\"attachment-full size-full wp-image-481\" alt=\"\" srcset=\"https:\/\/dorukcbm.com\/wp-content\/uploads\/2025\/05\/compact.jpg 698w, https:\/\/dorukcbm.com\/wp-content\/uploads\/2025\/05\/compact-300x274.jpg 300w\" sizes=\"(max-width: 698px) 100vw, 698px\" \/>\n                <\/div>\n                \n                <div class=\"elementskit-box-body ekit-image-box-body\">\n                    <div class=\"elementskit-box-content ekit-image-box-body-inner\">\n                                                <h3 class=\"elementskit-info-box-title\">\n\n                        Intellinova\u00ae Compact\n                        \n                    <\/h3>\n                                                            <div class=\"elementskit-box-style-content\">\n                        Y\u00fcksek performansl\u0131 Intellinova\u00ae Compact sistemi, uzaktan izleme veya \u00f6l\u00e7\u00fcm noktas\u0131 gruplar\u0131n\u0131n bulundu\u011fu end\u00fcstriyel ortamlar i\u00e7in uygun, birden fazla versiyonda mevcuttur.                    <\/div>\n                                    <\/div>\n\n                            <\/div>\n            <\/div>\n    <\/div>\t\t\t\t<\/div>\n\t\t\t\t<\/div>\n\t\t\t\t<div class=\"elementor-element elementor-element-128ba99e ekit-equal-height-disable elementor-widget elementor-widget-elementskit-image-box\" data-id=\"128ba99e\" data-element_type=\"widget\" data-e-type=\"widget\" data-settings=\"{&quot;ekit_we_effect_on&quot;:&quot;none&quot;}\" data-widget_type=\"elementskit-image-box.default\">\n\t\t\t\t<div class=\"elementor-widget-container\">\n\t\t\t\t\t<div class=\"ekit-wid-con\" >\n            <div class=\"elementskit-info-image-box ekit-image-box text-left simple-card\" >\n\n                \n                <div class=\"elementskit-box-header image-box-img-left\">\n\n                    <img decoding=\"async\" width=\"800\" height=\"547\" src=\"https:\/\/dorukcbm.com\/wp-content\/uploads\/2025\/05\/standard.jpg\" class=\"attachment-full size-full wp-image-485\" alt=\"\" srcset=\"https:\/\/dorukcbm.com\/wp-content\/uploads\/2025\/05\/standard.jpg 800w, https:\/\/dorukcbm.com\/wp-content\/uploads\/2025\/05\/standard-300x205.jpg 300w, https:\/\/dorukcbm.com\/wp-content\/uploads\/2025\/05\/standard-768x525.jpg 768w\" sizes=\"(max-width: 800px) 100vw, 800px\" \/>\n                <\/div>\n                \n                <div class=\"elementskit-box-body ekit-image-box-body\">\n                    <div class=\"elementskit-box-content ekit-image-box-body-inner\">\n                                                <h3 class=\"elementskit-info-box-title\">\n\n                        Intellinova\u00ae Standard\n                        \n                    <\/h3>\n                                                            <div class=\"elementskit-box-style-content\">\n                        Intellinova\u00ae Standard, kritik varl\u0131klar\u0131n m\u00fcmk\u00fcn olan en y\u00fcksek \u00e7al\u0131\u015fma s\u00fcresini sa\u011flamak i\u00e7in kan\u0131tlanm\u0131\u015f y\u00f6ntemler ve modern teknolojinin bir araya geldi\u011fi bir \u00e7evrimi\u00e7i durum izleme sistemidir.                    <\/div>\n                                    <\/div>\n\n                            <\/div>\n            <\/div>\n    <\/div>\t\t\t\t<\/div>\n\t\t\t\t<\/div>\n\t\t\t\t<div class=\"elementor-element elementor-element-7c5851bb ekit-equal-height-disable elementor-widget elementor-widget-elementskit-image-box\" data-id=\"7c5851bb\" data-element_type=\"widget\" data-e-type=\"widget\" data-settings=\"{&quot;ekit_we_effect_on&quot;:&quot;none&quot;}\" data-widget_type=\"elementskit-image-box.default\">\n\t\t\t\t<div class=\"elementor-widget-container\">\n\t\t\t\t\t<div class=\"ekit-wid-con\" >\n            <div class=\"elementskit-info-image-box ekit-image-box text-left simple-card\" >\n\n                \n                <div class=\"elementskit-box-header image-box-img-left\">\n\n                    <img loading=\"lazy\" decoding=\"async\" width=\"671\" height=\"625\" src=\"https:\/\/dorukcbm.com\/wp-content\/uploads\/2025\/05\/mb.jpg\" class=\"attachment-full size-full wp-image-482\" alt=\"\" srcset=\"https:\/\/dorukcbm.com\/wp-content\/uploads\/2025\/05\/mb.jpg 671w, https:\/\/dorukcbm.com\/wp-content\/uploads\/2025\/05\/mb-300x279.jpg 300w\" sizes=\"(max-width: 671px) 100vw, 671px\" \/>\n                <\/div>\n                \n                <div class=\"elementskit-box-body ekit-image-box-body\">\n                    <div class=\"elementskit-box-content ekit-image-box-body-inner\">\n                                                <h3 class=\"elementskit-info-box-title\">\n\n                        Intellinova\u00ae Parallel MB\n                        \n                    <\/h3>\n                                                            <div class=\"elementskit-box-style-content\">\n                        Intellinova\u00ae Parallel MB, d\u00f6rt kanalda paralel \u00f6l\u00e7\u00fcm yapabilen, an\u0131nda durum de\u011ferlendirmesi sa\u011flayan k\u00fc\u00e7\u00fck ve sa\u011flam bir durum izleme \u00fcnitesidir.                    <\/div>\n                                    <\/div>\n\n                            <\/div>\n            <\/div>\n    <\/div>\t\t\t\t<\/div>\n\t\t\t\t<\/div>\n\t\t\t\t<div class=\"elementor-element elementor-element-23bbd15f ekit-equal-height-disable elementor-widget elementor-widget-elementskit-image-box\" data-id=\"23bbd15f\" data-element_type=\"widget\" data-e-type=\"widget\" data-settings=\"{&quot;ekit_we_effect_on&quot;:&quot;none&quot;}\" data-widget_type=\"elementskit-image-box.default\">\n\t\t\t\t<div class=\"elementor-widget-container\">\n\t\t\t\t\t<div class=\"ekit-wid-con\" >\n            <div class=\"elementskit-info-image-box ekit-image-box text-left simple-card\" >\n\n                \n                <div class=\"elementskit-box-header image-box-img-left\">\n\n                    <img loading=\"lazy\" decoding=\"async\" width=\"796\" height=\"576\" src=\"https:\/\/dorukcbm.com\/wp-content\/uploads\/2025\/05\/mg.jpg\" class=\"attachment-full size-full wp-image-483\" alt=\"\" srcset=\"https:\/\/dorukcbm.com\/wp-content\/uploads\/2025\/05\/mg.jpg 796w, https:\/\/dorukcbm.com\/wp-content\/uploads\/2025\/05\/mg-300x217.jpg 300w, https:\/\/dorukcbm.com\/wp-content\/uploads\/2025\/05\/mg-768x556.jpg 768w\" sizes=\"(max-width: 796px) 100vw, 796px\" \/>\n                <\/div>\n                \n                <div class=\"elementskit-box-body ekit-image-box-body\">\n                    <div class=\"elementskit-box-content ekit-image-box-body-inner\">\n                                                <h3 class=\"elementskit-info-box-title\">\n\n                        MG-4\n                        \n                    <\/h3>\n                                                            <div class=\"elementskit-box-style-content\">\n                        Kritik ekipmanlar\u0131n\u0131z\u0131 ve di\u011fer temel makinelerinizi koruyun. MG-4, insans\u0131z makinelerin otomatik g\u00f6zetimi i\u00e7in ideal olan ba\u011f\u0131ms\u0131z bir s\u00fcrekli izleme \u00fcnitesidir.                    <\/div>\n                                    <\/div>\n\n                            <\/div>\n            <\/div>\n    <\/div>\t\t\t\t<\/div>\n\t\t\t\t<\/div>\n\t\t\t\t<div class=\"elementor-element elementor-element-6b9d3452 ekit-equal-height-disable elementor-widget elementor-widget-elementskit-image-box\" data-id=\"6b9d3452\" data-element_type=\"widget\" data-e-type=\"widget\" data-settings=\"{&quot;ekit_we_effect_on&quot;:&quot;none&quot;}\" data-widget_type=\"elementskit-image-box.default\">\n\t\t\t\t<div class=\"elementor-widget-container\">\n\t\t\t\t\t<div class=\"ekit-wid-con\" >\n            <div class=\"elementskit-info-image-box ekit-image-box text-left simple-card\" >\n\n                \n                <div class=\"elementskit-box-header image-box-img-left\">\n\n                    <img loading=\"lazy\" decoding=\"async\" width=\"1030\" height=\"496\" src=\"https:\/\/dorukcbm.com\/wp-content\/uploads\/2025\/05\/cmm.jpg\" class=\"attachment-full size-full wp-image-480\" alt=\"\" srcset=\"https:\/\/dorukcbm.com\/wp-content\/uploads\/2025\/05\/cmm.jpg 1030w, https:\/\/dorukcbm.com\/wp-content\/uploads\/2025\/05\/cmm-300x144.jpg 300w, https:\/\/dorukcbm.com\/wp-content\/uploads\/2025\/05\/cmm-1024x493.jpg 1024w, https:\/\/dorukcbm.com\/wp-content\/uploads\/2025\/05\/cmm-768x370.jpg 768w\" sizes=\"(max-width: 1030px) 100vw, 1030px\" \/>\n                <\/div>\n                \n                <div class=\"elementskit-box-body ekit-image-box-body\">\n                    <div class=\"elementskit-box-content ekit-image-box-body-inner\">\n                                                <h3 class=\"elementskit-info-box-title\">\n\n                        CMM Sistem\n                        \n                    <\/h3>\n                                                            <div class=\"elementskit-box-style-content\">\n                        CMM Sistemi, d\u00f6n\u00fc\u015ft\u00fcr\u00fcc\u00fcler, konvert\u00f6rler ve birle\u015fik g\u00f6r\u00fcnt\u00fcleme ve kontrol mod\u00fcllerinden olu\u015fan, kal\u0131c\u0131 olarak kurulan s\u00fcrekli bir durum izleme sistemidir.                    <\/div>\n                                    <\/div>\n\n                            <\/div>\n            <\/div>\n    <\/div>\t\t\t\t<\/div>\n\t\t\t\t<\/div>\n\t\t\t\t<\/div>\n\t\t\t\t\t<\/div>\n\t\t\t\t<\/div>\n\t\t\t\t<\/div>\n\t\t","protected":false},"excerpt":{"rendered":"<p>S\u00fcrekli \u0130zleme Sistemleri Titre\u015fim &amp; \u015eok \u00d6l\u00e7\u00fcm Sistemleri Intellinova\u00ae Parallel EN Intellinova\u00ae Parallel EN, y\u00fcksek kullan\u0131labilirlik talepleri olan end\u00fcstriyel ekipmanlar\u0131n durum izlemesi i\u00e7in ideal, i\u015flevsellik ve performans a\u00e7\u0131s\u0131ndan g\u00fc\u00e7l\u00fc bir \u00e7\u00f6z\u00fcmd\u00fcr. Daha fazla Intellinova\u00ae Compact Y\u00fcksek performansl\u0131 Intellinova\u00ae Compact sistemi, uzaktan izleme veya \u00f6l\u00e7\u00fcm noktas\u0131 gruplar\u0131n\u0131n bulundu\u011fu end\u00fcstriyel ortamlar i\u00e7in uygun, birden fazla versiyonda mevcuttur. [&hellip;]<\/p>\n","protected":false},"author":1,"featured_media":0,"parent":0,"menu_order":0,"comment_status":"closed","ping_status":"closed","template":"","meta":{"footnotes":""},"class_list":["post-477","page","type-page","status-publish","hentry"],"_links":{"self":[{"href":"https:\/\/dorukcbm.com\/index.php?rest_route=\/wp\/v2\/pages\/477","targetHints":{"allow":["GET"]}}],"collection":[{"href":"https:\/\/dorukcbm.com\/index.php?rest_route=\/wp\/v2\/pages"}],"about":[{"href":"https:\/\/dorukcbm.com\/index.php?rest_route=\/wp\/v2\/types\/page"}],"author":[{"embeddable":true,"href":"https:\/\/dorukcbm.com\/index.php?rest_route=\/wp\/v2\/users\/1"}],"replies":[{"embeddable":true,"href":"https:\/\/dorukcbm.com\/index.php?rest_route=%2Fwp%2Fv2%2Fcomments&post=477"}],"version-history":[{"count":0,"href":"https:\/\/dorukcbm.com\/index.php?rest_route=\/wp\/v2\/pages\/477\/revisions"}],"wp:attachment":[{"href":"https:\/\/dorukcbm.com\/index.php?rest_route=%2Fwp%2Fv2%2Fmedia&parent=477"}],"curies":[{"name":"wp","href":"https:\/\/api.w.org\/{rel}","templated":true}]}}