{"id":551,"date":"2025-06-06T11:46:24","date_gmt":"2025-06-06T11:46:24","guid":{"rendered":"https:\/\/dorukcbm.com\/?page_id=551"},"modified":"2025-08-18T15:43:17","modified_gmt":"2025-08-18T15:43:17","slug":"eksen-ayar","status":"publish","type":"page","link":"https:\/\/dorukcbm.com\/?page_id=551","title":{"rendered":"Eksen Ayar"},"content":{"rendered":"\t\t<div data-elementor-type=\"wp-page\" data-elementor-id=\"551\" class=\"elementor elementor-551\" data-elementor-post-type=\"page\">\n\t\t\t\t<div class=\"elementor-element elementor-element-3cfd801a e-flex e-con-boxed e-con e-parent\" data-id=\"3cfd801a\" data-element_type=\"container\" data-e-type=\"container\" data-settings=\"{&quot;ekit_has_onepagescroll_dot&quot;:&quot;yes&quot;}\">\n\t\t\t\t\t<div class=\"e-con-inner\">\n\t\t\t\t<div class=\"elementor-element elementor-element-4f086fcc elementor-widget elementor-widget-elementskit-heading\" data-id=\"4f086fcc\" data-element_type=\"widget\" data-e-type=\"widget\" data-settings=\"{&quot;ekit_we_effect_on&quot;:&quot;none&quot;}\" data-widget_type=\"elementskit-heading.default\">\n\t\t\t\t<div class=\"elementor-widget-container\">\n\t\t\t\t\t<div class=\"ekit-wid-con\" ><div class=\"ekit-heading elementskit-section-title-wraper text_left   ekit_heading_tablet-   ekit_heading_mobile-\"><div class=\"ekit_heading_separetor_wraper ekit_heading_elementskit-border-divider elementskit-style-long\"><div class=\"elementskit-border-divider elementskit-style-long\"><\/div><\/div><h2 class=\"ekit-heading--title elementskit-section-title \">Eksen Ayar<\/h2><h3 class=\"ekit-heading--subtitle elementskit-section-subtitle  \">\n\t\t\t\t\t\tLazerli kaplin ayar cihazlar\u0131, makine ayar \u015fimleri\n\t\t\t\t\t<\/h3><\/div><\/div>\t\t\t\t<\/div>\n\t\t\t\t<\/div>\n\t\t<div class=\"elementor-element elementor-element-57964bab e-con-full e-grid e-con e-child\" data-id=\"57964bab\" data-element_type=\"container\" data-e-type=\"container\" data-settings=\"{&quot;ekit_has_onepagescroll_dot&quot;:&quot;yes&quot;}\">\n\t\t\t\t<div class=\"elementor-element elementor-element-75414c6d ekit-equal-height-disable elementor-widget elementor-widget-elementskit-image-box\" data-id=\"75414c6d\" data-element_type=\"widget\" data-e-type=\"widget\" data-settings=\"{&quot;ekit_we_effect_on&quot;:&quot;none&quot;}\" data-widget_type=\"elementskit-image-box.default\">\n\t\t\t\t<div class=\"elementor-widget-container\">\n\t\t\t\t\t<div class=\"ekit-wid-con\" >\n            <div class=\"elementskit-info-image-box ekit-image-box text-left simple-card\" >\n\n                \n                <div class=\"elementskit-box-header image-box-img-left\">\n\n                    <img fetchpriority=\"high\" decoding=\"async\" width=\"903\" height=\"748\" src=\"https:\/\/dorukcbm.com\/wp-content\/uploads\/2025\/03\/alignment.png\" class=\"attachment-full size-full wp-image-230\" alt=\"\" srcset=\"https:\/\/dorukcbm.com\/wp-content\/uploads\/2025\/03\/alignment.png 903w, https:\/\/dorukcbm.com\/wp-content\/uploads\/2025\/03\/alignment-300x249.png 300w, https:\/\/dorukcbm.com\/wp-content\/uploads\/2025\/03\/alignment-768x636.png 768w\" sizes=\"(max-width: 903px) 100vw, 903px\" \/>\n                <\/div>\n                \n                <div class=\"elementskit-box-body ekit-image-box-body\">\n                    <div class=\"elementskit-box-content ekit-image-box-body-inner\">\n                                                <h3 class=\"elementskit-info-box-title\">\n\n                        LineLazer Eksen Ayar Sens\u00f6rleri\n                        \n                    <\/h3>\n                                                            <div class=\"elementskit-box-style-content\">\n                        Makine hizalama cihazlar\u0131m\u0131z, makine hizalama s\u00fcrecinizin hassasiyetini optimize etmek i\u00e7in tasarlanm\u0131\u015ft\u0131r. Hassas m\u00fchendislik \u00e7\u00f6z\u00fcmlerimizle hizalama s\u00fcre\u00e7lerinizi y\u00fckseltin, verimlilik, do\u011fruluk ve performans sa\u011flay\u0131n.                    <\/div>\n                                    <\/div>\n\n                                <div class=\"elementskit-box-footer\">\n                    <div class=\"box-footer\">\n                        <div class=\"btn-wraper\">\n                                                            <a href=\"https:\/\/dorukcbm.com\/?page_id=1502\" class=\"elementskit-btn whitespace--normal\">\n                                    \n                                    \n                                    Daha fazla                                <\/a>\n                                                        <\/div>\n                    <\/div>\n                <\/div>\n                            <\/div>\n            <\/div>\n    <\/div>\t\t\t\t<\/div>\n\t\t\t\t<\/div>\n\t\t\t\t<div class=\"elementor-element elementor-element-3beeacfd ekit-equal-height-disable elementor-widget elementor-widget-elementskit-image-box\" data-id=\"3beeacfd\" data-element_type=\"widget\" data-e-type=\"widget\" data-settings=\"{&quot;ekit_we_effect_on&quot;:&quot;none&quot;}\" data-widget_type=\"elementskit-image-box.default\">\n\t\t\t\t<div class=\"elementor-widget-container\">\n\t\t\t\t\t<div class=\"ekit-wid-con\" >\n            <div class=\"elementskit-info-image-box ekit-image-box text-left simple-card\" >\n\n                \n                <div class=\"elementskit-box-header image-box-img-left\">\n\n                    <img decoding=\"async\" width=\"460\" height=\"320\" src=\"https:\/\/dorukcbm.com\/wp-content\/uploads\/2025\/06\/SPMShims.jpg\" class=\"attachment-full size-full wp-image-553\" alt=\"\" srcset=\"https:\/\/dorukcbm.com\/wp-content\/uploads\/2025\/06\/SPMShims.jpg 460w, https:\/\/dorukcbm.com\/wp-content\/uploads\/2025\/06\/SPMShims-300x209.jpg 300w\" sizes=\"(max-width: 460px) 100vw, 460px\" \/>\n                <\/div>\n                \n                <div class=\"elementskit-box-body ekit-image-box-body\">\n                    <div class=\"elementskit-box-content ekit-image-box-body-inner\">\n                                                <h3 class=\"elementskit-info-box-title\">\n\n                        Hassas Ayar \u015eimleri\n                        \n                    <\/h3>\n                                                            <div class=\"elementskit-box-style-content\">\n                        \u015eimlerimiz, makinelerinizin do\u011fru hizalanmas\u0131n\u0131 garanti alt\u0131na almak i\u00e7in sa\u011flam, y\u00fcksek kaliteli paslanmaz \u015fimlerdir.                    <\/div>\n                                    <\/div>\n\n                            <\/div>\n            <\/div>\n    <\/div>\t\t\t\t<\/div>\n\t\t\t\t<\/div>\n\t\t\t\t<\/div>\n\t\t\t\t\t<\/div>\n\t\t\t\t<\/div>\n\t\t\t\t<\/div>\n\t\t","protected":false},"excerpt":{"rendered":"<p>Eksen Ayar Lazerli kaplin ayar cihazlar\u0131, makine ayar \u015fimleri LineLazer Eksen Ayar Sens\u00f6rleri Makine hizalama cihazlar\u0131m\u0131z, makine hizalama s\u00fcrecinizin hassasiyetini optimize etmek i\u00e7in tasarlanm\u0131\u015ft\u0131r. Hassas m\u00fchendislik \u00e7\u00f6z\u00fcmlerimizle hizalama s\u00fcre\u00e7lerinizi y\u00fckseltin, verimlilik, do\u011fruluk ve performans sa\u011flay\u0131n. Daha fazla Hassas Ayar \u015eimleri \u015eimlerimiz, makinelerinizin do\u011fru hizalanmas\u0131n\u0131 garanti alt\u0131na almak i\u00e7in sa\u011flam, y\u00fcksek kaliteli paslanmaz \u015fimlerdir.<\/p>\n","protected":false},"author":1,"featured_media":0,"parent":0,"menu_order":0,"comment_status":"closed","ping_status":"closed","template":"","meta":{"footnotes":""},"class_list":["post-551","page","type-page","status-publish","hentry"],"_links":{"self":[{"href":"https:\/\/dorukcbm.com\/index.php?rest_route=\/wp\/v2\/pages\/551","targetHints":{"allow":["GET"]}}],"collection":[{"href":"https:\/\/dorukcbm.com\/index.php?rest_route=\/wp\/v2\/pages"}],"about":[{"href":"https:\/\/dorukcbm.com\/index.php?rest_route=\/wp\/v2\/types\/page"}],"author":[{"embeddable":true,"href":"https:\/\/dorukcbm.com\/index.php?rest_route=\/wp\/v2\/users\/1"}],"replies":[{"embeddable":true,"href":"https:\/\/dorukcbm.com\/index.php?rest_route=%2Fwp%2Fv2%2Fcomments&post=551"}],"version-history":[{"count":0,"href":"https:\/\/dorukcbm.com\/index.php?rest_route=\/wp\/v2\/pages\/551\/revisions"}],"wp:attachment":[{"href":"https:\/\/dorukcbm.com\/index.php?rest_route=%2Fwp%2Fv2%2Fmedia&parent=551"}],"curies":[{"name":"wp","href":"https:\/\/api.w.org\/{rel}","templated":true}]}}