{"id":606,"date":"2025-06-06T16:43:35","date_gmt":"2025-06-06T16:43:35","guid":{"rendered":"https:\/\/dorukcbm.com\/?page_id=606"},"modified":"2025-08-20T19:51:16","modified_gmt":"2025-08-20T19:51:16","slug":"sensorler","status":"publish","type":"page","link":"https:\/\/dorukcbm.com\/?page_id=606","title":{"rendered":"Sens\u00f6rler"},"content":{"rendered":"\t\t<div data-elementor-type=\"wp-page\" data-elementor-id=\"606\" class=\"elementor elementor-606\" data-elementor-post-type=\"page\">\n\t\t\t\t<div class=\"elementor-element elementor-element-220af00e e-flex e-con-boxed e-con e-parent\" data-id=\"220af00e\" data-element_type=\"container\" data-e-type=\"container\" data-settings=\"{&quot;ekit_has_onepagescroll_dot&quot;:&quot;yes&quot;}\">\n\t\t\t\t\t<div class=\"e-con-inner\">\n\t\t\t\t<div class=\"elementor-element elementor-element-5a9c5ce5 elementor-widget elementor-widget-elementskit-heading\" data-id=\"5a9c5ce5\" data-element_type=\"widget\" data-e-type=\"widget\" data-settings=\"{&quot;ekit_we_effect_on&quot;:&quot;none&quot;}\" data-widget_type=\"elementskit-heading.default\">\n\t\t\t\t<div class=\"elementor-widget-container\">\n\t\t\t\t\t<div class=\"ekit-wid-con\" ><div class=\"ekit-heading elementskit-section-title-wraper text_left   ekit_heading_tablet-   ekit_heading_mobile-\"><div class=\"ekit_heading_separetor_wraper ekit_heading_elementskit-border-divider elementskit-style-long\"><div class=\"elementskit-border-divider elementskit-style-long\"><\/div><\/div><h2 class=\"ekit-heading--title elementskit-section-title \">Sens\u00f6rler<\/h2><h3 class=\"ekit-heading--subtitle elementskit-section-subtitle  \">\n\t\t\t\t\t\tKablosuz titre\u015fim sens\u00f6rleri, ivme sens\u00f6rleri, 4-20mA titre\u015fim sens\u00f6rleri, 3 eksen sens\u00f6rler, Shock Pulse sens\u00f6rleri\n\t\t\t\t\t<\/h3><\/div><\/div>\t\t\t\t<\/div>\n\t\t\t\t<\/div>\n\t\t<div class=\"elementor-element elementor-element-1e0d9037 e-con-full e-grid e-con e-child\" data-id=\"1e0d9037\" data-element_type=\"container\" data-e-type=\"container\" data-settings=\"{&quot;ekit_has_onepagescroll_dot&quot;:&quot;yes&quot;}\">\n\t\t\t\t<div class=\"elementor-element elementor-element-512f9ddb ekit-equal-height-disable elementor-widget elementor-widget-elementskit-image-box\" data-id=\"512f9ddb\" data-element_type=\"widget\" data-e-type=\"widget\" data-settings=\"{&quot;ekit_we_effect_on&quot;:&quot;none&quot;}\" data-widget_type=\"elementskit-image-box.default\">\n\t\t\t\t<div class=\"elementor-widget-container\">\n\t\t\t\t\t<div class=\"ekit-wid-con\" >\n            <div class=\"elementskit-info-image-box ekit-image-box text-left simple-card\" >\n\n                \n                <div class=\"elementskit-box-header image-box-img-left\">\n\n                    <img fetchpriority=\"high\" decoding=\"async\" width=\"1920\" height=\"1038\" src=\"https:\/\/dorukcbm.com\/wp-content\/uploads\/2025\/08\/Airius-icon-scaled.webp\" class=\"attachment-full size-full wp-image-1788\" alt=\"\" srcset=\"https:\/\/dorukcbm.com\/wp-content\/uploads\/2025\/08\/Airius-icon-scaled.webp 1920w, https:\/\/dorukcbm.com\/wp-content\/uploads\/2025\/08\/Airius-icon-300x162.webp 300w, https:\/\/dorukcbm.com\/wp-content\/uploads\/2025\/08\/Airius-icon-1024x553.webp 1024w, https:\/\/dorukcbm.com\/wp-content\/uploads\/2025\/08\/Airius-icon-768x415.webp 768w, https:\/\/dorukcbm.com\/wp-content\/uploads\/2025\/08\/Airius-icon-1536x830.webp 1536w\" sizes=\"(max-width: 1920px) 100vw, 1920px\" \/>\n                <\/div>\n                \n                <div class=\"elementskit-box-body ekit-image-box-body\">\n                    <div class=\"elementskit-box-content ekit-image-box-body-inner\">\n                                                <h3 class=\"elementskit-info-box-title\">\n\n                        Airius Kablosuz Sens\u00f6rler\n                        \n                    <\/h3>\n                                                            <div class=\"elementskit-box-style-content\">\n                        Standart \u00fcretim ekipmanlar\u0131n\u0131n, uzak veya eri\u015filemeyen makinelerin uzaktan durum izlemesi i\u00e7in ideal olan kablosuz Airius sens\u00f6rleri, zaman bazl\u0131 titre\u015fim ve s\u0131cakl\u0131k \u00f6l\u00e7\u00fcmleri ger\u00e7ekle\u015ftirerek makinelerinizi dikkatle izler.                    <\/div>\n                                    <\/div>\n\n                                <div class=\"elementskit-box-footer\">\n                    <div class=\"box-footer\">\n                        <div class=\"btn-wraper\">\n                                                            <a href=\"https:\/\/dorukcbm.com\/?page_id=1346\" class=\"elementskit-btn whitespace--normal\">\n                                    \n                                    \n                                    Daha fazla                                <\/a>\n                                                        <\/div>\n                    <\/div>\n                <\/div>\n                            <\/div>\n            <\/div>\n    <\/div>\t\t\t\t<\/div>\n\t\t\t\t<\/div>\n\t\t\t\t<div class=\"elementor-element elementor-element-d2bb2ed ekit-equal-height-disable elementor-widget elementor-widget-elementskit-image-box\" data-id=\"d2bb2ed\" data-element_type=\"widget\" data-e-type=\"widget\" data-settings=\"{&quot;ekit_we_effect_on&quot;:&quot;none&quot;}\" data-widget_type=\"elementskit-image-box.default\">\n\t\t\t\t<div class=\"elementor-widget-container\">\n\t\t\t\t\t<div class=\"ekit-wid-con\" >\n            <div class=\"elementskit-info-image-box ekit-image-box text-left simple-card\" >\n\n                \n                <div class=\"elementskit-box-header image-box-img-left\">\n\n                    <img decoding=\"async\" width=\"1920\" height=\"1038\" src=\"https:\/\/dorukcbm.com\/wp-content\/uploads\/2025\/08\/Duotech-icon-scaled.webp\" class=\"attachment-full size-full wp-image-1779\" alt=\"\" srcset=\"https:\/\/dorukcbm.com\/wp-content\/uploads\/2025\/08\/Duotech-icon-scaled.webp 1920w, https:\/\/dorukcbm.com\/wp-content\/uploads\/2025\/08\/Duotech-icon-300x162.webp 300w, https:\/\/dorukcbm.com\/wp-content\/uploads\/2025\/08\/Duotech-icon-1024x553.webp 1024w, https:\/\/dorukcbm.com\/wp-content\/uploads\/2025\/08\/Duotech-icon-768x415.webp 768w, https:\/\/dorukcbm.com\/wp-content\/uploads\/2025\/08\/Duotech-icon-1536x830.webp 1536w\" sizes=\"(max-width: 1920px) 100vw, 1920px\" \/>\n                <\/div>\n                \n                <div class=\"elementskit-box-body ekit-image-box-body\">\n                    <div class=\"elementskit-box-content ekit-image-box-body-inner\">\n                                                <h3 class=\"elementskit-info-box-title\">\n\n                        DuoTech \u0130vme &amp; Shock Pulse Sens\u00f6rleri\n                        \n                    <\/h3>\n                                                            <div class=\"elementskit-box-style-content\">\n                        DuoTech, maksimum esneklik sa\u011flayan patentli HD teknolojilerimizin g\u00fc\u00e7l\u00fc bir kombinasyonunu sunar. Bu kombinasyon, t\u00fcm rulman bozulma s\u00fcrecini kapsayan \u00fcst\u00fcn ya\u011flama ve rulman izlemeyi ve titre\u015fimle ilgili sorunlar\u0131n tespitini m\u00fcmk\u00fcn k\u0131lar.                    <\/div>\n                                    <\/div>\n\n                            <\/div>\n            <\/div>\n    <\/div>\t\t\t\t<\/div>\n\t\t\t\t<\/div>\n\t\t\t\t<div class=\"elementor-element elementor-element-3c80a67 ekit-equal-height-disable elementor-widget elementor-widget-elementskit-image-box\" data-id=\"3c80a67\" data-element_type=\"widget\" data-e-type=\"widget\" data-settings=\"{&quot;ekit_we_effect_on&quot;:&quot;none&quot;}\" data-widget_type=\"elementskit-image-box.default\">\n\t\t\t\t<div class=\"elementor-widget-container\">\n\t\t\t\t\t<div class=\"ekit-wid-con\" >\n            <div class=\"elementskit-info-image-box ekit-image-box text-left simple-card\" >\n\n                \n                <div class=\"elementskit-box-header image-box-img-left\">\n\n                    <img decoding=\"async\" width=\"1920\" height=\"1038\" src=\"https:\/\/dorukcbm.com\/wp-content\/uploads\/2025\/08\/SLD-icon-scaled.webp\" class=\"attachment-full size-full wp-image-1780\" alt=\"\" srcset=\"https:\/\/dorukcbm.com\/wp-content\/uploads\/2025\/08\/SLD-icon-scaled.webp 1920w, https:\/\/dorukcbm.com\/wp-content\/uploads\/2025\/08\/SLD-icon-300x162.webp 300w, https:\/\/dorukcbm.com\/wp-content\/uploads\/2025\/08\/SLD-icon-1024x553.webp 1024w, https:\/\/dorukcbm.com\/wp-content\/uploads\/2025\/08\/SLD-icon-768x415.webp 768w, https:\/\/dorukcbm.com\/wp-content\/uploads\/2025\/08\/SLD-icon-1536x830.webp 1536w\" sizes=\"(max-width: 1920px) 100vw, 1920px\" \/>\n                <\/div>\n                \n                <div class=\"elementskit-box-body ekit-image-box-body\">\n                    <div class=\"elementskit-box-content ekit-image-box-body-inner\">\n                                                <h3 class=\"elementskit-info-box-title\">\n\n                        Titre\u015fim Sens\u00f6rleri\n                        \n                    <\/h3>\n                                                            <div class=\"elementskit-box-style-content\">\n                        Titre\u015fim sens\u00f6rleri, her biri ayr\u0131 ayr\u0131 ayarlanm\u0131\u015f, piezo-elektrik ivme\u00f6l\u00e7erlerdir. Geli\u015ftirilmi\u015f elektronik ve iyile\u015ftirilmi\u015f ortam \u00f6zellikleri, her zaman \u00e7ok geni\u015f bir uygulama alan\u0131nda m\u00fckemmel performans sunar.                    <\/div>\n                                    <\/div>\n\n                            <\/div>\n            <\/div>\n    <\/div>\t\t\t\t<\/div>\n\t\t\t\t<\/div>\n\t\t\t\t<div class=\"elementor-element elementor-element-339500a6 ekit-equal-height-disable elementor-widget elementor-widget-elementskit-image-box\" data-id=\"339500a6\" data-element_type=\"widget\" data-e-type=\"widget\" data-settings=\"{&quot;ekit_we_effect_on&quot;:&quot;none&quot;}\" data-widget_type=\"elementskit-image-box.default\">\n\t\t\t\t<div class=\"elementor-widget-container\">\n\t\t\t\t\t<div class=\"ekit-wid-con\" >\n            <div class=\"elementskit-info-image-box ekit-image-box text-left simple-card\" >\n\n                \n                <div class=\"elementskit-box-header image-box-img-left\">\n\n                    <img loading=\"lazy\" decoding=\"async\" width=\"1920\" height=\"1038\" src=\"https:\/\/dorukcbm.com\/wp-content\/uploads\/2025\/08\/SLD700-icon-scaled.webp\" class=\"attachment-full size-full wp-image-1781\" alt=\"\" srcset=\"https:\/\/dorukcbm.com\/wp-content\/uploads\/2025\/08\/SLD700-icon-scaled.webp 1920w, https:\/\/dorukcbm.com\/wp-content\/uploads\/2025\/08\/SLD700-icon-300x162.webp 300w, https:\/\/dorukcbm.com\/wp-content\/uploads\/2025\/08\/SLD700-icon-1024x553.webp 1024w, https:\/\/dorukcbm.com\/wp-content\/uploads\/2025\/08\/SLD700-icon-768x415.webp 768w, https:\/\/dorukcbm.com\/wp-content\/uploads\/2025\/08\/SLD700-icon-1536x830.webp 1536w\" sizes=\"(max-width: 1920px) 100vw, 1920px\" \/>\n                <\/div>\n                \n                <div class=\"elementskit-box-body ekit-image-box-body\">\n                    <div class=\"elementskit-box-content ekit-image-box-body-inner\">\n                                                <h3 class=\"elementskit-info-box-title\">\n\n                        Titre\u015fim D\u00f6n\u00fc\u015ft\u00fcr\u00fcc\u00fcler\n                        \n                    <\/h3>\n                                                            <div class=\"elementskit-box-style-content\">\n                        Titre\u015fim d\u00f6n\u00fc\u015ft\u00fcr\u00fcc\u00fcler, frekans aral\u0131\u011f\u0131 boyunca titre\u015fim h\u0131z\u0131na orant\u0131l\u0131 4-20 mA \u00e7\u0131k\u0131\u015f sinyali sa\u011flar. \u00c7\u0131k\u0131\u015f sinyali PLC, DCS ve SCADA gibi yayg\u0131n proses kontrol sistemlerine iletilebilir.                    <\/div>\n                                    <\/div>\n\n                            <\/div>\n            <\/div>\n    <\/div>\t\t\t\t<\/div>\n\t\t\t\t<\/div>\n\t\t\t\t<div class=\"elementor-element elementor-element-48aafe91 ekit-equal-height-disable elementor-widget elementor-widget-elementskit-image-box\" data-id=\"48aafe91\" data-element_type=\"widget\" data-e-type=\"widget\" data-settings=\"{&quot;ekit_we_effect_on&quot;:&quot;none&quot;}\" data-widget_type=\"elementskit-image-box.default\">\n\t\t\t\t<div class=\"elementor-widget-container\">\n\t\t\t\t\t<div class=\"ekit-wid-con\" >\n            <div class=\"elementskit-info-image-box ekit-image-box text-left simple-card\" >\n\n                \n                <div class=\"elementskit-box-header image-box-img-left\">\n\n                    <img loading=\"lazy\" decoding=\"async\" width=\"1920\" height=\"1038\" src=\"https:\/\/dorukcbm.com\/wp-content\/uploads\/2025\/08\/Triaxial-icon-scaled.webp\" class=\"attachment-full size-full wp-image-1782\" alt=\"\" srcset=\"https:\/\/dorukcbm.com\/wp-content\/uploads\/2025\/08\/Triaxial-icon-scaled.webp 1920w, https:\/\/dorukcbm.com\/wp-content\/uploads\/2025\/08\/Triaxial-icon-300x162.webp 300w, https:\/\/dorukcbm.com\/wp-content\/uploads\/2025\/08\/Triaxial-icon-1024x553.webp 1024w, https:\/\/dorukcbm.com\/wp-content\/uploads\/2025\/08\/Triaxial-icon-768x415.webp 768w, https:\/\/dorukcbm.com\/wp-content\/uploads\/2025\/08\/Triaxial-icon-1536x830.webp 1536w\" sizes=\"(max-width: 1920px) 100vw, 1920px\" \/>\n                <\/div>\n                \n                <div class=\"elementskit-box-body ekit-image-box-body\">\n                    <div class=\"elementskit-box-content ekit-image-box-body-inner\">\n                                                <h3 class=\"elementskit-info-box-title\">\n\n                        3 Eksen Titre\u015fim Sens\u00f6rleri\n                        \n                    <\/h3>\n                                                            <div class=\"elementskit-box-style-content\">\n                        3 eksenli sens\u00f6rler, geni\u015f frekans tepkisine sahip sa\u011flam, y\u00fcksek etkili, d\u00fc\u015f\u00fck g\u00fcr\u00fclt\u00fcl\u00fc sens\u00f6rlerdir. Hermetik olarak kapat\u0131lm\u0131\u015flard\u0131r, ESD ve EMI\/RFI korumas\u0131na sahiptirler ve \u00e7ok y\u00f6nl\u00fc bir M12 konnekt\u00f6r\u00fcyle donat\u0131lm\u0131\u015ft\u0131r.                    <\/div>\n                                    <\/div>\n\n                            <\/div>\n            <\/div>\n    <\/div>\t\t\t\t<\/div>\n\t\t\t\t<\/div>\n\t\t\t\t<div class=\"elementor-element elementor-element-ac61562 ekit-equal-height-disable elementor-widget elementor-widget-elementskit-image-box\" data-id=\"ac61562\" data-element_type=\"widget\" data-e-type=\"widget\" data-settings=\"{&quot;ekit_we_effect_on&quot;:&quot;none&quot;}\" data-widget_type=\"elementskit-image-box.default\">\n\t\t\t\t<div class=\"elementor-widget-container\">\n\t\t\t\t\t<div class=\"ekit-wid-con\" >\n            <div class=\"elementskit-info-image-box ekit-image-box text-left simple-card\" >\n\n                \n                <div class=\"elementskit-box-header image-box-img-left\">\n\n                    <img loading=\"lazy\" decoding=\"async\" width=\"1920\" height=\"1038\" src=\"https:\/\/dorukcbm.com\/wp-content\/uploads\/2025\/08\/Shock-pulse-icon-scaled.webp\" class=\"attachment-full size-full wp-image-1783\" alt=\"\" srcset=\"https:\/\/dorukcbm.com\/wp-content\/uploads\/2025\/08\/Shock-pulse-icon-scaled.webp 1920w, https:\/\/dorukcbm.com\/wp-content\/uploads\/2025\/08\/Shock-pulse-icon-300x162.webp 300w, https:\/\/dorukcbm.com\/wp-content\/uploads\/2025\/08\/Shock-pulse-icon-1024x553.webp 1024w, https:\/\/dorukcbm.com\/wp-content\/uploads\/2025\/08\/Shock-pulse-icon-768x415.webp 768w, https:\/\/dorukcbm.com\/wp-content\/uploads\/2025\/08\/Shock-pulse-icon-1536x830.webp 1536w\" sizes=\"(max-width: 1920px) 100vw, 1920px\" \/>\n                <\/div>\n                \n                <div class=\"elementskit-box-body ekit-image-box-body\">\n                    <div class=\"elementskit-box-content ekit-image-box-body-inner\">\n                                                <h3 class=\"elementskit-info-box-title\">\n\n                        Shock Pulse Sens\u00f6rleri\n                        \n                    <\/h3>\n                                                            <div class=\"elementskit-box-style-content\">\n                        Bu sens\u00f6rler \u00f6zellikle rulman izleme i\u00e7in tasarlanm\u0131\u015ft\u0131r. Sens\u00f6r g\u00f6vdesi ve taban\u0131 asit ge\u00e7irmez paslanmaz \u00e7elikten yap\u0131lm\u0131\u015ft\u0131r ve agresif ortamlara uygundur. Her yere kurulum i\u00e7in \u00e7e\u015fitli adapt\u00f6rler ve aletlerle farkl\u0131 versiyonlar tedarik edilebilir.                    <\/div>\n                                    <\/div>\n\n                            <\/div>\n            <\/div>\n    <\/div>\t\t\t\t<\/div>\n\t\t\t\t<\/div>\n\t\t\t\t<\/div>\n\t\t\t\t\t<\/div>\n\t\t\t\t<\/div>\n\t\t\t\t<\/div>\n\t\t","protected":false},"excerpt":{"rendered":"<p>Sens\u00f6rler Kablosuz titre\u015fim sens\u00f6rleri, ivme sens\u00f6rleri, 4-20mA titre\u015fim sens\u00f6rleri, 3 eksen sens\u00f6rler, Shock Pulse sens\u00f6rleri Airius Kablosuz Sens\u00f6rler Standart \u00fcretim ekipmanlar\u0131n\u0131n, uzak veya eri\u015filemeyen makinelerin uzaktan durum izlemesi i\u00e7in ideal olan kablosuz Airius sens\u00f6rleri, zaman bazl\u0131 titre\u015fim ve s\u0131cakl\u0131k \u00f6l\u00e7\u00fcmleri ger\u00e7ekle\u015ftirerek makinelerinizi dikkatle izler. Daha fazla DuoTech \u0130vme &amp; Shock Pulse Sens\u00f6rleri DuoTech, maksimum esneklik [&hellip;]<\/p>\n","protected":false},"author":1,"featured_media":0,"parent":0,"menu_order":0,"comment_status":"closed","ping_status":"closed","template":"","meta":{"footnotes":""},"class_list":["post-606","page","type-page","status-publish","hentry"],"_links":{"self":[{"href":"https:\/\/dorukcbm.com\/index.php?rest_route=\/wp\/v2\/pages\/606","targetHints":{"allow":["GET"]}}],"collection":[{"href":"https:\/\/dorukcbm.com\/index.php?rest_route=\/wp\/v2\/pages"}],"about":[{"href":"https:\/\/dorukcbm.com\/index.php?rest_route=\/wp\/v2\/types\/page"}],"author":[{"embeddable":true,"href":"https:\/\/dorukcbm.com\/index.php?rest_route=\/wp\/v2\/users\/1"}],"replies":[{"embeddable":true,"href":"https:\/\/dorukcbm.com\/index.php?rest_route=%2Fwp%2Fv2%2Fcomments&post=606"}],"version-history":[{"count":0,"href":"https:\/\/dorukcbm.com\/index.php?rest_route=\/wp\/v2\/pages\/606\/revisions"}],"wp:attachment":[{"href":"https:\/\/dorukcbm.com\/index.php?rest_route=%2Fwp%2Fv2%2Fmedia&parent=606"}],"curies":[{"name":"wp","href":"https:\/\/api.w.org\/{rel}","templated":true}]}}