{"id":649,"date":"2025-07-17T14:41:12","date_gmt":"2025-07-17T14:41:12","guid":{"rendered":"https:\/\/dorukcbm.com\/?page_id=649"},"modified":"2025-08-20T19:54:58","modified_gmt":"2025-08-20T19:54:58","slug":"diamond","status":"publish","type":"page","link":"https:\/\/dorukcbm.com\/?page_id=649","title":{"rendered":"Diamond"},"content":{"rendered":"\t\t<div data-elementor-type=\"wp-page\" data-elementor-id=\"649\" class=\"elementor elementor-649\" data-elementor-post-type=\"page\">\n\t\t\t\t<div class=\"elementor-element elementor-element-fc9cba6 e-flex e-con-boxed e-con e-parent\" data-id=\"fc9cba6\" data-element_type=\"container\" data-e-type=\"container\" data-settings=\"{&quot;ekit_has_onepagescroll_dot&quot;:&quot;yes&quot;}\">\n\t\t\t\t\t<div class=\"e-con-inner\">\n\t\t\t\t<div class=\"elementor-element elementor-element-8b03afd elementor-widget elementor-widget-image\" data-id=\"8b03afd\" data-element_type=\"widget\" data-e-type=\"widget\" data-settings=\"{&quot;ekit_we_effect_on&quot;:&quot;none&quot;}\" data-widget_type=\"image.default\">\n\t\t\t\t<div class=\"elementor-widget-container\">\n\t\t\t\t\t\t\t\t\t\t\t\t\t\t\t<img fetchpriority=\"high\" decoding=\"async\" width=\"1920\" height=\"571\" src=\"https:\/\/dorukcbm.com\/wp-content\/uploads\/2025\/08\/DIAMOND-Banner-scaled.webp\" class=\"attachment-full size-full wp-image-1444\" alt=\"\" srcset=\"https:\/\/dorukcbm.com\/wp-content\/uploads\/2025\/08\/DIAMOND-Banner-scaled.webp 1920w, https:\/\/dorukcbm.com\/wp-content\/uploads\/2025\/08\/DIAMOND-Banner-300x89.webp 300w, https:\/\/dorukcbm.com\/wp-content\/uploads\/2025\/08\/DIAMOND-Banner-1024x304.webp 1024w, https:\/\/dorukcbm.com\/wp-content\/uploads\/2025\/08\/DIAMOND-Banner-768x228.webp 768w, https:\/\/dorukcbm.com\/wp-content\/uploads\/2025\/08\/DIAMOND-Banner-1536x457.webp 1536w\" sizes=\"(max-width: 1920px) 100vw, 1920px\" \/>\t\t\t\t\t\t\t\t\t\t\t\t\t\t\t<\/div>\n\t\t\t\t<\/div>\n\t\t\t\t\t<\/div>\n\t\t\t\t<\/div>\n\t\t<div class=\"elementor-element elementor-element-10c4bad e-flex e-con-boxed e-con e-parent\" data-id=\"10c4bad\" data-element_type=\"container\" data-e-type=\"container\" data-settings=\"{&quot;ekit_has_onepagescroll_dot&quot;:&quot;yes&quot;}\">\n\t\t\t\t\t<div class=\"e-con-inner\">\n\t\t<div class=\"elementor-element elementor-element-1659d664 e-con-full e-flex e-con e-child\" data-id=\"1659d664\" data-element_type=\"container\" data-e-type=\"container\" data-settings=\"{&quot;ekit_has_onepagescroll_dot&quot;:&quot;yes&quot;}\">\n\t\t\t\t<div class=\"elementor-element elementor-element-35e44afc elementor-widget elementor-widget-elementskit-heading\" data-id=\"35e44afc\" data-element_type=\"widget\" data-e-type=\"widget\" data-settings=\"{&quot;ekit_we_effect_on&quot;:&quot;none&quot;}\" data-widget_type=\"elementskit-heading.default\">\n\t\t\t\t<div class=\"elementor-widget-container\">\n\t\t\t\t\t<div class=\"ekit-wid-con\" ><div class=\"ekit-heading elementskit-section-title-wraper text_left   ekit_heading_tablet-   ekit_heading_mobile-\"><h4 class=\"elementskit-section-subtitle  \">\n\t\t\t\t\t\tLEONOVO Serisi\n\t\t\t\t\t<\/h4><h2 class=\"ekit-heading--title elementskit-section-title \">SPM Titre\u015fim \u00d6l\u00e7\u00fcm Cihazlar\u0131 ile Fark yarat\u0131n<\/h2>\t\t\t\t<div class='ekit-heading__description'>\n\t\t\t\t\t<p>Leonova Diamond, patentli HD Teknolojileri ile son derece geli\u015fmi\u015f titre\u015fim \u00f6l\u00e7\u00fcm cihaz\u0131d\u0131r. Shock Pulse \u00f6l\u00e7\u00fcmleri sunarak, sinyallerin zay\u0131f ve d\u00fc\u015f\u00fck enerji i\u00e7erikli oldu\u011fu durumlarda bile son derece keskin spektrumlar sa\u011flar. Ta\u015f\u0131nabilir \u00f6l\u00e7\u00fcm cihaz\u0131n\u0131n m\u00fckemmel sinyal-g\u00fcr\u00fclt\u00fc oran\u0131, di\u015fli kutular\u0131 gibi g\u00fc\u00e7l\u00fc sinyallerin aras\u0131nda zay\u0131f sinyallerin bulundu\u011fu durumlarda belirleyici bir avantaj sa\u011flar.<\/p>\n<p>\u00a0<\/p>\n<p>Leonova Diamond\u00ae, zorlu end\u00fcstriyel ortamlarda durum \u00f6l\u00e7\u00fcm\u00fc i\u00e7in ta\u015f\u0131nabilir bir cihazd\u0131r. \u00d6l\u00e7\u00fcm rotas\u0131 verimlili\u011finin \u00f6ncelikli oldu\u011fu her yerde, Leonova Diamond m\u00fckemmel bir se\u00e7imdir ve her durum i\u00e7in kan\u0131tlanm\u0131\u015f \u00f6l\u00e7\u00fcm tekniklerinin g\u00fc\u00e7l\u00fc bir kombinasyonunu tek bir cihazda sunar.<\/p>\n<p>\u00a0<\/p>\n<p>S\u00f6zc\u00fcksel tan\u0131m: elmas \\\u2019d\u012b-(\u0259-)m\u0259nd\\ Bilinen en sert do\u011fal madde; ayn\u0131 zamanda en pop\u00fcler de\u011ferli ta\u015f. Bu de\u011ferli ta\u015f\u0131n dayan\u0131kl\u0131l\u0131\u011f\u0131, g\u00fcc\u00fc ve \u00e7ok y\u00f6nl\u00fcl\u00fc\u011f\u00fc, bu cihaza Leonova Diamond ad\u0131n\u0131 vermemize ilham verdi.<\/p>\n<p>\u00a0<\/p>\n\t\t\t\t<\/div>\n\t\t\t<\/div><\/div>\t\t\t\t<\/div>\n\t\t\t\t<\/div>\n\t\t\t\t<div class=\"elementor-element elementor-element-437306c4 elementor-align-left elementor-widget elementor-widget-elementskit-button\" data-id=\"437306c4\" data-element_type=\"widget\" data-e-type=\"widget\" data-settings=\"{&quot;ekit_we_effect_on&quot;:&quot;none&quot;}\" data-widget_type=\"elementskit-button.default\">\n\t\t\t\t<div class=\"elementor-widget-container\">\n\t\t\t\t\t<div class=\"ekit-wid-con\" >\t\t<div class=\"ekit-btn-wraper\">\n\t\t\t\t\t\t\t<a href=\"https:\/\/dorukcbm.com\/?page_id=311\" class=\"elementskit-btn  whitespace--normal\" id=\"\">\n\t\t\t\t\tbize ula\u015f\u0131n\t\t\t\t<\/a>\n\t\t\t\t\t<\/div>\n        <\/div>\t\t\t\t<\/div>\n\t\t\t\t<\/div>\n\t\t\t\t<\/div>\n\t\t<div class=\"elementor-element elementor-element-36e1b1d3 e-con-full e-flex e-con e-child\" data-id=\"36e1b1d3\" data-element_type=\"container\" data-e-type=\"container\" data-settings=\"{&quot;ekit_has_onepagescroll_dot&quot;:&quot;yes&quot;}\">\n\t\t\t\t<div class=\"elementor-element elementor-element-64931d81 elementor-widget elementor-widget-image\" data-id=\"64931d81\" data-element_type=\"widget\" data-e-type=\"widget\" data-settings=\"{&quot;ekit_we_effect_on&quot;:&quot;none&quot;}\" data-widget_type=\"image.default\">\n\t\t\t\t<div class=\"elementor-widget-container\">\n\t\t\t\t\t\t\t\t\t\t\t\t\t\t\t<img decoding=\"async\" width=\"512\" height=\"340\" src=\"https:\/\/dorukcbm.com\/wp-content\/uploads\/2025\/07\/unnamed.jpg\" class=\"attachment-large size-large wp-image-675\" alt=\"\" srcset=\"https:\/\/dorukcbm.com\/wp-content\/uploads\/2025\/07\/unnamed.jpg 512w, https:\/\/dorukcbm.com\/wp-content\/uploads\/2025\/07\/unnamed-300x199.jpg 300w\" sizes=\"(max-width: 512px) 100vw, 512px\" \/>\t\t\t\t\t\t\t\t\t\t\t\t\t\t\t<\/div>\n\t\t\t\t<\/div>\n\t\t\t\t<\/div>\n\t\t\t\t\t<\/div>\n\t\t\t\t<\/div>\n\t\t<div class=\"elementor-element elementor-element-a61f92c e-flex e-con-boxed e-con e-parent\" data-id=\"a61f92c\" data-element_type=\"container\" data-e-type=\"container\" data-settings=\"{&quot;ekit_has_onepagescroll_dot&quot;:&quot;yes&quot;}\">\n\t\t\t\t\t<div class=\"e-con-inner\">\n\t\t\t\t<div class=\"elementor-element elementor-element-36b4e59 elementor-widget elementor-widget-video\" data-id=\"36b4e59\" data-element_type=\"widget\" data-e-type=\"widget\" data-settings=\"{&quot;youtube_url&quot;:&quot;https:\\\/\\\/www.youtube.com\\\/watch?v=IsqefGB9z9o&quot;,&quot;video_type&quot;:&quot;youtube&quot;,&quot;controls&quot;:&quot;yes&quot;,&quot;ekit_we_effect_on&quot;:&quot;none&quot;}\" data-widget_type=\"video.default\">\n\t\t\t\t<div class=\"elementor-widget-container\">\n\t\t\t\t\t\t\t<div class=\"elementor-wrapper elementor-open-inline\">\n\t\t\t<div class=\"elementor-video\"><\/div>\t\t<\/div>\n\t\t\t\t\t\t<\/div>\n\t\t\t\t<\/div>\n\t\t\t\t\t<\/div>\n\t\t\t\t<\/div>\n\t\t<div data-ekitparallax=\"{&quot;ekit_section_parallax_bg&quot;:&quot;yes&quot;,&quot;ekit_section_parallax_bg_speed&quot;:0.5,&quot;elementor_lazy_load&quot;:&quot;1&quot;}\" class=\"elementor-element elementor-element-68886d78 e-flex e-con-boxed e-con e-parent\" data-id=\"68886d78\" data-element_type=\"container\" data-e-type=\"container\" data-settings=\"{&quot;background_background&quot;:&quot;classic&quot;,&quot;ekit_has_onepagescroll_dot&quot;:&quot;yes&quot;}\">\n\t\t\t\t\t<div class=\"e-con-inner\">\n\t\t\t\t\t<\/div>\n\t\t\t\t<\/div>\n\t\t<div class=\"elementor-element elementor-element-7dcbfae6 e-flex e-con-boxed e-con e-parent\" data-id=\"7dcbfae6\" data-element_type=\"container\" data-e-type=\"container\" data-settings=\"{&quot;ekit_has_onepagescroll_dot&quot;:&quot;yes&quot;}\">\n\t\t\t\t\t<div class=\"e-con-inner\">\n\t\t<div class=\"elementor-element elementor-element-1e700fec e-con-full e-grid e-con e-child\" data-id=\"1e700fec\" data-element_type=\"container\" data-e-type=\"container\" data-settings=\"{&quot;ekit_has_onepagescroll_dot&quot;:&quot;yes&quot;}\">\n\t\t\t\t<div class=\"elementor-element elementor-element-711c9506 ekit-equal-height-disable elementor-widget elementor-widget-elementskit-icon-box\" data-id=\"711c9506\" data-element_type=\"widget\" data-e-type=\"widget\" data-settings=\"{&quot;ekit_we_effect_on&quot;:&quot;none&quot;}\" data-widget_type=\"elementskit-icon-box.default\">\n\t\t\t\t<div class=\"elementor-widget-container\">\n\t\t\t\t\t<div class=\"ekit-wid-con\" >        <!-- link opening -->\n                <!-- end link opening -->\n\n        <div class=\"elementskit-infobox text-left text-left icon-top-align elementor-animation-   \">\n                    <div class=\"elementskit-box-header elementor-animation-\">\n                <div class=\"elementskit-info-box-icon  \">\n                    <i aria-hidden=\"true\" class=\"elementkit-infobox-icon icon icon-brain\"><\/i>\n                <\/div>\n          <\/div>\n                        <div class=\"box-body\">\n                            <h3 class=\"elementskit-info-box-title\">\n                    Fark\u0131 Verilerde                <\/h3>\n                        \t\t  \t<p>Patentli HD durum izleme teknolojileri sayesinde di\u015fli ve rulman ar\u0131zalar\u0131n\u0131 \u00e7ok erken bir a\u015famada tespit etmek ve kayna\u011f\u0131n\u0131 belirlemek hi\u00e7 bu kadar kolay ve verimli olmam\u0131\u015ft\u0131.<\/p>\n                                <\/div>\n        \n        \n                <\/div>\n        <\/div>\t\t\t\t<\/div>\n\t\t\t\t<\/div>\n\t\t\t\t<div class=\"elementor-element elementor-element-20b0aa9a ekit-equal-height-disable elementor-widget elementor-widget-elementskit-icon-box\" data-id=\"20b0aa9a\" data-element_type=\"widget\" data-e-type=\"widget\" data-settings=\"{&quot;ekit_we_effect_on&quot;:&quot;none&quot;}\" data-widget_type=\"elementskit-icon-box.default\">\n\t\t\t\t<div class=\"elementor-widget-container\">\n\t\t\t\t\t<div class=\"ekit-wid-con\" >        <!-- link opening -->\n                <!-- end link opening -->\n\n        <div class=\"elementskit-infobox text-left text-left icon-top-align elementor-animation-   \">\n                    <div class=\"elementskit-box-header elementor-animation-\">\n                <div class=\"elementskit-info-box-icon  \">\n                    <svg aria-hidden=\"true\" class=\"elementkit-infobox-icon e-font-icon-svg e-fas-award\" viewBox=\"0 0 384 512\" xmlns=\"http:\/\/www.w3.org\/2000\/svg\"><path d=\"M97.12 362.63c-8.69-8.69-4.16-6.24-25.12-11.85-9.51-2.55-17.87-7.45-25.43-13.32L1.2 448.7c-4.39 10.77 3.81 22.47 15.43 22.03l52.69-2.01L105.56 507c8 8.44 22.04 5.81 26.43-4.96l52.05-127.62c-10.84 6.04-22.87 9.58-35.31 9.58-19.5 0-37.82-7.59-51.61-21.37zM382.8 448.7l-45.37-111.24c-7.56 5.88-15.92 10.77-25.43 13.32-21.07 5.64-16.45 3.18-25.12 11.85-13.79 13.78-32.12 21.37-51.62 21.37-12.44 0-24.47-3.55-35.31-9.58L252 502.04c4.39 10.77 18.44 13.4 26.43 4.96l36.25-38.28 52.69 2.01c11.62.44 19.82-11.27 15.43-22.03zM263 340c15.28-15.55 17.03-14.21 38.79-20.14 13.89-3.79 24.75-14.84 28.47-28.98 7.48-28.4 5.54-24.97 25.95-45.75 10.17-10.35 14.14-25.44 10.42-39.58-7.47-28.38-7.48-24.42 0-52.83 3.72-14.14-.25-29.23-10.42-39.58-20.41-20.78-18.47-17.36-25.95-45.75-3.72-14.14-14.58-25.19-28.47-28.98-27.88-7.61-24.52-5.62-44.95-26.41-10.17-10.35-25-14.4-38.89-10.61-27.87 7.6-23.98 7.61-51.9 0-13.89-3.79-28.72.25-38.89 10.61-20.41 20.78-17.05 18.8-44.94 26.41-13.89 3.79-24.75 14.84-28.47 28.98-7.47 28.39-5.54 24.97-25.95 45.75-10.17 10.35-14.15 25.44-10.42 39.58 7.47 28.36 7.48 24.4 0 52.82-3.72 14.14.25 29.23 10.42 39.59 20.41 20.78 18.47 17.35 25.95 45.75 3.72 14.14 14.58 25.19 28.47 28.98C104.6 325.96 106.27 325 121 340c13.23 13.47 33.84 15.88 49.74 5.82a39.676 39.676 0 0 1 42.53 0c15.89 10.06 36.5 7.65 49.73-5.82zM97.66 175.96c0-53.03 42.24-96.02 94.34-96.02s94.34 42.99 94.34 96.02-42.24 96.02-94.34 96.02-94.34-42.99-94.34-96.02z\"><\/path><\/svg>\n                <\/div>\n          <\/div>\n                        <div class=\"box-body\">\n                            <h3 class=\"elementskit-info-box-title\">\n                    Performans \u0130\u00e7in Tasarland\u0131                <\/h3>\n                        \t\t  \t<p>\u00d6l\u00e7\u00fcmler her zamankinden daha hassas ve spektrumlar daha ayr\u0131nt\u0131l\u0131d\u0131r; bu sayede en karma\u015f\u0131k end\u00fcstriyel uygulamalarda bile derinlemesine yatak ve titre\u015fim analizi yapmak m\u00fcmk\u00fcnd\u00fcr.<\/p>\n                                <\/div>\n        \n        \n                <\/div>\n        <\/div>\t\t\t\t<\/div>\n\t\t\t\t<\/div>\n\t\t\t\t<div class=\"elementor-element elementor-element-5e973db0 ekit-equal-height-disable elementor-widget elementor-widget-elementskit-icon-box\" data-id=\"5e973db0\" data-element_type=\"widget\" data-e-type=\"widget\" data-settings=\"{&quot;ekit_we_effect_on&quot;:&quot;none&quot;}\" data-widget_type=\"elementskit-icon-box.default\">\n\t\t\t\t<div class=\"elementor-widget-container\">\n\t\t\t\t\t<div class=\"ekit-wid-con\" >        <!-- link opening -->\n                <!-- end link opening -->\n\n        <div class=\"elementskit-infobox text-left text-left icon-top-align elementor-animation-   \">\n                    <div class=\"elementskit-box-header elementor-animation-\">\n                <div class=\"elementskit-info-box-icon  \">\n                    <br \/>\n<b>Warning<\/b>:  Undefined array key 0 in <b>\/var\/www\/vhosts\/dorukcbm.com\/httpdocs\/wp-content\/plugins\/elementor\/core\/page-assets\/data-managers\/font-icon-svg\/font-awesome.php<\/b> on line <b>19<\/b><br \/>\n<i aria-hidden=\"true\" class=\"elementkit-infobox-icon fasicon icon-team1\"><\/i>\n                <\/div>\n          <\/div>\n                        <div class=\"box-body\">\n                            <h3 class=\"elementskit-info-box-title\">\n                    \u00dcretkenlik ve Verimlilik                <\/h3>\n                        \t\t  \t<p>Tek bir d\u00fc\u011fmeye basarak birden fazla \u00f6l\u00e7\u00fcm atamas\u0131 ger\u00e7ekle\u015ftirilebilir. An\u0131nda durum de\u011ferlendirmesi, uyar\u0131 olu\u015fturma, ge\u00e7mi\u015f veriler ve trendler - hepsi do\u011frudan ekranda sunulur.<\/p>\n                                <\/div>\n        \n        \n                <\/div>\n        <\/div>\t\t\t\t<\/div>\n\t\t\t\t<\/div>\n\t\t\t\t<\/div>\n\t\t\t\t\t<\/div>\n\t\t\t\t<\/div>\n\t\t<div class=\"elementor-element elementor-element-479d8510 e-flex e-con-boxed e-con e-parent\" data-id=\"479d8510\" data-element_type=\"container\" data-e-type=\"container\" data-settings=\"{&quot;ekit_has_onepagescroll_dot&quot;:&quot;yes&quot;}\">\n\t\t\t\t\t<div class=\"e-con-inner\">\n\t\t\t\t<div class=\"elementor-element elementor-element-24cfd7a1 elementor-widget elementor-widget-elementskit-heading\" data-id=\"24cfd7a1\" data-element_type=\"widget\" data-e-type=\"widget\" data-settings=\"{&quot;ekit_we_effect_on&quot;:&quot;none&quot;}\" data-widget_type=\"elementskit-heading.default\">\n\t\t\t\t<div class=\"elementor-widget-container\">\n\t\t\t\t\t<div class=\"ekit-wid-con\" ><div class=\"ekit-heading elementskit-section-title-wraper text_center   ekit_heading_tablet-   ekit_heading_mobile-\"><h2 class=\"ekit-heading--title elementskit-section-title \">D\u00f6k\u00fcmanlar<\/h2><\/div><\/div>\t\t\t\t<\/div>\n\t\t\t\t<\/div>\n\t\t<div class=\"elementor-element elementor-element-74e454d2 e-con-full e-grid e-con e-child\" data-id=\"74e454d2\" data-element_type=\"container\" data-e-type=\"container\" data-settings=\"{&quot;ekit_has_onepagescroll_dot&quot;:&quot;yes&quot;}\">\n\t\t\t\t<div class=\"elementor-element elementor-element-3c9ecbca elementor-widget elementor-widget-elementskit-team\" data-id=\"3c9ecbca\" data-element_type=\"widget\" data-e-type=\"widget\" data-settings=\"{&quot;ekit_we_effect_on&quot;:&quot;none&quot;}\" data-widget_type=\"elementskit-team.default\">\n\t\t\t\t<div class=\"elementor-widget-container\">\n\t\t\t\t\t<div class=\"ekit-wid-con\">\n\t\t\t\t\t\t\t\t\t\t\t\t\t\t\t\t\t\t\t <div class=\"image-card-v2 style-circle\"> \t\t\t\t\t<div class=\"profile-image-card elementor-animation- ekit-team-img ekit-team-style-overlay_circle_hover text-center\">\n\n\t\t\t\t\t\t\t\t\t\t\t\t\t<img decoding=\"async\" width=\"372\" height=\"293\" src=\"https:\/\/dorukcbm.com\/wp-content\/uploads\/2025\/07\/Ekran-goruntusu-2025-07-17-222321.jpg\" class=\"attachment-full size-full wp-image-683\" alt=\"\" srcset=\"https:\/\/dorukcbm.com\/wp-content\/uploads\/2025\/07\/Ekran-goruntusu-2025-07-17-222321.jpg 372w, https:\/\/dorukcbm.com\/wp-content\/uploads\/2025\/07\/Ekran-goruntusu-2025-07-17-222321-300x236.jpg 300w\" sizes=\"(max-width: 372px) 100vw, 372px\" \/>\t\t\t\t\t\t\t\t\t\t\t\t<div class=\"hover-area\">\n\t\t\t\t\t\t\t<div class=\"profile-body\">\n\t\t\t\t\t\t\t\t<h2 class=\"profile-title\">\n\t\t\t\t\t\t\t\t\t\t\t\t\t\t\t\t\tPaket Se\u00e7enekleri\t\t\t\t\t\t\t\t\t\t\t\t\t\t\t\t<\/h2>\n\t\t\t\t\t\t\t\t<p class=\"profile-designation\">PDF<\/p>\n\t\t\t\t\t\t\t\t\t\t\t\t\t\t\t<\/div>\n\t\t\t\t\t\t\t\t\t\t\t\t\t\t\t<div class=\"profile-footer\">\n\t\t\t\t\t\t\t\t\t<ul class=\"ekit-team-social-list\">\n\t\t\t<li class=\"elementor-repeater-item-c0e1839\">\n\t\t\t<a href=\"https:\/\/dorukcbm.com\/wp-content\/uploads\/2025\/07\/72193B.pdf\" target=\"_blank\" aria-label=\"indir\">\n\t\t\t\t<svg aria-hidden=\"true\" class=\"e-font-icon-svg e-far-arrow-alt-circle-down\" viewBox=\"0 0 512 512\" xmlns=\"http:\/\/www.w3.org\/2000\/svg\"><path d=\"M256 8C119 8 8 119 8 256s111 248 248 248 248-111 248-248S393 8 256 8zm0 448c-110.5 0-200-89.5-200-200S145.5 56 256 56s200 89.5 200 200-89.5 200-200 200zm-32-316v116h-67c-10.7 0-16 12.9-8.5 20.5l99 99c4.7 4.7 12.3 4.7 17 0l99-99c7.6-7.6 2.2-20.5-8.5-20.5h-67V140c0-6.6-5.4-12-12-12h-40c-6.6 0-12 5.4-12 12z\"><\/path><\/svg>\t\t\t<\/a>\n\t\t<\/li>\n\t<\/ul>\n\t\t\t\t\t\t\t\t<\/div>\n\t\t\t\t\t\t\t\t\t\t\t\t\t<\/div>\n\t\t\t\t\t<\/div>\n\t\t\t\t\t <\/div> \n\t\t\t\t\n\t\t\t\t<\/div>\t\t\t\t<\/div>\n\t\t\t\t<\/div>\n\t\t\t\t<div class=\"elementor-element elementor-element-354fa01a elementor-widget elementor-widget-elementskit-team\" data-id=\"354fa01a\" data-element_type=\"widget\" data-e-type=\"widget\" data-settings=\"{&quot;ekit_we_effect_on&quot;:&quot;none&quot;}\" data-widget_type=\"elementskit-team.default\">\n\t\t\t\t<div class=\"elementor-widget-container\">\n\t\t\t\t\t<div class=\"ekit-wid-con\">\n\t\t\t\t\t\t\t\t\t\t\t\t\t\t\t\t\t\t\t <div class=\"image-card-v2 style-circle\"> \t\t\t\t\t<div class=\"profile-image-card elementor-animation- ekit-team-img ekit-team-style-overlay_circle_hover text-center\">\n\n\t\t\t\t\t\t\t\t\t\t\t\t\t<img decoding=\"async\" width=\"372\" height=\"293\" src=\"https:\/\/dorukcbm.com\/wp-content\/uploads\/2025\/07\/Ekran-goruntusu-2025-07-17-222321.jpg\" class=\"attachment-full size-full wp-image-683\" alt=\"\" srcset=\"https:\/\/dorukcbm.com\/wp-content\/uploads\/2025\/07\/Ekran-goruntusu-2025-07-17-222321.jpg 372w, https:\/\/dorukcbm.com\/wp-content\/uploads\/2025\/07\/Ekran-goruntusu-2025-07-17-222321-300x236.jpg 300w\" sizes=\"(max-width: 372px) 100vw, 372px\" \/>\t\t\t\t\t\t\t\t\t\t\t\t<div class=\"hover-area\">\n\t\t\t\t\t\t\t<div class=\"profile-body\">\n\t\t\t\t\t\t\t\t<h2 class=\"profile-title\">\n\t\t\t\t\t\t\t\t\t\t\t\t\t\t\t\t\tBro\u015f\u00fcr\t\t\t\t\t\t\t\t\t\t\t\t\t\t\t\t<\/h2>\n\t\t\t\t\t\t\t\t<p class=\"profile-designation\">PDF<\/p>\n\t\t\t\t\t\t\t\t\t\t\t\t\t\t\t<\/div>\n\t\t\t\t\t\t\t\t\t\t\t\t\t\t\t<div class=\"profile-footer\">\n\t\t\t\t\t\t\t\t\t<ul class=\"ekit-team-social-list\">\n\t\t\t<li class=\"elementor-repeater-item-c0e1839\">\n\t\t\t<a href=\"https:\/\/dorukcbm.com\/wp-content\/uploads\/2025\/07\/71951B-LeonovaDiamond_spread.pdf\" target=\"_blank\" aria-label=\"indir\">\n\t\t\t\t<svg aria-hidden=\"true\" class=\"e-font-icon-svg e-far-arrow-alt-circle-down\" viewBox=\"0 0 512 512\" xmlns=\"http:\/\/www.w3.org\/2000\/svg\"><path d=\"M256 8C119 8 8 119 8 256s111 248 248 248 248-111 248-248S393 8 256 8zm0 448c-110.5 0-200-89.5-200-200S145.5 56 256 56s200 89.5 200 200-89.5 200-200 200zm-32-316v116h-67c-10.7 0-16 12.9-8.5 20.5l99 99c4.7 4.7 12.3 4.7 17 0l99-99c7.6-7.6 2.2-20.5-8.5-20.5h-67V140c0-6.6-5.4-12-12-12h-40c-6.6 0-12 5.4-12 12z\"><\/path><\/svg>\t\t\t<\/a>\n\t\t<\/li>\n\t<\/ul>\n\t\t\t\t\t\t\t\t<\/div>\n\t\t\t\t\t\t\t\t\t\t\t\t\t<\/div>\n\t\t\t\t\t<\/div>\n\t\t\t\t\t <\/div> \n\t\t\t\t\n\t\t\t\t<\/div>\t\t\t\t<\/div>\n\t\t\t\t<\/div>\n\t\t\t\t<\/div>\n\t\t\t\t\t<\/div>\n\t\t\t\t<\/div>\n\t\t\t\t<\/div>\n\t\t","protected":false},"excerpt":{"rendered":"<p>LEONOVO Serisi SPM Titre\u015fim \u00d6l\u00e7\u00fcm Cihazlar\u0131 ile Fark yarat\u0131n Leonova Diamond, patentli HD Teknolojileri ile son derece geli\u015fmi\u015f titre\u015fim \u00f6l\u00e7\u00fcm cihaz\u0131d\u0131r. Shock Pulse \u00f6l\u00e7\u00fcmleri sunarak, sinyallerin zay\u0131f ve d\u00fc\u015f\u00fck enerji i\u00e7erikli oldu\u011fu durumlarda bile son derece keskin spektrumlar sa\u011flar. Ta\u015f\u0131nabilir \u00f6l\u00e7\u00fcm cihaz\u0131n\u0131n m\u00fckemmel sinyal-g\u00fcr\u00fclt\u00fc oran\u0131, di\u015fli kutular\u0131 gibi g\u00fc\u00e7l\u00fc sinyallerin aras\u0131nda zay\u0131f sinyallerin bulundu\u011fu durumlarda [&hellip;]<\/p>\n","protected":false},"author":1,"featured_media":0,"parent":0,"menu_order":0,"comment_status":"closed","ping_status":"closed","template":"","meta":{"footnotes":""},"class_list":["post-649","page","type-page","status-publish","hentry"],"_links":{"self":[{"href":"https:\/\/dorukcbm.com\/index.php?rest_route=\/wp\/v2\/pages\/649","targetHints":{"allow":["GET"]}}],"collection":[{"href":"https:\/\/dorukcbm.com\/index.php?rest_route=\/wp\/v2\/pages"}],"about":[{"href":"https:\/\/dorukcbm.com\/index.php?rest_route=\/wp\/v2\/types\/page"}],"author":[{"embeddable":true,"href":"https:\/\/dorukcbm.com\/index.php?rest_route=\/wp\/v2\/users\/1"}],"replies":[{"embeddable":true,"href":"https:\/\/dorukcbm.com\/index.php?rest_route=%2Fwp%2Fv2%2Fcomments&post=649"}],"version-history":[{"count":0,"href":"https:\/\/dorukcbm.com\/index.php?rest_route=\/wp\/v2\/pages\/649\/revisions"}],"wp:attachment":[{"href":"https:\/\/dorukcbm.com\/index.php?rest_route=%2Fwp%2Fv2%2Fmedia&parent=649"}],"curies":[{"name":"wp","href":"https:\/\/api.w.org\/{rel}","templated":true}]}}