{"id":706,"date":"2025-07-18T07:19:07","date_gmt":"2025-07-18T07:19:07","guid":{"rendered":"https:\/\/dorukcbm.com\/?page_id=706"},"modified":"2025-08-20T19:54:45","modified_gmt":"2025-08-20T19:54:45","slug":"emerald","status":"publish","type":"page","link":"https:\/\/dorukcbm.com\/?page_id=706","title":{"rendered":"Emerald"},"content":{"rendered":"\t\t<div data-elementor-type=\"wp-page\" data-elementor-id=\"706\" class=\"elementor elementor-706\" data-elementor-post-type=\"page\">\n\t\t\t\t<div class=\"elementor-element elementor-element-6afd7b1 e-flex e-con-boxed e-con e-parent\" data-id=\"6afd7b1\" data-element_type=\"container\" data-e-type=\"container\" data-settings=\"{&quot;ekit_has_onepagescroll_dot&quot;:&quot;yes&quot;}\">\n\t\t\t\t\t<div class=\"e-con-inner\">\n\t\t\t\t<div class=\"elementor-element elementor-element-e6f16da elementor-widget elementor-widget-image\" data-id=\"e6f16da\" data-element_type=\"widget\" data-e-type=\"widget\" data-settings=\"{&quot;ekit_we_effect_on&quot;:&quot;none&quot;}\" data-widget_type=\"image.default\">\n\t\t\t\t<div class=\"elementor-widget-container\">\n\t\t\t\t\t\t\t\t\t\t\t\t\t\t\t<img fetchpriority=\"high\" decoding=\"async\" width=\"1920\" height=\"571\" src=\"https:\/\/dorukcbm.com\/wp-content\/uploads\/2025\/08\/EMERALD-Banner-scaled.webp\" class=\"attachment-full size-full wp-image-1451\" alt=\"\" srcset=\"https:\/\/dorukcbm.com\/wp-content\/uploads\/2025\/08\/EMERALD-Banner-scaled.webp 1920w, https:\/\/dorukcbm.com\/wp-content\/uploads\/2025\/08\/EMERALD-Banner-300x89.webp 300w, https:\/\/dorukcbm.com\/wp-content\/uploads\/2025\/08\/EMERALD-Banner-1024x304.webp 1024w, https:\/\/dorukcbm.com\/wp-content\/uploads\/2025\/08\/EMERALD-Banner-768x228.webp 768w, https:\/\/dorukcbm.com\/wp-content\/uploads\/2025\/08\/EMERALD-Banner-1536x457.webp 1536w\" sizes=\"(max-width: 1920px) 100vw, 1920px\" \/>\t\t\t\t\t\t\t\t\t\t\t\t\t\t\t<\/div>\n\t\t\t\t<\/div>\n\t\t\t\t\t<\/div>\n\t\t\t\t<\/div>\n\t\t<div class=\"elementor-element elementor-element-8abc759 e-flex e-con-boxed e-con e-parent\" data-id=\"8abc759\" data-element_type=\"container\" data-e-type=\"container\" data-settings=\"{&quot;ekit_has_onepagescroll_dot&quot;:&quot;yes&quot;}\">\n\t\t\t\t\t<div class=\"e-con-inner\">\n\t\t<div class=\"elementor-element elementor-element-382eff2f e-con-full e-flex e-con e-child\" data-id=\"382eff2f\" data-element_type=\"container\" data-e-type=\"container\" data-settings=\"{&quot;ekit_has_onepagescroll_dot&quot;:&quot;yes&quot;}\">\n\t\t\t\t<div class=\"elementor-element elementor-element-179d74cb elementor-widget elementor-widget-elementskit-heading\" data-id=\"179d74cb\" data-element_type=\"widget\" data-e-type=\"widget\" data-settings=\"{&quot;ekit_we_effect_on&quot;:&quot;none&quot;}\" data-widget_type=\"elementskit-heading.default\">\n\t\t\t\t<div class=\"elementor-widget-container\">\n\t\t\t\t\t<div class=\"ekit-wid-con\" ><div class=\"ekit-heading elementskit-section-title-wraper text_left   ekit_heading_tablet-   ekit_heading_mobile-\"><h4 class=\"elementskit-section-subtitle  \">\n\t\t\t\t\t\tLEONOVO Serisi\n\t\t\t\t\t<\/h4><h2 class=\"ekit-heading--title elementskit-section-title \">SPM Titre\u015fim \u00d6l\u00e7\u00fcm Cihazlar\u0131 ile Fark yarat\u0131n<\/h2>\t\t\t\t<div class='ekit-heading__description'>\n\t\t\t\t\t<p>Leonova Emerald, patentli HD Teknolojileri ile son derece geli\u015fmi\u015f titre\u015fim \u00f6l\u00e7\u00fcm cihaz\u0131d\u0131r. Shock Pulse \u00f6l\u00e7\u00fcmleri sunarak, sinyallerin zay\u0131f ve d\u00fc\u015f\u00fck enerji i\u00e7erikli oldu\u011fu durumlarda bile son derece keskin spektrumlar sa\u011flar. Ta\u015f\u0131nabilir \u00f6l\u00e7\u00fcm cihaz\u0131n\u0131n m\u00fckemmel sinyal-g\u00fcr\u00fclt\u00fc oran\u0131, di\u015fli kutular\u0131 gibi g\u00fc\u00e7l\u00fc sinyallerin aras\u0131nda zay\u0131f sinyallerin bulundu\u011fu durumlarda belirleyici bir avantaj sa\u011flar.<\/p>\n<p>\u00a0<\/p>\n<p>Leonova Emerald\u00ae, zorlu end\u00fcstriyel ortamlarda durum \u00f6l\u00e7\u00fcm\u00fc i\u00e7in basit ve verimli bir ta\u015f\u0131nabilir cihazd\u0131r. Makine durum izlemede g\u00fc\u00e7l\u00fc analiz ve sorun giderme i\u00e7in m\u00fckemmel bir se\u00e7enektir.<\/p>\n<p>\u00a0<\/p>\n<p>S\u00f6zc\u00fcksel tan\u0131m: em\u00b7er\u00b7ald \\\u2019em(\u0259)r\u0259ld\\. Beril mineral ailesinin bir \u00fcyesi ve en \u00fcnl\u00fc ve de\u011ferli ye\u015fil de\u011ferli ta\u015ft\u0131r. Leonova Emerald ad\u0131, bu de\u011ferli ta\u015f\u0131n \u00f6ng\u00f6r\u00fc ve tahmin ta\u015f\u0131 olarak \u00fcn\u00fcnden esinlenmi\u015ftir.<\/p>\n\t\t\t\t<\/div>\n\t\t\t<\/div><\/div>\t\t\t\t<\/div>\n\t\t\t\t<\/div>\n\t\t\t\t<div class=\"elementor-element elementor-element-15b096fe elementor-align-left elementor-widget elementor-widget-elementskit-button\" data-id=\"15b096fe\" data-element_type=\"widget\" data-e-type=\"widget\" data-settings=\"{&quot;ekit_we_effect_on&quot;:&quot;none&quot;}\" data-widget_type=\"elementskit-button.default\">\n\t\t\t\t<div class=\"elementor-widget-container\">\n\t\t\t\t\t<div class=\"ekit-wid-con\" >\t\t<div class=\"ekit-btn-wraper\">\n\t\t\t\t\t\t\t<a href=\"https:\/\/dorukcbm.com\/?page_id=311\" class=\"elementskit-btn  whitespace--normal\" id=\"\">\n\t\t\t\t\tB\u0130ZE ULA\u015eIN\t\t\t\t<\/a>\n\t\t\t\t\t<\/div>\n        <\/div>\t\t\t\t<\/div>\n\t\t\t\t<\/div>\n\t\t\t\t<\/div>\n\t\t<div class=\"elementor-element elementor-element-5620a35f e-con-full e-flex e-con e-child\" data-id=\"5620a35f\" data-element_type=\"container\" data-e-type=\"container\" data-settings=\"{&quot;ekit_has_onepagescroll_dot&quot;:&quot;yes&quot;}\">\n\t\t\t\t<div class=\"elementor-element elementor-element-ada2c0b elementor-widget elementor-widget-image\" data-id=\"ada2c0b\" data-element_type=\"widget\" data-e-type=\"widget\" data-settings=\"{&quot;ekit_we_effect_on&quot;:&quot;none&quot;}\" data-widget_type=\"image.default\">\n\t\t\t\t<div class=\"elementor-widget-container\">\n\t\t\t\t\t\t\t\t\t\t\t\t\t\t\t<img decoding=\"async\" width=\"800\" height=\"626\" src=\"https:\/\/dorukcbm.com\/wp-content\/uploads\/2025\/07\/SPM_Emerald_enviroment-1024x801.jpg\" class=\"attachment-large size-large wp-image-727\" alt=\"\" srcset=\"https:\/\/dorukcbm.com\/wp-content\/uploads\/2025\/07\/SPM_Emerald_enviroment-1024x801.jpg 1024w, https:\/\/dorukcbm.com\/wp-content\/uploads\/2025\/07\/SPM_Emerald_enviroment-300x235.jpg 300w, https:\/\/dorukcbm.com\/wp-content\/uploads\/2025\/07\/SPM_Emerald_enviroment-768x601.jpg 768w, https:\/\/dorukcbm.com\/wp-content\/uploads\/2025\/07\/SPM_Emerald_enviroment-1536x1202.jpg 1536w, https:\/\/dorukcbm.com\/wp-content\/uploads\/2025\/07\/SPM_Emerald_enviroment-2048x1603.jpg 2048w\" sizes=\"(max-width: 800px) 100vw, 800px\" \/>\t\t\t\t\t\t\t\t\t\t\t\t\t\t\t<\/div>\n\t\t\t\t<\/div>\n\t\t\t\t<\/div>\n\t\t\t\t\t<\/div>\n\t\t\t\t<\/div>\n\t\t<div class=\"elementor-element elementor-element-7cfccb8 e-flex e-con-boxed e-con e-parent\" data-id=\"7cfccb8\" data-element_type=\"container\" data-e-type=\"container\" data-settings=\"{&quot;ekit_has_onepagescroll_dot&quot;:&quot;yes&quot;}\">\n\t\t\t\t\t<div class=\"e-con-inner\">\n\t\t\t\t<div class=\"elementor-element elementor-element-84dc873 elementor-widget elementor-widget-video\" data-id=\"84dc873\" data-element_type=\"widget\" data-e-type=\"widget\" data-settings=\"{&quot;youtube_url&quot;:&quot;https:\\\/\\\/www.youtube.com\\\/watch?v=IsqefGB9z9o&quot;,&quot;video_type&quot;:&quot;youtube&quot;,&quot;controls&quot;:&quot;yes&quot;,&quot;ekit_we_effect_on&quot;:&quot;none&quot;}\" data-widget_type=\"video.default\">\n\t\t\t\t<div class=\"elementor-widget-container\">\n\t\t\t\t\t\t\t<div class=\"elementor-wrapper elementor-open-inline\">\n\t\t\t<div class=\"elementor-video\"><\/div>\t\t<\/div>\n\t\t\t\t\t\t<\/div>\n\t\t\t\t<\/div>\n\t\t\t\t\t<\/div>\n\t\t\t\t<\/div>\n\t\t<div data-ekitparallax=\"{&quot;ekit_section_parallax_bg&quot;:&quot;yes&quot;,&quot;ekit_section_parallax_bg_speed&quot;:0.5,&quot;elementor_lazy_load&quot;:&quot;1&quot;}\" class=\"elementor-element elementor-element-b3842b0 e-flex e-con-boxed e-con e-parent\" data-id=\"b3842b0\" data-element_type=\"container\" data-e-type=\"container\" data-settings=\"{&quot;background_background&quot;:&quot;classic&quot;,&quot;ekit_has_onepagescroll_dot&quot;:&quot;yes&quot;}\">\n\t\t\t\t\t<div class=\"e-con-inner\">\n\t\t\t\t\t<\/div>\n\t\t\t\t<\/div>\n\t\t<div class=\"elementor-element elementor-element-22277060 e-flex e-con-boxed e-con e-parent\" data-id=\"22277060\" data-element_type=\"container\" data-e-type=\"container\" data-settings=\"{&quot;ekit_has_onepagescroll_dot&quot;:&quot;yes&quot;}\">\n\t\t\t\t\t<div class=\"e-con-inner\">\n\t\t<div class=\"elementor-element elementor-element-1586679e e-con-full e-grid e-con e-child\" data-id=\"1586679e\" data-element_type=\"container\" data-e-type=\"container\" data-settings=\"{&quot;ekit_has_onepagescroll_dot&quot;:&quot;yes&quot;}\">\n\t\t\t\t<div class=\"elementor-element elementor-element-6e958a1a ekit-equal-height-disable elementor-widget elementor-widget-elementskit-icon-box\" data-id=\"6e958a1a\" data-element_type=\"widget\" data-e-type=\"widget\" data-settings=\"{&quot;ekit_we_effect_on&quot;:&quot;none&quot;}\" data-widget_type=\"elementskit-icon-box.default\">\n\t\t\t\t<div class=\"elementor-widget-container\">\n\t\t\t\t\t<div class=\"ekit-wid-con\" >        <!-- link opening -->\n                <!-- end link opening -->\n\n        <div class=\"elementskit-infobox text-left text-left icon-top-align elementor-animation-   \">\n                    <div class=\"elementskit-box-header elementor-animation-\">\n                <div class=\"elementskit-info-box-icon  \">\n                    <i aria-hidden=\"true\" class=\"elementkit-infobox-icon icon icon-thumbs-up\"><\/i>\n                <\/div>\n          <\/div>\n                        <div class=\"box-body\">\n                            <h3 class=\"elementskit-info-box-title\">\n                    G\u00fcvenilir Bir Ortak                <\/h3>\n                        \t\t  \t<p>Rutin \u00f6l\u00e7\u00fcmler ve sorun giderme g\u00f6revleri i\u00e7in sa\u011flam ve \u00e7ok y\u00f6nl\u00fc bir cihaz olan Leonova Emerald, durum izleme program\u0131n\u0131z\u0131n verimlili\u011fini optimize etme kapasitesine sahiptir.<\/p>\n                                <\/div>\n        \n        \n                <\/div>\n        <\/div>\t\t\t\t<\/div>\n\t\t\t\t<\/div>\n\t\t\t\t<div class=\"elementor-element elementor-element-22a11cd9 ekit-equal-height-disable elementor-widget elementor-widget-elementskit-icon-box\" data-id=\"22a11cd9\" data-element_type=\"widget\" data-e-type=\"widget\" data-settings=\"{&quot;ekit_we_effect_on&quot;:&quot;none&quot;}\" data-widget_type=\"elementskit-icon-box.default\">\n\t\t\t\t<div class=\"elementor-widget-container\">\n\t\t\t\t\t<div class=\"ekit-wid-con\" >        <!-- link opening -->\n                <!-- end link opening -->\n\n        <div class=\"elementskit-infobox text-left text-left icon-top-align elementor-animation-   \">\n                    <div class=\"elementskit-box-header elementor-animation-\">\n                <div class=\"elementskit-info-box-icon  \">\n                    <br \/>\n<b>Warning<\/b>:  Undefined array key 0 in <b>\/var\/www\/vhosts\/dorukcbm.com\/httpdocs\/wp-content\/plugins\/elementor\/core\/page-assets\/data-managers\/font-icon-svg\/font-awesome.php<\/b> on line <b>19<\/b><br \/>\n<br \/>\n<b>Warning<\/b>:  Undefined array key \"fasicon icon-brain\" in <b>\/var\/www\/vhosts\/dorukcbm.com\/httpdocs\/wp-content\/plugins\/elementor\/core\/page-assets\/data-managers\/font-icon-svg\/font-awesome.php<\/b> on line <b>45<\/b><br \/>\n<br \/>\n<b>Warning<\/b>:  Trying to access array offset on null in <b>\/var\/www\/vhosts\/dorukcbm.com\/httpdocs\/wp-content\/plugins\/elementor\/core\/page-assets\/data-managers\/font-icon-svg\/font-awesome.php<\/b> on line <b>48<\/b><br \/>\n<br \/>\n<b>Warning<\/b>:  Trying to access array offset on null in <b>\/var\/www\/vhosts\/dorukcbm.com\/httpdocs\/wp-content\/plugins\/elementor\/core\/page-assets\/data-managers\/font-icon-svg\/font-awesome.php<\/b> on line <b>49<\/b><br \/>\n<br \/>\n<b>Warning<\/b>:  Trying to access array offset on null in <b>\/var\/www\/vhosts\/dorukcbm.com\/httpdocs\/wp-content\/plugins\/elementor\/core\/page-assets\/data-managers\/font-icon-svg\/font-awesome.php<\/b> on line <b>50<\/b><br \/>\n<i aria-hidden=\"true\" class=\"elementkit-infobox-icon fasicon icon-brain\"><\/i>\n                <\/div>\n          <\/div>\n                        <div class=\"box-body\">\n                            <h3 class=\"elementskit-info-box-title\">\n                    Performans \u0130\u00e7in Tasarland\u0131                <\/h3>\n                        \t\t  \t<p>\u00d6l\u00e7\u00fcmler her zamankinden daha hassas ve spektrumlar daha ayr\u0131nt\u0131l\u0131d\u0131r; bu sayede en karma\u015f\u0131k end\u00fcstriyel uygulamalarda bile derinlemesine yatak ve titre\u015fim analizi yapmak m\u00fcmk\u00fcnd\u00fcr.<\/p>\n                                <\/div>\n        \n        \n                <\/div>\n        <\/div>\t\t\t\t<\/div>\n\t\t\t\t<\/div>\n\t\t\t\t<div class=\"elementor-element elementor-element-2167f515 ekit-equal-height-disable elementor-widget elementor-widget-elementskit-icon-box\" data-id=\"2167f515\" data-element_type=\"widget\" data-e-type=\"widget\" data-settings=\"{&quot;ekit_we_effect_on&quot;:&quot;none&quot;}\" data-widget_type=\"elementskit-icon-box.default\">\n\t\t\t\t<div class=\"elementor-widget-container\">\n\t\t\t\t\t<div class=\"ekit-wid-con\" >        <!-- link opening -->\n                <!-- end link opening -->\n\n        <div class=\"elementskit-infobox text-left text-left icon-top-align elementor-animation-   \">\n                    <div class=\"elementskit-box-header elementor-animation-\">\n                <div class=\"elementskit-info-box-icon  \">\n                    <br \/>\n<b>Warning<\/b>:  Undefined array key 0 in <b>\/var\/www\/vhosts\/dorukcbm.com\/httpdocs\/wp-content\/plugins\/elementor\/core\/page-assets\/data-managers\/font-icon-svg\/font-awesome.php<\/b> on line <b>19<\/b><br \/>\n<br \/>\n<b>Warning<\/b>:  Undefined array key \"fasicon icon-team1\" in <b>\/var\/www\/vhosts\/dorukcbm.com\/httpdocs\/wp-content\/plugins\/elementor\/core\/page-assets\/data-managers\/font-icon-svg\/font-awesome.php<\/b> on line <b>45<\/b><br \/>\n<br \/>\n<b>Warning<\/b>:  Trying to access array offset on null in <b>\/var\/www\/vhosts\/dorukcbm.com\/httpdocs\/wp-content\/plugins\/elementor\/core\/page-assets\/data-managers\/font-icon-svg\/font-awesome.php<\/b> on line <b>48<\/b><br \/>\n<br \/>\n<b>Warning<\/b>:  Trying to access array offset on null in <b>\/var\/www\/vhosts\/dorukcbm.com\/httpdocs\/wp-content\/plugins\/elementor\/core\/page-assets\/data-managers\/font-icon-svg\/font-awesome.php<\/b> on line <b>49<\/b><br \/>\n<br \/>\n<b>Warning<\/b>:  Trying to access array offset on null in <b>\/var\/www\/vhosts\/dorukcbm.com\/httpdocs\/wp-content\/plugins\/elementor\/core\/page-assets\/data-managers\/font-icon-svg\/font-awesome.php<\/b> on line <b>50<\/b><br \/>\n<i aria-hidden=\"true\" class=\"elementkit-infobox-icon fasicon icon-team1\"><\/i>\n                <\/div>\n          <\/div>\n                        <div class=\"box-body\">\n                            <h3 class=\"elementskit-info-box-title\">\n                    Kullan\u0131c\u0131 Dostu                <\/h3>\n                        \t\t  \t<p>Tek bir d\u00fc\u011fmeye basarak birden fazla \u00f6l\u00e7\u00fcm atamas\u0131 ger\u00e7ekle\u015ftirilebilir. An\u0131nda durum de\u011ferlendirmesi, uyar\u0131 olu\u015fturma, ge\u00e7mi\u015f veriler ve trendler - hepsi do\u011frudan ekranda sunulur.<\/p>\n                                <\/div>\n        \n        \n                <\/div>\n        <\/div>\t\t\t\t<\/div>\n\t\t\t\t<\/div>\n\t\t\t\t<\/div>\n\t\t\t\t\t<\/div>\n\t\t\t\t<\/div>\n\t\t<div class=\"elementor-element elementor-element-37adeaba e-flex e-con-boxed e-con e-parent\" data-id=\"37adeaba\" data-element_type=\"container\" data-e-type=\"container\" data-settings=\"{&quot;ekit_has_onepagescroll_dot&quot;:&quot;yes&quot;}\">\n\t\t\t\t\t<div class=\"e-con-inner\">\n\t\t\t\t<div class=\"elementor-element elementor-element-53277627 elementor-widget elementor-widget-elementskit-heading\" data-id=\"53277627\" data-element_type=\"widget\" data-e-type=\"widget\" data-settings=\"{&quot;ekit_we_effect_on&quot;:&quot;none&quot;}\" data-widget_type=\"elementskit-heading.default\">\n\t\t\t\t<div class=\"elementor-widget-container\">\n\t\t\t\t\t<div class=\"ekit-wid-con\" ><div class=\"ekit-heading elementskit-section-title-wraper text_center   ekit_heading_tablet-   ekit_heading_mobile-\"><h2 class=\"ekit-heading--title elementskit-section-title \">D\u00f6k\u00fcmanlar<\/h2><\/div><\/div>\t\t\t\t<\/div>\n\t\t\t\t<\/div>\n\t\t<div class=\"elementor-element elementor-element-78cf7302 e-con-full e-grid e-con e-child\" data-id=\"78cf7302\" data-element_type=\"container\" data-e-type=\"container\" data-settings=\"{&quot;ekit_has_onepagescroll_dot&quot;:&quot;yes&quot;}\">\n\t\t\t\t<div class=\"elementor-element elementor-element-926fc12 elementor-widget elementor-widget-elementskit-team\" data-id=\"926fc12\" data-element_type=\"widget\" data-e-type=\"widget\" data-settings=\"{&quot;ekit_we_effect_on&quot;:&quot;none&quot;}\" data-widget_type=\"elementskit-team.default\">\n\t\t\t\t<div class=\"elementor-widget-container\">\n\t\t\t\t\t<div class=\"ekit-wid-con\">\n\t\t\t\t\t\t\t\t\t\t\t\t\t\t\t\t\t\t\t <div class=\"image-card-v2 style-circle\"> \t\t\t\t\t<div class=\"profile-image-card elementor-animation- ekit-team-img ekit-team-style-overlay_circle_hover text-center\">\n\n\t\t\t\t\t\t\t\t\t\t\t\t\t<img decoding=\"async\" width=\"789\" height=\"612\" src=\"https:\/\/dorukcbm.com\/wp-content\/uploads\/2025\/07\/Ekran-goruntusu-2025-07-23-141701.jpg\" class=\"attachment-full size-full wp-image-743\" alt=\"\" srcset=\"https:\/\/dorukcbm.com\/wp-content\/uploads\/2025\/07\/Ekran-goruntusu-2025-07-23-141701.jpg 789w, https:\/\/dorukcbm.com\/wp-content\/uploads\/2025\/07\/Ekran-goruntusu-2025-07-23-141701-300x233.jpg 300w, https:\/\/dorukcbm.com\/wp-content\/uploads\/2025\/07\/Ekran-goruntusu-2025-07-23-141701-768x596.jpg 768w\" sizes=\"(max-width: 789px) 100vw, 789px\" \/>\t\t\t\t\t\t\t\t\t\t\t\t<div class=\"hover-area\">\n\t\t\t\t\t\t\t<div class=\"profile-body\">\n\t\t\t\t\t\t\t\t<h2 class=\"profile-title\">\n\t\t\t\t\t\t\t\t\t\t\t\t\t\t\t\t\tBro\u015f\u00fcr\t\t\t\t\t\t\t\t\t\t\t\t\t\t\t\t<\/h2>\n\t\t\t\t\t\t\t\t<p class=\"profile-designation\">PDF<\/p>\n\t\t\t\t\t\t\t\t\t\t\t\t\t\t\t<\/div>\n\t\t\t\t\t\t\t\t\t\t\t\t\t\t\t<div class=\"profile-footer\">\n\t\t\t\t\t\t\t\t\t<ul class=\"ekit-team-social-list\">\n\t\t\t<li class=\"elementor-repeater-item-c0e1839\">\n\t\t\t<a href=\"https:\/\/dorukcbm.com\/wp-content\/uploads\/2025\/07\/71970B_Emerald_LR.pdf\" target=\"_blank\" aria-label=\"indir\">\n\t\t\t\t<svg aria-hidden=\"true\" class=\"e-font-icon-svg e-far-arrow-alt-circle-down\" viewBox=\"0 0 512 512\" xmlns=\"http:\/\/www.w3.org\/2000\/svg\"><path d=\"M256 8C119 8 8 119 8 256s111 248 248 248 248-111 248-248S393 8 256 8zm0 448c-110.5 0-200-89.5-200-200S145.5 56 256 56s200 89.5 200 200-89.5 200-200 200zm-32-316v116h-67c-10.7 0-16 12.9-8.5 20.5l99 99c4.7 4.7 12.3 4.7 17 0l99-99c7.6-7.6 2.2-20.5-8.5-20.5h-67V140c0-6.6-5.4-12-12-12h-40c-6.6 0-12 5.4-12 12z\"><\/path><\/svg>\t\t\t<\/a>\n\t\t<\/li>\n\t<\/ul>\n\t\t\t\t\t\t\t\t<\/div>\n\t\t\t\t\t\t\t\t\t\t\t\t\t<\/div>\n\t\t\t\t\t<\/div>\n\t\t\t\t\t <\/div> \n\t\t\t\t\n\t\t\t\t<\/div>\t\t\t\t<\/div>\n\t\t\t\t<\/div>\n\t\t\t\t<div class=\"elementor-element elementor-element-5940f728 elementor-widget elementor-widget-elementskit-team\" data-id=\"5940f728\" data-element_type=\"widget\" data-e-type=\"widget\" data-settings=\"{&quot;ekit_we_effect_on&quot;:&quot;none&quot;}\" data-widget_type=\"elementskit-team.default\">\n\t\t\t\t<div class=\"elementor-widget-container\">\n\t\t\t\t\t<div class=\"ekit-wid-con\">\n\t\t\t\t\t\t\t\t\t\t\t\t\t\t\t\t\t\t\t <div class=\"image-card-v2 style-circle\"> \t\t\t\t\t<div class=\"profile-image-card elementor-animation- ekit-team-img ekit-team-style-overlay_circle_hover text-center\">\n\n\t\t\t\t\t\t\t\t\t\t\t\t\t<img decoding=\"async\" width=\"789\" height=\"612\" src=\"https:\/\/dorukcbm.com\/wp-content\/uploads\/2025\/07\/Ekran-goruntusu-2025-07-23-141701.jpg\" class=\"attachment-full size-full wp-image-743\" alt=\"\" srcset=\"https:\/\/dorukcbm.com\/wp-content\/uploads\/2025\/07\/Ekran-goruntusu-2025-07-23-141701.jpg 789w, https:\/\/dorukcbm.com\/wp-content\/uploads\/2025\/07\/Ekran-goruntusu-2025-07-23-141701-300x233.jpg 300w, https:\/\/dorukcbm.com\/wp-content\/uploads\/2025\/07\/Ekran-goruntusu-2025-07-23-141701-768x596.jpg 768w\" sizes=\"(max-width: 789px) 100vw, 789px\" \/>\t\t\t\t\t\t\t\t\t\t\t\t<div class=\"hover-area\">\n\t\t\t\t\t\t\t<div class=\"profile-body\">\n\t\t\t\t\t\t\t\t<h2 class=\"profile-title\">\n\t\t\t\t\t\t\t\t\t\t\t\t\t\t\t\t\tPaket Se\u00e7enekleri\t\t\t\t\t\t\t\t\t\t\t\t\t\t\t\t<\/h2>\n\t\t\t\t\t\t\t\t<p class=\"profile-designation\">PDF<\/p>\n\t\t\t\t\t\t\t\t\t\t\t\t\t\t\t<\/div>\n\t\t\t\t\t\t\t\t\t\t\t\t\t\t\t<div class=\"profile-footer\">\n\t\t\t\t\t\t\t\t\t<ul class=\"ekit-team-social-list\">\n\t\t\t<li class=\"elementor-repeater-item-c0e1839\">\n\t\t\t<a href=\"https:\/\/dorukcbm.com\/wp-content\/uploads\/2025\/07\/72195B.pdf\" target=\"_blank\" aria-label=\"indir\">\n\t\t\t\t<svg aria-hidden=\"true\" class=\"e-font-icon-svg e-far-arrow-alt-circle-down\" viewBox=\"0 0 512 512\" xmlns=\"http:\/\/www.w3.org\/2000\/svg\"><path d=\"M256 8C119 8 8 119 8 256s111 248 248 248 248-111 248-248S393 8 256 8zm0 448c-110.5 0-200-89.5-200-200S145.5 56 256 56s200 89.5 200 200-89.5 200-200 200zm-32-316v116h-67c-10.7 0-16 12.9-8.5 20.5l99 99c4.7 4.7 12.3 4.7 17 0l99-99c7.6-7.6 2.2-20.5-8.5-20.5h-67V140c0-6.6-5.4-12-12-12h-40c-6.6 0-12 5.4-12 12z\"><\/path><\/svg>\t\t\t<\/a>\n\t\t<\/li>\n\t<\/ul>\n\t\t\t\t\t\t\t\t<\/div>\n\t\t\t\t\t\t\t\t\t\t\t\t\t<\/div>\n\t\t\t\t\t<\/div>\n\t\t\t\t\t <\/div> \n\t\t\t\t\n\t\t\t\t<\/div>\t\t\t\t<\/div>\n\t\t\t\t<\/div>\n\t\t\t\t<\/div>\n\t\t\t\t\t<\/div>\n\t\t\t\t<\/div>\n\t\t\t\t<\/div>\n\t\t","protected":false},"excerpt":{"rendered":"<p>LEONOVO Serisi SPM Titre\u015fim \u00d6l\u00e7\u00fcm Cihazlar\u0131 ile Fark yarat\u0131n Leonova Emerald, patentli HD Teknolojileri ile son derece geli\u015fmi\u015f titre\u015fim \u00f6l\u00e7\u00fcm cihaz\u0131d\u0131r. Shock Pulse \u00f6l\u00e7\u00fcmleri sunarak, sinyallerin zay\u0131f ve d\u00fc\u015f\u00fck enerji i\u00e7erikli oldu\u011fu durumlarda bile son derece keskin spektrumlar sa\u011flar. Ta\u015f\u0131nabilir \u00f6l\u00e7\u00fcm cihaz\u0131n\u0131n m\u00fckemmel sinyal-g\u00fcr\u00fclt\u00fc oran\u0131, di\u015fli kutular\u0131 gibi g\u00fc\u00e7l\u00fc sinyallerin aras\u0131nda zay\u0131f sinyallerin bulundu\u011fu durumlarda [&hellip;]<\/p>\n","protected":false},"author":1,"featured_media":0,"parent":0,"menu_order":0,"comment_status":"closed","ping_status":"closed","template":"","meta":{"footnotes":""},"class_list":["post-706","page","type-page","status-publish","hentry"],"_links":{"self":[{"href":"https:\/\/dorukcbm.com\/index.php?rest_route=\/wp\/v2\/pages\/706","targetHints":{"allow":["GET"]}}],"collection":[{"href":"https:\/\/dorukcbm.com\/index.php?rest_route=\/wp\/v2\/pages"}],"about":[{"href":"https:\/\/dorukcbm.com\/index.php?rest_route=\/wp\/v2\/types\/page"}],"author":[{"embeddable":true,"href":"https:\/\/dorukcbm.com\/index.php?rest_route=\/wp\/v2\/users\/1"}],"replies":[{"embeddable":true,"href":"https:\/\/dorukcbm.com\/index.php?rest_route=%2Fwp%2Fv2%2Fcomments&post=706"}],"version-history":[{"count":0,"href":"https:\/\/dorukcbm.com\/index.php?rest_route=\/wp\/v2\/pages\/706\/revisions"}],"wp:attachment":[{"href":"https:\/\/dorukcbm.com\/index.php?rest_route=%2Fwp%2Fv2%2Fmedia&parent=706"}],"curies":[{"name":"wp","href":"https:\/\/api.w.org\/{rel}","templated":true}]}}