{"id":891,"date":"2025-08-05T13:50:14","date_gmt":"2025-08-05T13:50:14","guid":{"rendered":"https:\/\/dorukcbm.com\/?page_id=891"},"modified":"2025-08-17T13:04:17","modified_gmt":"2025-08-17T13:04:17","slug":"steteskop","status":"publish","type":"page","link":"https:\/\/dorukcbm.com\/?page_id=891","title":{"rendered":"Steteskop"},"content":{"rendered":"\t\t<div data-elementor-type=\"wp-page\" data-elementor-id=\"891\" class=\"elementor elementor-891\" data-elementor-post-type=\"page\">\n\t\t\t\t<div data-ekitparallax=\"{&quot;ekit_section_parallax_bg&quot;:&quot;yes&quot;,&quot;ekit_section_parallax_bg_speed&quot;:0.5,&quot;elementor_lazy_load&quot;:&quot;1&quot;}\" class=\"elementor-element elementor-element-60b15798 e-flex e-con-boxed e-con e-parent\" data-id=\"60b15798\" data-element_type=\"container\" data-e-type=\"container\" data-settings=\"{&quot;background_background&quot;:&quot;classic&quot;,&quot;ekit_has_onepagescroll_dot&quot;:&quot;yes&quot;}\">\n\t\t\t\t\t<div class=\"e-con-inner\">\n\t\t\t\t\t<\/div>\n\t\t\t\t<\/div>\n\t\t<div class=\"elementor-element elementor-element-bfd042e e-flex e-con-boxed e-con e-parent\" data-id=\"bfd042e\" data-element_type=\"container\" data-e-type=\"container\" data-settings=\"{&quot;ekit_has_onepagescroll_dot&quot;:&quot;yes&quot;}\">\n\t\t\t\t\t<div class=\"e-con-inner\">\n\t\t<div class=\"elementor-element elementor-element-62099d5 e-con-full e-flex e-con e-child\" data-id=\"62099d5\" data-element_type=\"container\" data-e-type=\"container\" data-settings=\"{&quot;ekit_has_onepagescroll_dot&quot;:&quot;yes&quot;}\">\n\t\t\t\t<div class=\"elementor-element elementor-element-46d164b6 elementor-widget elementor-widget-elementskit-heading\" data-id=\"46d164b6\" data-element_type=\"widget\" data-e-type=\"widget\" data-settings=\"{&quot;ekit_we_effect_on&quot;:&quot;none&quot;}\" data-widget_type=\"elementskit-heading.default\">\n\t\t\t\t<div class=\"elementor-widget-container\">\n\t\t\t\t\t<div class=\"ekit-wid-con\" ><div class=\"ekit-heading elementskit-section-title-wraper text_left   ekit_heading_tablet-   ekit_heading_mobile-\"><h2 class=\"ekit-heading--title elementskit-section-title \">Elektronik steteskop<\/h2>\t\t\t\t<div class='ekit-heading__description'>\n\t\t\t\t\t<p>End\u00fcstrinin t\u00fcm dallar\u0131ndaki bak\u0131m b\u00f6l\u00fcmlerinde, anormal g\u00fcr\u00fclt\u00fcn\u00fcn muhtemel kayna\u011f\u0131n\u0131 belirlemek amac\u0131yla makine seslerini dinlemek en yayg\u0131n kullan\u0131lan y\u00f6ntemlerden biridir.<\/p>\n\t\t\t\t<\/div>\n\t\t\t<\/div><\/div>\t\t\t\t<\/div>\n\t\t\t\t<\/div>\n\t\t\t\t<div class=\"elementor-element elementor-element-51f6f2fb ekit-equal-height-disable elementor-widget elementor-widget-elementskit-icon-box\" data-id=\"51f6f2fb\" data-element_type=\"widget\" data-e-type=\"widget\" data-settings=\"{&quot;ekit_we_effect_on&quot;:&quot;none&quot;}\" data-widget_type=\"elementskit-icon-box.default\">\n\t\t\t\t<div class=\"elementor-widget-container\">\n\t\t\t\t\t<div class=\"ekit-wid-con\" >        <!-- link opening -->\n                <a href=\"#\" class=\"ekit_global_links\">\n                <!-- end link opening -->\n\n        <div class=\"elementskit-infobox text- text-left icon-lef-right-aligin elementor-animation- media  \">\n                            <div class=\"elementskit-box-header\">\n                <div class=\"elementskit-info-box-icon text-center\">\n                    <img decoding=\"async\" src=\"\" title=\"\" alt=\"\" class=\"\" \/>                <\/div>\n          <\/div>\n                <div class=\"box-body\">\n                            <h3 class=\"elementskit-info-box-title\">\n                    M\u00fckemmel ses, filtreleme ve kay\u0131t                <\/h3>\n                        \t\t  \t<p>Elektronik stetoskopumuz, \u00e7ok \u00e7e\u015fitli uygulamalarda mekanik g\u00fcr\u00fclt\u00fcn\u00fcn kayna\u011f\u0131n\u0131 belirlemeye yard\u0131mc\u0131 olan pratik ve kullan\u0131m\u0131 kolay bir dinleme cihaz\u0131d\u0131r. Yatak durumu, di\u015fli ve pompa g\u00fcr\u00fclt\u00fcs\u00fc ve elektrik r\u00f6lesi \u00e7al\u0131\u015fmas\u0131, tan\u0131mlanabilen, g\u00fc\u00e7lendirilebilen ve de\u011ferlendirilebilen bir\u00e7ok sesten sadece birka\u00e7\u0131d\u0131r.\n<br><br>\n\u0130lgili frekanslar\u0131 belirlemek i\u00e7in d\u00fc\u015f\u00fck, orta, y\u00fcksek veya filtresiz olarak se\u00e7ilebilir; tek bir d\u00fc\u011fmeye bas\u0131larak uygun filtre uygulan\u0131r. Ses seviyesi de ayn\u0131 basit \u015fekilde ayarlan\u0131r. Kulak koruyucular ortam g\u00fcr\u00fclt\u00fcs\u00fcn\u00fc etkili bir \u015fekilde engeller.\n<br><br>\nSa\u011flam ve hafif olan bu tek elle kullan\u0131lan stetoskop, dahili bir SD kart ve kay\u0131t \u00f6zellikleriyle birlikte gelir. Bu sayede sesler cihazdan \u00e7al\u0131nabilir ve daha fazla de\u011ferlendirme veya gelecekteki kar\u015f\u0131la\u015ft\u0131rmalar i\u00e7in ses dosyalar\u0131 olarak saklanabilir.<\/p>\n                                <\/div>\n        \n        \n                <\/div>\n                <\/a>\n        <\/div>\t\t\t\t<\/div>\n\t\t\t\t<\/div>\n\t\t\t\t<\/div>\n\t\t<div class=\"elementor-element elementor-element-11870eb5 e-con-full e-flex e-con e-child\" data-id=\"11870eb5\" data-element_type=\"container\" data-e-type=\"container\" data-settings=\"{&quot;ekit_has_onepagescroll_dot&quot;:&quot;yes&quot;}\">\n\t\t\t\t<div class=\"elementor-element elementor-element-12fea127 elementor-widget elementor-widget-image\" data-id=\"12fea127\" data-element_type=\"widget\" data-e-type=\"widget\" data-settings=\"{&quot;ekit_we_effect_on&quot;:&quot;none&quot;}\" data-widget_type=\"image.default\">\n\t\t\t\t<div class=\"elementor-widget-container\">\n\t\t\t\t\t\t\t\t\t\t\t\t\t\t\t<img fetchpriority=\"high\" decoding=\"async\" width=\"1140\" height=\"760\" src=\"https:\/\/dorukcbm.com\/wp-content\/uploads\/2025\/08\/els14_environ_original.webp\" class=\"attachment-full size-full wp-image-894\" alt=\"\" srcset=\"https:\/\/dorukcbm.com\/wp-content\/uploads\/2025\/08\/els14_environ_original.webp 1140w, https:\/\/dorukcbm.com\/wp-content\/uploads\/2025\/08\/els14_environ_original-300x200.webp 300w, https:\/\/dorukcbm.com\/wp-content\/uploads\/2025\/08\/els14_environ_original-1024x683.webp 1024w, https:\/\/dorukcbm.com\/wp-content\/uploads\/2025\/08\/els14_environ_original-768x512.webp 768w\" sizes=\"(max-width: 1140px) 100vw, 1140px\" \/>\t\t\t\t\t\t\t\t\t\t\t\t\t\t\t<\/div>\n\t\t\t\t<\/div>\n\t\t\t\t<\/div>\n\t\t\t\t\t<\/div>\n\t\t\t\t<\/div>\n\t\t<div class=\"elementor-element elementor-element-10b71fb6 e-flex e-con-boxed e-con e-parent\" data-id=\"10b71fb6\" data-element_type=\"container\" data-e-type=\"container\" data-settings=\"{&quot;ekit_has_onepagescroll_dot&quot;:&quot;yes&quot;}\">\n\t\t\t\t\t<div class=\"e-con-inner\">\n\t\t\t\t<div class=\"elementor-element elementor-element-18b816c8 elementor-widget elementor-widget-elementskit-heading\" data-id=\"18b816c8\" data-element_type=\"widget\" data-e-type=\"widget\" data-settings=\"{&quot;ekit_we_effect_on&quot;:&quot;none&quot;}\" data-widget_type=\"elementskit-heading.default\">\n\t\t\t\t<div class=\"elementor-widget-container\">\n\t\t\t\t\t<div class=\"ekit-wid-con\" ><div class=\"ekit-heading elementskit-section-title-wraper text_center   ekit_heading_tablet-   ekit_heading_mobile-\"><h2 class=\"ekit-heading--title elementskit-section-title \">D\u00f6k\u00fcmanlar<\/h2><\/div><\/div>\t\t\t\t<\/div>\n\t\t\t\t<\/div>\n\t\t<div class=\"elementor-element elementor-element-6671f7fc e-con-full e-grid e-con e-child\" data-id=\"6671f7fc\" data-element_type=\"container\" data-e-type=\"container\" data-settings=\"{&quot;ekit_has_onepagescroll_dot&quot;:&quot;yes&quot;}\">\n\t\t\t\t<div class=\"elementor-element elementor-element-16b6696b elementor-widget elementor-widget-elementskit-team\" data-id=\"16b6696b\" data-element_type=\"widget\" data-e-type=\"widget\" data-settings=\"{&quot;ekit_we_effect_on&quot;:&quot;none&quot;}\" data-widget_type=\"elementskit-team.default\">\n\t\t\t\t<div class=\"elementor-widget-container\">\n\t\t\t\t\t<div class=\"ekit-wid-con\">\n\t\t\t\t\t\t\t\t\t\t\t\t\t\t\t\t\t\t\t <div class=\"image-card-v2 style-circle\"> \t\t\t\t\t<div class=\"profile-image-card elementor-animation- ekit-team-img ekit-team-style-overlay_circle_hover text-center\">\n\n\t\t\t\t\t\t\t\t\t\t\t\t\t<img decoding=\"async\" width=\"372\" height=\"293\" src=\"https:\/\/dorukcbm.com\/wp-content\/uploads\/2025\/07\/Ekran-goruntusu-2025-07-17-222321.jpg\" class=\"attachment-full size-full wp-image-683\" alt=\"\" srcset=\"https:\/\/dorukcbm.com\/wp-content\/uploads\/2025\/07\/Ekran-goruntusu-2025-07-17-222321.jpg 372w, https:\/\/dorukcbm.com\/wp-content\/uploads\/2025\/07\/Ekran-goruntusu-2025-07-17-222321-300x236.jpg 300w\" sizes=\"(max-width: 372px) 100vw, 372px\" \/>\t\t\t\t\t\t\t\t\t\t\t\t<div class=\"hover-area\">\n\t\t\t\t\t\t\t<div class=\"profile-body\">\n\t\t\t\t\t\t\t\t<h2 class=\"profile-title\">\n\t\t\t\t\t\t\t\t\t\t\t\t\t\t\t\t\tPDF\t\t\t\t\t\t\t\t\t\t\t\t\t\t\t\t<\/h2>\n\t\t\t\t\t\t\t\t<p class=\"profile-designation\"><\/p>\n\t\t\t\t\t\t\t\t\t\t\t\t\t\t\t<\/div>\n\t\t\t\t\t\t\t\t\t\t\t\t\t\t\t<div class=\"profile-footer\">\n\t\t\t\t\t\t\t\t\t<ul class=\"ekit-team-social-list\">\n\t\t\t<li class=\"elementor-repeater-item-c0e1839\">\n\t\t\t<a href=\"https:\/\/dorukcbm.com\/wp-content\/uploads\/2025\/08\/72075B_ELS14_LR.pdf\" aria-label=\"download\">\n\t\t\t\t<svg aria-hidden=\"true\" class=\"e-font-icon-svg e-far-arrow-alt-circle-down\" viewBox=\"0 0 512 512\" xmlns=\"http:\/\/www.w3.org\/2000\/svg\"><path d=\"M256 8C119 8 8 119 8 256s111 248 248 248 248-111 248-248S393 8 256 8zm0 448c-110.5 0-200-89.5-200-200S145.5 56 256 56s200 89.5 200 200-89.5 200-200 200zm-32-316v116h-67c-10.7 0-16 12.9-8.5 20.5l99 99c4.7 4.7 12.3 4.7 17 0l99-99c7.6-7.6 2.2-20.5-8.5-20.5h-67V140c0-6.6-5.4-12-12-12h-40c-6.6 0-12 5.4-12 12z\"><\/path><\/svg>\t\t\t<\/a>\n\t\t<\/li>\n\t<\/ul>\n\t\t\t\t\t\t\t\t<\/div>\n\t\t\t\t\t\t\t\t\t\t\t\t\t<\/div>\n\t\t\t\t\t<\/div>\n\t\t\t\t\t <\/div> \n\t\t\t\t\n\t\t\t\t<\/div>\t\t\t\t<\/div>\n\t\t\t\t<\/div>\n\t\t\t\t<\/div>\n\t\t\t\t\t<\/div>\n\t\t\t\t<\/div>\n\t\t\t\t<\/div>\n\t\t","protected":false},"excerpt":{"rendered":"<p>Elektronik steteskop End\u00fcstrinin t\u00fcm dallar\u0131ndaki bak\u0131m b\u00f6l\u00fcmlerinde, anormal g\u00fcr\u00fclt\u00fcn\u00fcn muhtemel kayna\u011f\u0131n\u0131 belirlemek amac\u0131yla makine seslerini dinlemek en yayg\u0131n kullan\u0131lan y\u00f6ntemlerden biridir. M\u00fckemmel ses, filtreleme ve kay\u0131t Elektronik stetoskopumuz, \u00e7ok \u00e7e\u015fitli uygulamalarda mekanik g\u00fcr\u00fclt\u00fcn\u00fcn kayna\u011f\u0131n\u0131 belirlemeye yard\u0131mc\u0131 olan pratik ve kullan\u0131m\u0131 kolay bir dinleme cihaz\u0131d\u0131r. Yatak durumu, di\u015fli ve pompa g\u00fcr\u00fclt\u00fcs\u00fc ve elektrik r\u00f6lesi \u00e7al\u0131\u015fmas\u0131, tan\u0131mlanabilen, [&hellip;]<\/p>\n","protected":false},"author":1,"featured_media":0,"parent":0,"menu_order":0,"comment_status":"closed","ping_status":"closed","template":"","meta":{"footnotes":""},"class_list":["post-891","page","type-page","status-publish","hentry"],"_links":{"self":[{"href":"https:\/\/dorukcbm.com\/index.php?rest_route=\/wp\/v2\/pages\/891","targetHints":{"allow":["GET"]}}],"collection":[{"href":"https:\/\/dorukcbm.com\/index.php?rest_route=\/wp\/v2\/pages"}],"about":[{"href":"https:\/\/dorukcbm.com\/index.php?rest_route=\/wp\/v2\/types\/page"}],"author":[{"embeddable":true,"href":"https:\/\/dorukcbm.com\/index.php?rest_route=\/wp\/v2\/users\/1"}],"replies":[{"embeddable":true,"href":"https:\/\/dorukcbm.com\/index.php?rest_route=%2Fwp%2Fv2%2Fcomments&post=891"}],"version-history":[{"count":0,"href":"https:\/\/dorukcbm.com\/index.php?rest_route=\/wp\/v2\/pages\/891\/revisions"}],"wp:attachment":[{"href":"https:\/\/dorukcbm.com\/index.php?rest_route=%2Fwp%2Fv2%2Fmedia&parent=891"}],"curies":[{"name":"wp","href":"https:\/\/api.w.org\/{rel}","templated":true}]}}