{"id":932,"date":"2025-08-06T07:20:15","date_gmt":"2025-08-06T07:20:15","guid":{"rendered":"https:\/\/dorukcbm.com\/?page_id=932"},"modified":"2025-08-18T11:21:57","modified_gmt":"2025-08-18T11:21:57","slug":"bc","status":"publish","type":"page","link":"https:\/\/dorukcbm.com\/?page_id=932","title":{"rendered":"BearingChecker"},"content":{"rendered":"\t\t<div data-elementor-type=\"wp-page\" data-elementor-id=\"932\" class=\"elementor elementor-932\" data-elementor-post-type=\"page\">\n\t\t\t\t<div data-ekitparallax=\"{&quot;ekit_section_parallax_bg&quot;:&quot;yes&quot;,&quot;ekit_section_parallax_bg_speed&quot;:0.5,&quot;elementor_lazy_load&quot;:&quot;1&quot;}\" class=\"elementor-element elementor-element-483ec976 e-con-full e-flex e-con e-parent\" data-id=\"483ec976\" data-element_type=\"container\" data-e-type=\"container\" data-settings=\"{&quot;background_background&quot;:&quot;classic&quot;,&quot;background_motion_fx_motion_fx_scrolling&quot;:&quot;yes&quot;,&quot;background_motion_fx_scale_effect&quot;:&quot;yes&quot;,&quot;background_motion_fx_scale_direction&quot;:&quot;out-in&quot;,&quot;background_motion_fx_scale_speed&quot;:{&quot;unit&quot;:&quot;px&quot;,&quot;size&quot;:4,&quot;sizes&quot;:[]},&quot;background_motion_fx_scale_range&quot;:{&quot;unit&quot;:&quot;%&quot;,&quot;size&quot;:&quot;&quot;,&quot;sizes&quot;:{&quot;start&quot;:20,&quot;end&quot;:80}},&quot;background_motion_fx_devices&quot;:[&quot;desktop&quot;,&quot;tablet&quot;,&quot;mobile&quot;],&quot;ekit_has_onepagescroll_dot&quot;:&quot;yes&quot;}\">\n\t\t\t\t<\/div>\n\t\t<div class=\"elementor-element elementor-element-6740389c e-flex e-con-boxed e-con e-parent\" data-id=\"6740389c\" data-element_type=\"container\" data-e-type=\"container\" data-settings=\"{&quot;ekit_has_onepagescroll_dot&quot;:&quot;yes&quot;}\">\n\t\t\t\t\t<div class=\"e-con-inner\">\n\t\t<div class=\"elementor-element elementor-element-122be6a0 e-con-full e-flex e-con e-child\" data-id=\"122be6a0\" data-element_type=\"container\" data-e-type=\"container\" data-settings=\"{&quot;ekit_has_onepagescroll_dot&quot;:&quot;yes&quot;}\">\n\t\t\t\t<div class=\"elementor-element elementor-element-4a417dc elementor-widget elementor-widget-elementskit-heading\" data-id=\"4a417dc\" data-element_type=\"widget\" data-e-type=\"widget\" data-settings=\"{&quot;ekit_we_effect_on&quot;:&quot;none&quot;}\" data-widget_type=\"elementskit-heading.default\">\n\t\t\t\t<div class=\"elementor-widget-container\">\n\t\t\t\t\t<div class=\"ekit-wid-con\" ><div class=\"ekit-heading elementskit-section-title-wraper text_left   ekit_heading_tablet-   ekit_heading_mobile-\"><h2 class=\"ekit-heading--title elementskit-section-title \">BearingChecker ile ShockPulse \u00f6l\u00e7\u00fcm\u00fc<\/h2>\t\t\t\t<div class='ekit-heading__description'>\n\t\t\t\t\t<p>Rulman hasar\u0131, makine ar\u0131zalar\u0131n\u0131n s\u0131k g\u00f6r\u00fclen bir nedenidir, ancak d\u00fczeltici bak\u0131m i\u00e7in sorunlar\u0131 zaman\u0131nda tespit etmek genellikle m\u00fcmk\u00fcnd\u00fcr. Ar\u0131zalar\u0131n zaman\u0131nda tahmin edilmesi ve tespiti, ekipman ve bile\u015fen g\u00fcvenilirli\u011fini art\u0131rman\u0131n ve i\u015fletme maliyetlerini d\u00fc\u015f\u00fcrmenin anahtar\u0131d\u0131r. Rulman durumunun d\u00fczenli olarak kontrol edilmesi, plans\u0131z duru\u015flar\u0131 ve gereksiz onar\u0131m \u00e7al\u0131\u015fmalar\u0131n\u0131 \u00f6nemli \u00f6l\u00e7\u00fcde azaltabilir.<\/p>\n\t\t\t\t<\/div>\n\t\t\t<\/div><\/div>\t\t\t\t<\/div>\n\t\t\t\t<\/div>\n\t\t\t\t<div class=\"elementor-element elementor-element-70eeb241 ekit-equal-height-disable elementor-widget elementor-widget-elementskit-icon-box\" data-id=\"70eeb241\" data-element_type=\"widget\" data-e-type=\"widget\" data-settings=\"{&quot;ekit_we_effect_on&quot;:&quot;none&quot;}\" data-widget_type=\"elementskit-icon-box.default\">\n\t\t\t\t<div class=\"elementor-widget-container\">\n\t\t\t\t\t<div class=\"ekit-wid-con\" >        <!-- link opening -->\n                <a href=\"#\" class=\"ekit_global_links\">\n                <!-- end link opening -->\n\n        <div class=\"elementskit-infobox text- text-left icon-lef-right-aligin elementor-animation- media  \">\n                            <div class=\"elementskit-box-header\">\n                <div class=\"elementskit-info-box-icon text-center\">\n                    <img decoding=\"async\" src=\"\" title=\"\" alt=\"\" class=\"\" \/>                <\/div>\n          <\/div>\n                <div class=\"box-body\">\n                            <h3 class=\"elementskit-info-box-title\">\n                    BearingChecker ne i\u00e7in kullan\u0131l\u0131r?                <\/h3>\n                        \t\t  \t<p>BearingChecker, a\u015fa\u011f\u0131daki gibi end\u00fcstriyel ekipmanlardaki yuvarlanan elemanl\u0131 rulmanlar\u0131n durumunu de\u011ferlendirir:\n<br><br>\n-Red\u00fckt\u00f6rler\n<br>\n-Motorlar<br>\n-Fanlar<br>\n-Pompalar<br><br>\n\u00d6nceden tan\u0131mlanm\u0131\u015f konumlarda, her zaman benzer \u00e7al\u0131\u015fma ko\u015fullar\u0131 alt\u0131nda yap\u0131lan d\u00fczenli \u00f6l\u00e7\u00fcmler sayesinde, veriler toplanabilir ve zaman i\u00e7indeki \u00e7al\u0131\u015fma ko\u015fullar\u0131n\u0131 g\u00f6steren trendler halinde derlenebilir. Bu sayede, daha s\u0131k durum kontrolleri ba\u015flatmak veya planl\u0131 bir duru\u015f i\u00e7in onar\u0131m \u00e7al\u0131\u015fmalar\u0131 planlamak gibi g\u00fcvenilir bak\u0131m kararlar\u0131 alabilirsiniz.\n<br><br>\nBearingChecker, herkes i\u00e7in ekonomik olarak uygulanabilir proaktif bir bak\u0131m yakla\u015f\u0131m\u0131 sunar. Durum izleme konusunda yeni ba\u015flayanlar i\u00e7in veya de\u011ferlendirilmi\u015f ShockPulse \u00f6l\u00e7\u00fcm\u00fc i\u00e7in daha geli\u015fmi\u015f cihazlara ek olarak ideal bir ara\u00e7t\u0131r. \u00d6zel e\u011fitim olmadan, olas\u0131 sorun kaynaklar\u0131, \u0131s\u0131 veya titre\u015fim nedeniyle hasar tespit edilmeden \u00e7ok \u00f6nce tespit edilebilir ve izlenebilir.<\/p>\n                                <\/div>\n        \n        \n                <\/div>\n                <\/a>\n        <\/div>\t\t\t\t<\/div>\n\t\t\t\t<\/div>\n\t\t\t\t<\/div>\n\t\t<div class=\"elementor-element elementor-element-7363c1a6 e-con-full e-flex e-con e-child\" data-id=\"7363c1a6\" data-element_type=\"container\" data-e-type=\"container\" data-settings=\"{&quot;ekit_has_onepagescroll_dot&quot;:&quot;yes&quot;}\">\n\t\t\t\t<div class=\"elementor-element elementor-element-6eccb369 elementor-widget elementor-widget-image\" data-id=\"6eccb369\" data-element_type=\"widget\" data-e-type=\"widget\" data-settings=\"{&quot;ekit_we_effect_on&quot;:&quot;none&quot;}\" data-widget_type=\"image.default\">\n\t\t\t\t<div class=\"elementor-widget-container\">\n\t\t\t\t\t\t\t\t\t\t\t\t\t\t\t<img fetchpriority=\"high\" decoding=\"async\" width=\"800\" height=\"473\" src=\"https:\/\/dorukcbm.com\/wp-content\/uploads\/2025\/08\/bearing-checker-bc200.jpg\" class=\"attachment-large size-large wp-image-1016\" alt=\"\" srcset=\"https:\/\/dorukcbm.com\/wp-content\/uploads\/2025\/08\/bearing-checker-bc200.jpg 869w, https:\/\/dorukcbm.com\/wp-content\/uploads\/2025\/08\/bearing-checker-bc200-300x177.jpg 300w, https:\/\/dorukcbm.com\/wp-content\/uploads\/2025\/08\/bearing-checker-bc200-768x454.jpg 768w\" sizes=\"(max-width: 800px) 100vw, 800px\" \/>\t\t\t\t\t\t\t\t\t\t\t\t\t\t\t<\/div>\n\t\t\t\t<\/div>\n\t\t\t\t<\/div>\n\t\t\t\t\t<\/div>\n\t\t\t\t<\/div>\n\t\t<div class=\"elementor-element elementor-element-f35c389 e-flex e-con-boxed e-con e-parent\" data-id=\"f35c389\" data-element_type=\"container\" data-e-type=\"container\" data-settings=\"{&quot;ekit_has_onepagescroll_dot&quot;:&quot;yes&quot;}\">\n\t\t\t\t\t<div class=\"e-con-inner\">\n\t\t\t\t<div class=\"elementor-element elementor-element-a6e01fa elementor-widget elementor-widget-video\" data-id=\"a6e01fa\" data-element_type=\"widget\" data-e-type=\"widget\" data-settings=\"{&quot;youtube_url&quot;:&quot;https:\\\/\\\/www.youtube.com\\\/watch?v=PMGLOO0D4FE&quot;,&quot;video_type&quot;:&quot;youtube&quot;,&quot;controls&quot;:&quot;yes&quot;,&quot;ekit_we_effect_on&quot;:&quot;none&quot;}\" data-widget_type=\"video.default\">\n\t\t\t\t<div class=\"elementor-widget-container\">\n\t\t\t\t\t\t\t<div class=\"elementor-wrapper elementor-open-inline\">\n\t\t\t<div class=\"elementor-video\"><\/div>\t\t<\/div>\n\t\t\t\t\t\t<\/div>\n\t\t\t\t<\/div>\n\t\t\t\t\t<\/div>\n\t\t\t\t<\/div>\n\t\t<div class=\"elementor-element elementor-element-64bcd6c7 e-flex e-con-boxed e-con e-parent\" data-id=\"64bcd6c7\" data-element_type=\"container\" data-e-type=\"container\" data-settings=\"{&quot;ekit_has_onepagescroll_dot&quot;:&quot;yes&quot;}\">\n\t\t\t\t\t<div class=\"e-con-inner\">\n\t\t<div class=\"elementor-element elementor-element-433690b e-con-full e-grid e-con e-child\" data-id=\"433690b\" data-element_type=\"container\" data-e-type=\"container\" data-settings=\"{&quot;ekit_has_onepagescroll_dot&quot;:&quot;yes&quot;}\">\n\t\t\t\t<div class=\"elementor-element elementor-element-64691f02 ekit-equal-height-disable elementor-widget elementor-widget-elementskit-icon-box\" data-id=\"64691f02\" data-element_type=\"widget\" data-e-type=\"widget\" data-settings=\"{&quot;ekit_we_effect_on&quot;:&quot;none&quot;}\" data-widget_type=\"elementskit-icon-box.default\">\n\t\t\t\t<div class=\"elementor-widget-container\">\n\t\t\t\t\t<div class=\"ekit-wid-con\" >        <!-- link opening -->\n                <!-- end link opening -->\n\n        <div class=\"elementskit-infobox text-left text-left icon-top-align elementor-animation-   \">\n                    <div class=\"elementskit-box-header elementor-animation-\">\n                <div class=\"elementskit-info-box-icon  \">\n                    <svg aria-hidden=\"true\" class=\"elementkit-infobox-icon e-font-icon-svg e-fas-user-friends\" viewBox=\"0 0 640 512\" xmlns=\"http:\/\/www.w3.org\/2000\/svg\"><path d=\"M192 256c61.9 0 112-50.1 112-112S253.9 32 192 32 80 82.1 80 144s50.1 112 112 112zm76.8 32h-8.3c-20.8 10-43.9 16-68.5 16s-47.6-6-68.5-16h-8.3C51.6 288 0 339.6 0 403.2V432c0 26.5 21.5 48 48 48h288c26.5 0 48-21.5 48-48v-28.8c0-63.6-51.6-115.2-115.2-115.2zM480 256c53 0 96-43 96-96s-43-96-96-96-96 43-96 96 43 96 96 96zm48 32h-3.8c-13.9 4.8-28.6 8-44.2 8s-30.3-3.2-44.2-8H432c-20.4 0-39.2 5.9-55.7 15.4 24.4 26.3 39.7 61.2 39.7 99.8v38.4c0 2.2-.5 4.3-.6 6.4H592c26.5 0 48-21.5 48-48 0-61.9-50.1-112-112-112z\"><\/path><\/svg>\n                <\/div>\n          <\/div>\n                        <div class=\"box-body\">\n                            <h3 class=\"elementskit-info-box-title\">\n                    Kullan\u0131c\u0131 dostu                <\/h3>\n                        \t\t  \t<p>BearingChecker, rulman durumunun ilk etapta de\u011ferlendirilmesi i\u00e7in basit ve g\u00fcvenilir bir ara\u00e7t\u0131r. Ayr\u0131ca ya\u011flama ve kavitasyon sorunlar\u0131n\u0131 tespit etmek i\u00e7in de kullan\u0131labilir.<\/p>\n                                <\/div>\n        \n        \n                <\/div>\n        <\/div>\t\t\t\t<\/div>\n\t\t\t\t<\/div>\n\t\t\t\t<div class=\"elementor-element elementor-element-76aacd82 ekit-equal-height-disable elementor-widget elementor-widget-elementskit-icon-box\" data-id=\"76aacd82\" data-element_type=\"widget\" data-e-type=\"widget\" data-settings=\"{&quot;ekit_we_effect_on&quot;:&quot;none&quot;}\" data-widget_type=\"elementskit-icon-box.default\">\n\t\t\t\t<div class=\"elementor-widget-container\">\n\t\t\t\t\t<div class=\"ekit-wid-con\" >        <!-- link opening -->\n                <!-- end link opening -->\n\n        <div class=\"elementskit-infobox text-left text-left icon-top-align elementor-animation-   \">\n                    <div class=\"elementskit-box-header elementor-animation-\">\n                <div class=\"elementskit-info-box-icon  \">\n                    <i aria-hidden=\"true\" class=\"elementkit-infobox-icon icon icon-brain\"><\/i>\n                <\/div>\n          <\/div>\n                        <div class=\"box-body\">\n                            <h3 class=\"elementskit-info-box-title\">\n                    ShockPulse \u00f6l\u00e7\u00fcm\u00fc                <\/h3>\n                        \t\t  \t<p>Cihaz, dahili bir prob veya harici bir d\u00f6n\u00fc\u015ft\u00fcr\u00fcc\u00fc ile ShockPulse seviyelerini \u00f6l\u00e7er. Ayr\u0131ca, makine sesindeki d\u00fczensizlikleri tespit etmek i\u00e7in elektronik bir stetoskop olarak da kullan\u0131labilir.<\/p>\n                                <\/div>\n        \n        \n                <\/div>\n        <\/div>\t\t\t\t<\/div>\n\t\t\t\t<\/div>\n\t\t\t\t<div class=\"elementor-element elementor-element-5aeaf051 ekit-equal-height-disable elementor-widget elementor-widget-elementskit-icon-box\" data-id=\"5aeaf051\" data-element_type=\"widget\" data-e-type=\"widget\" data-settings=\"{&quot;ekit_we_effect_on&quot;:&quot;none&quot;}\" data-widget_type=\"elementskit-icon-box.default\">\n\t\t\t\t<div class=\"elementor-widget-container\">\n\t\t\t\t\t<div class=\"ekit-wid-con\" >        <!-- link opening -->\n                <!-- end link opening -->\n\n        <div class=\"elementskit-infobox text-left text-left icon-top-align elementor-animation-   \">\n                    <div class=\"elementskit-box-header elementor-animation-\">\n                <div class=\"elementskit-info-box-icon  \">\n                    <svg aria-hidden=\"true\" class=\"elementkit-infobox-icon e-font-icon-svg e-fas-hard-hat\" viewBox=\"0 0 512 512\" xmlns=\"http:\/\/www.w3.org\/2000\/svg\"><path d=\"M480 288c0-80.25-49.28-148.92-119.19-177.62L320 192V80a16 16 0 0 0-16-16h-96a16 16 0 0 0-16 16v112l-40.81-81.62C81.28 139.08 32 207.75 32 288v64h448zm16 96H16a16 16 0 0 0-16 16v32a16 16 0 0 0 16 16h480a16 16 0 0 0 16-16v-32a16 16 0 0 0-16-16z\"><\/path><\/svg>\n                <\/div>\n          <\/div>\n                        <div class=\"box-body\">\n                            <h3 class=\"elementskit-info-box-title\">\n                    Sa\u011flam tasar\u0131m                <\/h3>\n                        \t\t  \t<p>IP65 koruma s\u0131n\u0131f\u0131na sahip BearingChecker, \u00e7o\u011fu end\u00fcstride kar\u015f\u0131la\u015f\u0131lan \u00e7evre ko\u015fullar\u0131 alt\u0131nda pompalar\u0131n, di\u015fli kutular\u0131n\u0131n ve fanlar\u0131n mekanik durumunu kontrol etmek i\u00e7in kullan\u0131labilir.<\/p>\n                                <\/div>\n        \n        \n                <\/div>\n        <\/div>\t\t\t\t<\/div>\n\t\t\t\t<\/div>\n\t\t\t\t<\/div>\n\t\t\t\t\t<\/div>\n\t\t\t\t<\/div>\n\t\t<div class=\"elementor-element elementor-element-92f62fb e-flex e-con-boxed e-con e-parent\" data-id=\"92f62fb\" data-element_type=\"container\" data-e-type=\"container\" data-settings=\"{&quot;ekit_has_onepagescroll_dot&quot;:&quot;yes&quot;}\">\n\t\t\t\t\t<div class=\"e-con-inner\">\n\t\t\t\t<div class=\"elementor-element elementor-element-6f7e388a elementor-widget elementor-widget-elementskit-heading\" data-id=\"6f7e388a\" data-element_type=\"widget\" data-e-type=\"widget\" data-settings=\"{&quot;ekit_we_effect_on&quot;:&quot;none&quot;}\" data-widget_type=\"elementskit-heading.default\">\n\t\t\t\t<div class=\"elementor-widget-container\">\n\t\t\t\t\t<div class=\"ekit-wid-con\" ><div class=\"ekit-heading elementskit-section-title-wraper text_center   ekit_heading_tablet-   ekit_heading_mobile-\"><h2 class=\"ekit-heading--title elementskit-section-title \">D\u00f6k\u00fcmanlar<\/h2><\/div><\/div>\t\t\t\t<\/div>\n\t\t\t\t<\/div>\n\t\t<div class=\"elementor-element elementor-element-4249417e e-con-full e-grid e-con e-child\" data-id=\"4249417e\" data-element_type=\"container\" data-e-type=\"container\" data-settings=\"{&quot;ekit_has_onepagescroll_dot&quot;:&quot;yes&quot;}\">\n\t\t\t\t<div class=\"elementor-element elementor-element-6c3d9006 elementor-widget elementor-widget-elementskit-team\" data-id=\"6c3d9006\" data-element_type=\"widget\" data-e-type=\"widget\" data-settings=\"{&quot;ekit_we_effect_on&quot;:&quot;none&quot;}\" data-widget_type=\"elementskit-team.default\">\n\t\t\t\t<div class=\"elementor-widget-container\">\n\t\t\t\t\t<div class=\"ekit-wid-con\">\n\t\t\t\t\t\t\t\t\t\t\t\t\t\t\t\t\t\t\t <div class=\"image-card-v2 style-circle\"> \t\t\t\t\t<div class=\"profile-image-card elementor-animation- ekit-team-img ekit-team-style-overlay_circle_hover text-center\">\n\n\t\t\t\t\t\t\t\t\t\t\t\t\t<img decoding=\"async\" width=\"410\" height=\"339\" src=\"https:\/\/dorukcbm.com\/wp-content\/uploads\/2025\/08\/bcCat.jpg\" class=\"attachment-full size-full wp-image-1023\" alt=\"\" srcset=\"https:\/\/dorukcbm.com\/wp-content\/uploads\/2025\/08\/bcCat.jpg 410w, https:\/\/dorukcbm.com\/wp-content\/uploads\/2025\/08\/bcCat-300x248.jpg 300w\" sizes=\"(max-width: 410px) 100vw, 410px\" \/>\t\t\t\t\t\t\t\t\t\t\t\t<div class=\"hover-area\">\n\t\t\t\t\t\t\t<div class=\"profile-body\">\n\t\t\t\t\t\t\t\t<h2 class=\"profile-title\">\n\t\t\t\t\t\t\t\t\t\t\t\t\t\t\t\t\tBro\u015f\u00fcr\t\t\t\t\t\t\t\t\t\t\t\t\t\t\t\t<\/h2>\n\t\t\t\t\t\t\t\t<p class=\"profile-designation\">PDF<\/p>\n\t\t\t\t\t\t\t\t\t\t\t\t\t\t\t<\/div>\n\t\t\t\t\t\t\t\t\t\t\t\t\t\t\t<div class=\"profile-footer\">\n\t\t\t\t\t\t\t\t\t<ul class=\"ekit-team-social-list\">\n\t\t\t<li class=\"elementor-repeater-item-c0e1839\">\n\t\t\t<a href=\"https:\/\/dorukcbm.com\/wp-content\/uploads\/2025\/08\/72221B_BC_flyer.pdf\" target=\"_blank\" aria-label=\"download\">\n\t\t\t\t<svg aria-hidden=\"true\" class=\"e-font-icon-svg e-far-arrow-alt-circle-down\" viewBox=\"0 0 512 512\" xmlns=\"http:\/\/www.w3.org\/2000\/svg\"><path d=\"M256 8C119 8 8 119 8 256s111 248 248 248 248-111 248-248S393 8 256 8zm0 448c-110.5 0-200-89.5-200-200S145.5 56 256 56s200 89.5 200 200-89.5 200-200 200zm-32-316v116h-67c-10.7 0-16 12.9-8.5 20.5l99 99c4.7 4.7 12.3 4.7 17 0l99-99c7.6-7.6 2.2-20.5-8.5-20.5h-67V140c0-6.6-5.4-12-12-12h-40c-6.6 0-12 5.4-12 12z\"><\/path><\/svg>\t\t\t<\/a>\n\t\t<\/li>\n\t<\/ul>\n\t\t\t\t\t\t\t\t<\/div>\n\t\t\t\t\t\t\t\t\t\t\t\t\t<\/div>\n\t\t\t\t\t<\/div>\n\t\t\t\t\t <\/div> \n\t\t\t\t\n\t\t\t\t<\/div>\t\t\t\t<\/div>\n\t\t\t\t<\/div>\n\t\t\t\t<div class=\"elementor-element elementor-element-cb395af elementor-widget elementor-widget-elementskit-team\" data-id=\"cb395af\" data-element_type=\"widget\" data-e-type=\"widget\" data-settings=\"{&quot;ekit_we_effect_on&quot;:&quot;none&quot;}\" data-widget_type=\"elementskit-team.default\">\n\t\t\t\t<div class=\"elementor-widget-container\">\n\t\t\t\t\t<div class=\"ekit-wid-con\">\n\t\t\t\t\t\t\t\t\t\t\t\t\t\t\t\t\t\t\t <div class=\"image-card-v2 style-circle\"> \t\t\t\t\t<div class=\"profile-image-card elementor-animation- ekit-team-img ekit-team-style-overlay_circle_hover text-center\">\n\n\t\t\t\t\t\t\t\t\t\t\t\t\t<img decoding=\"async\" width=\"410\" height=\"339\" src=\"https:\/\/dorukcbm.com\/wp-content\/uploads\/2025\/08\/bcCat.jpg\" class=\"attachment-full size-full wp-image-1023\" alt=\"\" srcset=\"https:\/\/dorukcbm.com\/wp-content\/uploads\/2025\/08\/bcCat.jpg 410w, https:\/\/dorukcbm.com\/wp-content\/uploads\/2025\/08\/bcCat-300x248.jpg 300w\" sizes=\"(max-width: 410px) 100vw, 410px\" \/>\t\t\t\t\t\t\t\t\t\t\t\t<div class=\"hover-area\">\n\t\t\t\t\t\t\t<div class=\"profile-body\">\n\t\t\t\t\t\t\t\t<h2 class=\"profile-title\">\n\t\t\t\t\t\t\t\t\t\t\t\t\t\t\t\t\tDataSheet\t\t\t\t\t\t\t\t\t\t\t\t\t\t\t\t<\/h2>\n\t\t\t\t\t\t\t\t<p class=\"profile-designation\">PDF<\/p>\n\t\t\t\t\t\t\t\t\t\t\t\t\t\t\t<\/div>\n\t\t\t\t\t\t\t\t\t\t\t\t\t\t\t<div class=\"profile-footer\">\n\t\t\t\t\t\t\t\t\t<ul class=\"ekit-team-social-list\">\n\t\t\t<li class=\"elementor-repeater-item-c0e1839\">\n\t\t\t<a href=\"https:\/\/dorukcbm.com\/wp-content\/uploads\/2025\/08\/TD554B.pdf\" target=\"_blank\" aria-label=\"download\">\n\t\t\t\t<svg aria-hidden=\"true\" class=\"e-font-icon-svg e-far-arrow-alt-circle-down\" viewBox=\"0 0 512 512\" xmlns=\"http:\/\/www.w3.org\/2000\/svg\"><path d=\"M256 8C119 8 8 119 8 256s111 248 248 248 248-111 248-248S393 8 256 8zm0 448c-110.5 0-200-89.5-200-200S145.5 56 256 56s200 89.5 200 200-89.5 200-200 200zm-32-316v116h-67c-10.7 0-16 12.9-8.5 20.5l99 99c4.7 4.7 12.3 4.7 17 0l99-99c7.6-7.6 2.2-20.5-8.5-20.5h-67V140c0-6.6-5.4-12-12-12h-40c-6.6 0-12 5.4-12 12z\"><\/path><\/svg>\t\t\t<\/a>\n\t\t<\/li>\n\t<\/ul>\n\t\t\t\t\t\t\t\t<\/div>\n\t\t\t\t\t\t\t\t\t\t\t\t\t<\/div>\n\t\t\t\t\t<\/div>\n\t\t\t\t\t <\/div> \n\t\t\t\t\n\t\t\t\t<\/div>\t\t\t\t<\/div>\n\t\t\t\t<\/div>\n\t\t\t\t<\/div>\n\t\t\t\t\t<\/div>\n\t\t\t\t<\/div>\n\t\t\t\t<\/div>\n\t\t","protected":false},"excerpt":{"rendered":"<p>BearingChecker ile ShockPulse \u00f6l\u00e7\u00fcm\u00fc Rulman hasar\u0131, makine ar\u0131zalar\u0131n\u0131n s\u0131k g\u00f6r\u00fclen bir nedenidir, ancak d\u00fczeltici bak\u0131m i\u00e7in sorunlar\u0131 zaman\u0131nda tespit etmek genellikle m\u00fcmk\u00fcnd\u00fcr. Ar\u0131zalar\u0131n zaman\u0131nda tahmin edilmesi ve tespiti, ekipman ve bile\u015fen g\u00fcvenilirli\u011fini art\u0131rman\u0131n ve i\u015fletme maliyetlerini d\u00fc\u015f\u00fcrmenin anahtar\u0131d\u0131r. Rulman durumunun d\u00fczenli olarak kontrol edilmesi, plans\u0131z duru\u015flar\u0131 ve gereksiz onar\u0131m \u00e7al\u0131\u015fmalar\u0131n\u0131 \u00f6nemli \u00f6l\u00e7\u00fcde azaltabilir. BearingChecker ne [&hellip;]<\/p>\n","protected":false},"author":1,"featured_media":0,"parent":0,"menu_order":0,"comment_status":"closed","ping_status":"closed","template":"","meta":{"footnotes":""},"class_list":["post-932","page","type-page","status-publish","hentry"],"_links":{"self":[{"href":"https:\/\/dorukcbm.com\/index.php?rest_route=\/wp\/v2\/pages\/932","targetHints":{"allow":["GET"]}}],"collection":[{"href":"https:\/\/dorukcbm.com\/index.php?rest_route=\/wp\/v2\/pages"}],"about":[{"href":"https:\/\/dorukcbm.com\/index.php?rest_route=\/wp\/v2\/types\/page"}],"author":[{"embeddable":true,"href":"https:\/\/dorukcbm.com\/index.php?rest_route=\/wp\/v2\/users\/1"}],"replies":[{"embeddable":true,"href":"https:\/\/dorukcbm.com\/index.php?rest_route=%2Fwp%2Fv2%2Fcomments&post=932"}],"version-history":[{"count":0,"href":"https:\/\/dorukcbm.com\/index.php?rest_route=\/wp\/v2\/pages\/932\/revisions"}],"wp:attachment":[{"href":"https:\/\/dorukcbm.com\/index.php?rest_route=%2Fwp%2Fv2%2Fmedia&parent=932"}],"curies":[{"name":"wp","href":"https:\/\/api.w.org\/{rel}","templated":true}]}}